{"id":3265,"date":"2018-10-09T09:07:08","date_gmt":"2018-10-09T06:07:08","guid":{"rendered":"https:\/\/www.aimtec.fi\/?page_id=3265"},"modified":"2019-02-04T15:45:58","modified_gmt":"2019-02-04T13:45:58","slug":"comark-px22l-puikkoanturi","status":"publish","type":"page","link":"https:\/\/aimtec.fi\/en\/mittausanturit\/comark-px22l-puikkoanturi\/","title":{"rendered":"COMARK &#8211; PX22L puikkoanturi"},"content":{"rendered":"<p>PX22L puikkoanturi on suunniteltu l\u00e4mp\u00f6tilan mittaamiseen elintarvikkeesta. Vakiomallissa on valkoinen anturikahva. Anturia saa my\u00f6s punaisella, vihre\u00e4ll\u00e4 ja sinisell\u00e4 kahvalla, jos halutaan v\u00e4rikoodata eri HACCP mittaukset. K\u00e4ytet\u00e4\u00e4n mm. <a href=\"https:\/\/aimtec.fi\/en\/lampotilamittarit\/comark-c22-elintarvikelampomittari\/\">Comark C22 l\u00e4mp\u00f6mittarin<\/a> kanssa.<\/p>","protected":false},"excerpt":{"rendered":"<p>PX22L puikkoanturi on suunniteltu l\u00e4mp\u00f6tilan mittaamiseen elintarvikkeesta. Vakiomallissa on valkoinen anturikahva. Anturia saa my\u00f6s punaisella, vihre\u00e4ll\u00e4 ja sinisell\u00e4 kahvalla, jos halutaan v\u00e4rikoodata eri HACCP mittaukset. K\u00e4ytet\u00e4\u00e4n mm. Comark C22 l\u00e4mp\u00f6mittarin kanssa.<\/p>","protected":false},"author":5,"featured_media":4231,"parent":3128,"menu_order":0,"comment_status":"closed","ping_status":"closed","template":"tuote.php","meta":{"_acf_changed":false,"_seopress_robots_primary_cat":"","_seopress_titles_title":"","_seopress_titles_desc":"","_seopress_robots_index":"","_et_pb_use_builder":"","_et_pb_old_content":"","_et_gb_content_width":"","inline_featured_image":false,"footnotes":"","_links_to":"","_links_to_target":""},"categories":[],"tags":[],"class_list":["post-3265","page","type-page","status-publish","has-post-thumbnail","hentry"],"acf":[],"_links":{"self":[{"href":"https:\/\/aimtec.fi\/en\/wp-json\/wp\/v2\/pages\/3265","targetHints":{"allow":["GET"]}}],"collection":[{"href":"https:\/\/aimtec.fi\/en\/wp-json\/wp\/v2\/pages"}],"about":[{"href":"https:\/\/aimtec.fi\/en\/wp-json\/wp\/v2\/types\/page"}],"author":[{"embeddable":true,"href":"https:\/\/aimtec.fi\/en\/wp-json\/wp\/v2\/users\/5"}],"replies":[{"embeddable":true,"href":"https:\/\/aimtec.fi\/en\/wp-json\/wp\/v2\/comments?post=3265"}],"version-history":[{"count":6,"href":"https:\/\/aimtec.fi\/en\/wp-json\/wp\/v2\/pages\/3265\/revisions"}],"predecessor-version":[{"id":4235,"href":"https:\/\/aimtec.fi\/en\/wp-json\/wp\/v2\/pages\/3265\/revisions\/4235"}],"up":[{"embeddable":true,"href":"https:\/\/aimtec.fi\/en\/wp-json\/wp\/v2\/pages\/3128"}],"wp:featuredmedia":[{"embeddable":true,"href":"https:\/\/aimtec.fi\/en\/wp-json\/wp\/v2\/media\/4231"}],"wp:attachment":[{"href":"https:\/\/aimtec.fi\/en\/wp-json\/wp\/v2\/media?parent=3265"}],"wp:term":[{"taxonomy":"category","embeddable":true,"href":"https:\/\/aimtec.fi\/en\/wp-json\/wp\/v2\/categories?post=3265"},{"taxonomy":"post_tag","embeddable":true,"href":"https:\/\/aimtec.fi\/en\/wp-json\/wp\/v2\/tags?post=3265"}],"curies":[{"name":"wp","href":"https:\/\/api.w.org\/{rel}","templated":true}]}}