{"id":3271,"date":"2018-10-09T09:10:05","date_gmt":"2018-10-09T06:10:05","guid":{"rendered":"https:\/\/www.aimtec.fi\/?page_id=3271"},"modified":"2019-02-07T08:38:11","modified_gmt":"2019-02-07T06:38:11","slug":"comark-sk25m-pintamittausanturi","status":"publish","type":"page","link":"https:\/\/aimtec.fi\/en\/mittausanturit\/comark-sk25m-pintamittausanturi\/","title":{"rendered":"COMARK &#8211; SK25M korkean l\u00e4mp\u00f6tilan pinta-anturi, kulmamalli"},"content":{"rendered":"<p>SK25M anturia k\u00e4ytet\u00e4\u00e4n korkeiden pintal\u00e4mp\u00f6tilojen (max +650\u00b0C) mittaamiseen. Kontaktip\u00e4\u00e4 on 90\u00b0 kulmassa suhteessa anturivarteen. Sopii mm. <a href=\"https:\/\/aimtec.fi\/en\/lampotilamittarit\/comark-c28-lampomittari\/\">Comark C28 l\u00e4mp\u00f6mittariin<\/a>.<\/p>","protected":false},"excerpt":{"rendered":"<p>SK25M anturia k\u00e4ytet\u00e4\u00e4n korkeiden pintal\u00e4mp\u00f6tilojen (max +650\u00b0C) mittaamiseen. Kontaktip\u00e4\u00e4 on 90\u00b0 kulmassa suhteessa anturivarteen. Sopii mm. Comark C28 l\u00e4mp\u00f6mittariin.<\/p>","protected":false},"author":5,"featured_media":4245,"parent":3128,"menu_order":0,"comment_status":"closed","ping_status":"closed","template":"tuote.php","meta":{"_acf_changed":false,"_seopress_robots_primary_cat":"","_seopress_titles_title":"","_seopress_titles_desc":"","_seopress_robots_index":"","_et_pb_use_builder":"","_et_pb_old_content":"","_et_gb_content_width":"","inline_featured_image":false,"footnotes":"","_links_to":"","_links_to_target":""},"categories":[],"tags":[],"class_list":["post-3271","page","type-page","status-publish","has-post-thumbnail","hentry"],"acf":[],"_links":{"self":[{"href":"https:\/\/aimtec.fi\/en\/wp-json\/wp\/v2\/pages\/3271","targetHints":{"allow":["GET"]}}],"collection":[{"href":"https:\/\/aimtec.fi\/en\/wp-json\/wp\/v2\/pages"}],"about":[{"href":"https:\/\/aimtec.fi\/en\/wp-json\/wp\/v2\/types\/page"}],"author":[{"embeddable":true,"href":"https:\/\/aimtec.fi\/en\/wp-json\/wp\/v2\/users\/5"}],"replies":[{"embeddable":true,"href":"https:\/\/aimtec.fi\/en\/wp-json\/wp\/v2\/comments?post=3271"}],"version-history":[{"count":5,"href":"https:\/\/aimtec.fi\/en\/wp-json\/wp\/v2\/pages\/3271\/revisions"}],"predecessor-version":[{"id":4248,"href":"https:\/\/aimtec.fi\/en\/wp-json\/wp\/v2\/pages\/3271\/revisions\/4248"}],"up":[{"embeddable":true,"href":"https:\/\/aimtec.fi\/en\/wp-json\/wp\/v2\/pages\/3128"}],"wp:featuredmedia":[{"embeddable":true,"href":"https:\/\/aimtec.fi\/en\/wp-json\/wp\/v2\/media\/4245"}],"wp:attachment":[{"href":"https:\/\/aimtec.fi\/en\/wp-json\/wp\/v2\/media?parent=3271"}],"wp:term":[{"taxonomy":"category","embeddable":true,"href":"https:\/\/aimtec.fi\/en\/wp-json\/wp\/v2\/categories?post=3271"},{"taxonomy":"post_tag","embeddable":true,"href":"https:\/\/aimtec.fi\/en\/wp-json\/wp\/v2\/tags?post=3271"}],"curies":[{"name":"wp","href":"https:\/\/api.w.org\/{rel}","templated":true}]}}