{"id":3279,"date":"2018-10-09T09:13:21","date_gmt":"2018-10-09T06:13:21","guid":{"rendered":"https:\/\/www.aimtec.fi\/?page_id=3279"},"modified":"2020-07-17T13:45:24","modified_gmt":"2020-07-17T10:45:24","slug":"comark-sx23l-pintamittausanturi","status":"publish","type":"page","link":"https:\/\/aimtec.fi\/en\/mittausanturit\/comark-sx23l-pintamittausanturi\/","title":{"rendered":"COMARK &#8211; SX23L anturi, l\u00e4mp\u00f6tilamittaus pakkausten v\u00e4list\u00e4"},"content":{"rendered":"<p>SX23L anturi on suunniteltu l\u00e4mp\u00f6tilamittaukseen elintarvikepakkausten v\u00e4list\u00e4. Mittaussensori sijaitsee anturin litte\u00e4ss\u00e4 kontaktip\u00e4\u00e4ss\u00e4. K\u00e4ytet\u00e4\u00e4n mm. <a href=\"https:\/\/aimtec.fi\/en\/lampotilamittarit\/01-comark-c42c-elintarvikelampomittari\/\" target=\"_blank\" rel=\"noopener noreferrer\">Comark C42C mittarin<\/a> kanssa.<\/p>","protected":false},"excerpt":{"rendered":"<p>SX23L anturi on suunniteltu l\u00e4mp\u00f6tilamittaukseen elintarvikepakkausten v\u00e4list\u00e4. Mittaussensori sijaitsee anturin litte\u00e4ss\u00e4 kontaktip\u00e4\u00e4ss\u00e4. K\u00e4ytet\u00e4\u00e4n mm. Comark C42C mittarin kanssa.<\/p>","protected":false},"author":5,"featured_media":4266,"parent":3128,"menu_order":0,"comment_status":"closed","ping_status":"closed","template":"tuote.php","meta":{"_acf_changed":false,"_seopress_robots_primary_cat":"","_seopress_titles_title":"","_seopress_titles_desc":"","_seopress_robots_index":"","_et_pb_use_builder":"","_et_pb_old_content":"","_et_gb_content_width":"","inline_featured_image":false,"footnotes":"","_links_to":"","_links_to_target":""},"categories":[],"tags":[],"class_list":["post-3279","page","type-page","status-publish","has-post-thumbnail","hentry"],"acf":[],"_links":{"self":[{"href":"https:\/\/aimtec.fi\/en\/wp-json\/wp\/v2\/pages\/3279","targetHints":{"allow":["GET"]}}],"collection":[{"href":"https:\/\/aimtec.fi\/en\/wp-json\/wp\/v2\/pages"}],"about":[{"href":"https:\/\/aimtec.fi\/en\/wp-json\/wp\/v2\/types\/page"}],"author":[{"embeddable":true,"href":"https:\/\/aimtec.fi\/en\/wp-json\/wp\/v2\/users\/5"}],"replies":[{"embeddable":true,"href":"https:\/\/aimtec.fi\/en\/wp-json\/wp\/v2\/comments?post=3279"}],"version-history":[{"count":8,"href":"https:\/\/aimtec.fi\/en\/wp-json\/wp\/v2\/pages\/3279\/revisions"}],"predecessor-version":[{"id":7013,"href":"https:\/\/aimtec.fi\/en\/wp-json\/wp\/v2\/pages\/3279\/revisions\/7013"}],"up":[{"embeddable":true,"href":"https:\/\/aimtec.fi\/en\/wp-json\/wp\/v2\/pages\/3128"}],"wp:featuredmedia":[{"embeddable":true,"href":"https:\/\/aimtec.fi\/en\/wp-json\/wp\/v2\/media\/4266"}],"wp:attachment":[{"href":"https:\/\/aimtec.fi\/en\/wp-json\/wp\/v2\/media?parent=3279"}],"wp:term":[{"taxonomy":"category","embeddable":true,"href":"https:\/\/aimtec.fi\/en\/wp-json\/wp\/v2\/categories?post=3279"},{"taxonomy":"post_tag","embeddable":true,"href":"https:\/\/aimtec.fi\/en\/wp-json\/wp\/v2\/tags?post=3279"}],"curies":[{"name":"wp","href":"https:\/\/api.w.org\/{rel}","templated":true}]}}