{"id":3296,"date":"2018-10-09T09:20:51","date_gmt":"2018-10-09T06:20:51","guid":{"rendered":"https:\/\/www.aimtec.fi\/?page_id=3296"},"modified":"2019-02-04T09:59:07","modified_gmt":"2019-02-04T07:59:07","slug":"comark-ik23m-puikkoanturi","status":"publish","type":"page","link":"https:\/\/aimtec.fi\/en\/mittausanturit\/comark-ik23m-puikkoanturi\/","title":{"rendered":"COMARK &#8211; IK23M upotusanturi, pitk\u00e4 anturiosa"},"content":{"rendered":"<div class=\"field field-name-body field-type-text-with-summary field-label-hidden\">\n<div class=\"field-items\">\n<div class=\"field-item even\">\n<p>Anturi sopii Comarkin ja muiden valmistajien l\u00e4mp\u00f6mittareihin, joissa k\u00e4ytet\u00e4\u00e4n K-tyypin termoparianturia miniatyyriliit\u00e4nn\u00e4ll\u00e4. Sopii mm. <a href=\"https:\/\/aimtec.fi\/en\/lampotilamittarit\/comark-c28-lampomittari\/\">Comarkin C28 mittariin<\/a>. Laaja mittausalue -100 \u2026 +850\u00b0C. Anturiosan pituus 300 mm.<\/p>\n<\/div>\n<\/div>\n<\/div>\n<div class=\"field field-name-field-tekniset-tiedot field-type-text-with-summary field-label-above\"><\/div>","protected":false},"excerpt":{"rendered":"<p>Anturi sopii Comarkin ja muiden valmistajien l\u00e4mp\u00f6mittareihin, joissa k\u00e4ytet\u00e4\u00e4n K-tyypin termoparianturia miniatyyriliit\u00e4nn\u00e4ll\u00e4. Sopii mm. Comarkin C28 mittariin. Laaja mittausalue -100 \u2026 +850\u00b0C. Anturiosan pituus 300 mm.<\/p>","protected":false},"author":5,"featured_media":3297,"parent":3128,"menu_order":0,"comment_status":"closed","ping_status":"closed","template":"tuote.php","meta":{"_acf_changed":false,"_seopress_robots_primary_cat":"","_seopress_titles_title":"","_seopress_titles_desc":"","_seopress_robots_index":"","_et_pb_use_builder":"","_et_pb_old_content":"","_et_gb_content_width":"","inline_featured_image":false,"footnotes":"","_links_to":"","_links_to_target":""},"categories":[],"tags":[],"class_list":["post-3296","page","type-page","status-publish","has-post-thumbnail","hentry"],"acf":[],"_links":{"self":[{"href":"https:\/\/aimtec.fi\/en\/wp-json\/wp\/v2\/pages\/3296","targetHints":{"allow":["GET"]}}],"collection":[{"href":"https:\/\/aimtec.fi\/en\/wp-json\/wp\/v2\/pages"}],"about":[{"href":"https:\/\/aimtec.fi\/en\/wp-json\/wp\/v2\/types\/page"}],"author":[{"embeddable":true,"href":"https:\/\/aimtec.fi\/en\/wp-json\/wp\/v2\/users\/5"}],"replies":[{"embeddable":true,"href":"https:\/\/aimtec.fi\/en\/wp-json\/wp\/v2\/comments?post=3296"}],"version-history":[{"count":7,"href":"https:\/\/aimtec.fi\/en\/wp-json\/wp\/v2\/pages\/3296\/revisions"}],"predecessor-version":[{"id":4198,"href":"https:\/\/aimtec.fi\/en\/wp-json\/wp\/v2\/pages\/3296\/revisions\/4198"}],"up":[{"embeddable":true,"href":"https:\/\/aimtec.fi\/en\/wp-json\/wp\/v2\/pages\/3128"}],"wp:featuredmedia":[{"embeddable":true,"href":"https:\/\/aimtec.fi\/en\/wp-json\/wp\/v2\/media\/3297"}],"wp:attachment":[{"href":"https:\/\/aimtec.fi\/en\/wp-json\/wp\/v2\/media?parent=3296"}],"wp:term":[{"taxonomy":"category","embeddable":true,"href":"https:\/\/aimtec.fi\/en\/wp-json\/wp\/v2\/categories?post=3296"},{"taxonomy":"post_tag","embeddable":true,"href":"https:\/\/aimtec.fi\/en\/wp-json\/wp\/v2\/tags?post=3296"}],"curies":[{"name":"wp","href":"https:\/\/api.w.org\/{rel}","templated":true}]}}