{"id":3303,"date":"2018-10-09T09:23:29","date_gmt":"2018-10-09T06:23:29","guid":{"rendered":"https:\/\/www.aimtec.fi\/?page_id=3303"},"modified":"2019-02-04T11:47:08","modified_gmt":"2019-02-04T09:47:08","slug":"comark-pt29l-korkkiruuvianturi","status":"publish","type":"page","link":"https:\/\/aimtec.fi\/en\/mittausanturit\/comark-pt29l-korkkiruuvianturi\/","title":{"rendered":"COMARK &#8211; PT29L korkkiruuvianturi mm. pakasteille"},"content":{"rendered":"<div class=\"field field-name-body field-type-text-with-summary field-label-hidden\">\n<div class=\"field-items\">\n<div class=\"field-item even\">\n<p>PT26L korkkiruuvianturi on tarkoitettu pakasteiden ja muiden puolikiinteiden materiaalien l\u00e4mp\u00f6tilan mittaukseen. K\u00e4ytet\u00e4\u00e4n mm. <a href=\"https:\/\/aimtec.fi\/en\/lampotilamittarit\/comark-c22-elintarvikelampomittari\/\">Comark C22 l\u00e4mp\u00f6mittarin<\/a> kanssa.<\/p>\n<\/div>\n<\/div>\n<\/div>\n<div class=\"field field-name-field-tekniset-tiedot field-type-text-with-summary field-label-above\"><\/div>","protected":false},"excerpt":{"rendered":"<p>PT26L korkkiruuvianturi on tarkoitettu pakasteiden ja muiden puolikiinteiden materiaalien l\u00e4mp\u00f6tilan mittaukseen. K\u00e4ytet\u00e4\u00e4n mm. Comark C22 l\u00e4mp\u00f6mittarin kanssa.<\/p>","protected":false},"author":5,"featured_media":4217,"parent":3128,"menu_order":0,"comment_status":"closed","ping_status":"closed","template":"tuote.php","meta":{"_acf_changed":false,"_seopress_robots_primary_cat":"","_seopress_titles_title":"","_seopress_titles_desc":"","_seopress_robots_index":"","_et_pb_use_builder":"","_et_pb_old_content":"","_et_gb_content_width":"","inline_featured_image":false,"footnotes":"","_links_to":"","_links_to_target":""},"categories":[],"tags":[],"class_list":["post-3303","page","type-page","status-publish","has-post-thumbnail","hentry"],"acf":[],"_links":{"self":[{"href":"https:\/\/aimtec.fi\/en\/wp-json\/wp\/v2\/pages\/3303","targetHints":{"allow":["GET"]}}],"collection":[{"href":"https:\/\/aimtec.fi\/en\/wp-json\/wp\/v2\/pages"}],"about":[{"href":"https:\/\/aimtec.fi\/en\/wp-json\/wp\/v2\/types\/page"}],"author":[{"embeddable":true,"href":"https:\/\/aimtec.fi\/en\/wp-json\/wp\/v2\/users\/5"}],"replies":[{"embeddable":true,"href":"https:\/\/aimtec.fi\/en\/wp-json\/wp\/v2\/comments?post=3303"}],"version-history":[{"count":5,"href":"https:\/\/aimtec.fi\/en\/wp-json\/wp\/v2\/pages\/3303\/revisions"}],"predecessor-version":[{"id":4221,"href":"https:\/\/aimtec.fi\/en\/wp-json\/wp\/v2\/pages\/3303\/revisions\/4221"}],"up":[{"embeddable":true,"href":"https:\/\/aimtec.fi\/en\/wp-json\/wp\/v2\/pages\/3128"}],"wp:featuredmedia":[{"embeddable":true,"href":"https:\/\/aimtec.fi\/en\/wp-json\/wp\/v2\/media\/4217"}],"wp:attachment":[{"href":"https:\/\/aimtec.fi\/en\/wp-json\/wp\/v2\/media?parent=3303"}],"wp:term":[{"taxonomy":"category","embeddable":true,"href":"https:\/\/aimtec.fi\/en\/wp-json\/wp\/v2\/categories?post=3303"},{"taxonomy":"post_tag","embeddable":true,"href":"https:\/\/aimtec.fi\/en\/wp-json\/wp\/v2\/tags?post=3303"}],"curies":[{"name":"wp","href":"https:\/\/api.w.org\/{rel}","templated":true}]}}