{"id":3324,"date":"2018-10-09T09:31:47","date_gmt":"2018-10-09T06:31:47","guid":{"rendered":"https:\/\/www.aimtec.fi\/?page_id=3324"},"modified":"2019-02-04T09:33:41","modified_gmt":"2019-02-04T07:33:41","slug":"comark-ax24l-taipuisa-anturi","status":"publish","type":"page","link":"https:\/\/aimtec.fi\/en\/mittausanturit\/comark-ax24l-taipuisa-anturi\/","title":{"rendered":"COMARK &#8211; AX24L taipuisa ilma-anturi"},"content":{"rendered":"<div class=\"field field-name-body field-type-text-with-summary field-label-hidden\">\n<div class=\"field-items\">\n<div class=\"field-item even\">\n<p>Anturi liitett\u00e4viss\u00e4 Comarkin l\u00e4mp\u00f6mittareihin, joissa on lumberg-liit\u00e4nt\u00e4, mm. <a href=\"https:\/\/aimtec.fi\/en\/lampotilamittarit\/comark-c22-elintarvikelampomittari\/\">Comark C22 l\u00e4mp\u00f6mittariin<\/a>. Soveltuu erityisesti elintarvikkeille (mm. mittaukset pakastealtaista ja kylm\u00e4kaapeista). Lanka-anturin vakiopituus 1 m, saatavana my\u00f6s 3 m, 5 m ja 10 m pituisena.<\/p>\n<\/div>\n<\/div>\n<\/div>\n<div class=\"field field-name-field-tekniset-tiedot field-type-text-with-summary field-label-above\"><\/div>","protected":false},"excerpt":{"rendered":"<p>Anturi liitett\u00e4viss\u00e4 Comarkin l\u00e4mp\u00f6mittareihin, joissa on lumberg-liit\u00e4nt\u00e4, mm. Comark C22 l\u00e4mp\u00f6mittariin. Soveltuu erityisesti elintarvikkeille (mm. mittaukset pakastealtaista ja kylm\u00e4kaapeista). Lanka-anturin vakiopituus 1 m, saatavana my\u00f6s 3 m, 5 m ja 10 m pituisena.<\/p>","protected":false},"author":5,"featured_media":4182,"parent":3128,"menu_order":0,"comment_status":"closed","ping_status":"closed","template":"tuote.php","meta":{"_acf_changed":false,"_seopress_robots_primary_cat":"","_seopress_titles_title":"","_seopress_titles_desc":"","_seopress_robots_index":"","_et_pb_use_builder":"","_et_pb_old_content":"","_et_gb_content_width":"","inline_featured_image":false,"footnotes":"","_links_to":"","_links_to_target":""},"categories":[],"tags":[],"class_list":["post-3324","page","type-page","status-publish","has-post-thumbnail","hentry"],"acf":[],"_links":{"self":[{"href":"https:\/\/aimtec.fi\/en\/wp-json\/wp\/v2\/pages\/3324","targetHints":{"allow":["GET"]}}],"collection":[{"href":"https:\/\/aimtec.fi\/en\/wp-json\/wp\/v2\/pages"}],"about":[{"href":"https:\/\/aimtec.fi\/en\/wp-json\/wp\/v2\/types\/page"}],"author":[{"embeddable":true,"href":"https:\/\/aimtec.fi\/en\/wp-json\/wp\/v2\/users\/5"}],"replies":[{"embeddable":true,"href":"https:\/\/aimtec.fi\/en\/wp-json\/wp\/v2\/comments?post=3324"}],"version-history":[{"count":4,"href":"https:\/\/aimtec.fi\/en\/wp-json\/wp\/v2\/pages\/3324\/revisions"}],"predecessor-version":[{"id":4187,"href":"https:\/\/aimtec.fi\/en\/wp-json\/wp\/v2\/pages\/3324\/revisions\/4187"}],"up":[{"embeddable":true,"href":"https:\/\/aimtec.fi\/en\/wp-json\/wp\/v2\/pages\/3128"}],"wp:featuredmedia":[{"embeddable":true,"href":"https:\/\/aimtec.fi\/en\/wp-json\/wp\/v2\/media\/4182"}],"wp:attachment":[{"href":"https:\/\/aimtec.fi\/en\/wp-json\/wp\/v2\/media?parent=3324"}],"wp:term":[{"taxonomy":"category","embeddable":true,"href":"https:\/\/aimtec.fi\/en\/wp-json\/wp\/v2\/categories?post=3324"},{"taxonomy":"post_tag","embeddable":true,"href":"https:\/\/aimtec.fi\/en\/wp-json\/wp\/v2\/tags?post=3324"}],"curies":[{"name":"wp","href":"https:\/\/api.w.org\/{rel}","templated":true}]}}