{"id":3344,"date":"2018-10-09T09:36:24","date_gmt":"2018-10-09T06:36:24","guid":{"rendered":"https:\/\/www.aimtec.fi\/?page_id=3344"},"modified":"2019-02-12T16:23:32","modified_gmt":"2019-02-12T14:23:32","slug":"wohler-rosteriharjat-tahti-28mm","status":"publish","type":"page","link":"https:\/\/aimtec.fi\/en\/nuohousvalineet-ja-nuohoustarvikkeet\/wohler-rosteriharjat-tahti-28mm\/","title":{"rendered":"W\u00d6HLER &#8211; ter\u00e4sharja, t\u00e4hti, kiinnitysreik\u00e4 28 mm"},"content":{"rendered":"<p>Ruostumattomista ter\u00e4sliuskoista tehdyt harjat. Kovuudet pehme\u00e4 (\u00d815 \u2013 30 cm), puolikova (\u00d820 \u2013 40 cm) ja kova (\u00d825 \u2013 40 cm) .<\/p>","protected":false},"excerpt":{"rendered":"<p>Ruostumattomista ter\u00e4sliuskoista tehdyt harjat. Kovuudet pehme\u00e4 (\u00d815 \u2013 30 cm), puolikova (\u00d820 \u2013 40 cm) ja kova (\u00d825 \u2013 40 cm) .<\/p>","protected":false},"author":4,"featured_media":3345,"parent":1478,"menu_order":0,"comment_status":"closed","ping_status":"closed","template":"tuote.php","meta":{"_acf_changed":false,"_seopress_robots_primary_cat":"","_seopress_titles_title":"","_seopress_titles_desc":"","_seopress_robots_index":"","_seopress_analysis_target_kw":"","_et_pb_use_builder":"","_et_pb_old_content":"","_et_gb_content_width":"","inline_featured_image":false,"footnotes":"","_links_to":"","_links_to_target":""},"categories":[],"tags":[],"class_list":["post-3344","page","type-page","status-publish","has-post-thumbnail","hentry"],"acf":[],"_links":{"self":[{"href":"https:\/\/aimtec.fi\/en\/wp-json\/wp\/v2\/pages\/3344","targetHints":{"allow":["GET"]}}],"collection":[{"href":"https:\/\/aimtec.fi\/en\/wp-json\/wp\/v2\/pages"}],"about":[{"href":"https:\/\/aimtec.fi\/en\/wp-json\/wp\/v2\/types\/page"}],"author":[{"embeddable":true,"href":"https:\/\/aimtec.fi\/en\/wp-json\/wp\/v2\/users\/4"}],"replies":[{"embeddable":true,"href":"https:\/\/aimtec.fi\/en\/wp-json\/wp\/v2\/comments?post=3344"}],"version-history":[{"count":4,"href":"https:\/\/aimtec.fi\/en\/wp-json\/wp\/v2\/pages\/3344\/revisions"}],"predecessor-version":[{"id":4332,"href":"https:\/\/aimtec.fi\/en\/wp-json\/wp\/v2\/pages\/3344\/revisions\/4332"}],"up":[{"embeddable":true,"href":"https:\/\/aimtec.fi\/en\/wp-json\/wp\/v2\/pages\/1478"}],"wp:featuredmedia":[{"embeddable":true,"href":"https:\/\/aimtec.fi\/en\/wp-json\/wp\/v2\/media\/3345"}],"wp:attachment":[{"href":"https:\/\/aimtec.fi\/en\/wp-json\/wp\/v2\/media?parent=3344"}],"wp:term":[{"taxonomy":"category","embeddable":true,"href":"https:\/\/aimtec.fi\/en\/wp-json\/wp\/v2\/categories?post=3344"},{"taxonomy":"post_tag","embeddable":true,"href":"https:\/\/aimtec.fi\/en\/wp-json\/wp\/v2\/tags?post=3344"}],"curies":[{"name":"wp","href":"https:\/\/api.w.org\/{rel}","templated":true}]}}