{"id":3360,"date":"2018-10-09T09:40:48","date_gmt":"2018-10-09T06:40:48","guid":{"rendered":"https:\/\/www.aimtec.fi\/?page_id=3360"},"modified":"2018-10-09T09:40:48","modified_gmt":"2018-10-09T06:40:48","slug":"wohler-kattilaharjat-rosteri-teras-m10","status":"publish","type":"page","link":"https:\/\/aimtec.fi\/en\/nuohousvalineet-ja-nuohoustarvikkeet\/wohler-kattilaharjat-rosteri-teras-m10\/","title":{"rendered":"W\u00d6HLER &#8211; Kattilaharjat, rosteri\/ter\u00e4s, M10"},"content":{"rendered":"<div class=\"field field-name-body field-type-text-with-summary field-label-hidden\">\n<div class=\"field-items\">\n<div class=\"field-item even\">\n<ul>\n<li>Tuote no 1573, 20mm \u00d8, tihe\u00e4<\/li>\n<li>Tuote no 1578, 30mm \u00d8, litte\u00e4 lanka<\/li>\n<li>Tuote no 1579, 30mm \u00d8, tihe\u00e4<\/li>\n<li>Tuote no 1581, 40mm \u00d8, litte\u00e4 lanka<\/li>\n<li>Tuote no 1583, 40mm \u00d8, tihe\u00e4<\/li>\n<li>Tuote no 1726, 40mm \u00d8, jousi 3 mm \u00d8<\/li>\n<li>Tuote no 1585, 50mm \u00d8, litte\u00e4 lanka<\/li>\n<li>Tuote no 1589, 60mm \u00d8, litte\u00e4 lanka<\/li>\n<li>Tuote no 1591, 60mm \u00d8, tihe\u00e4<\/li>\n<li>Tuote no 1727, 60mm \u00d8, jousi 3 mm \u00d8<\/li>\n<li>Tuote no 1595, 80mm \u00d8, tihe\u00e4<\/li>\n<li>Tuote no 2827, 80mm \u00d8, jousi 3 mm \u00d8<\/li>\n<li>Tuote no 1599, 100mm \u00d8, tihe\u00e4<\/li>\n<li>Tuote no 1603, 120mm \u00d8, tihe\u00e4<\/li>\n<li>Tuote no 1607, 25 x 50mm, tihe\u00e4<\/li>\n<li>Tuote no 1610, 40 x 80mm, litte\u00e4 lanka 1.25 x 0.25 mm<\/li>\n<li>Tuote no 1614, 50 x 100mm, litte\u00e4 lanka 1.25 x 0.25 mm<\/li>\n<li>Tuote no 1615, 50 x 100mm tihe\u00e4<\/li>\n<li>Tuote no 5121, 70 x 120mm tihe\u00e4<\/li>\n<\/ul>\n<\/div>\n<\/div>\n<\/div>","protected":false},"excerpt":{"rendered":"<p>Tuote no 1573, 20mm \u00d8, tihe\u00e4 Tuote no 1578, 30mm \u00d8, litte\u00e4 lanka Tuote no 1579, 30mm \u00d8, tihe\u00e4 Tuote no 1581, 40mm \u00d8, litte\u00e4 lanka Tuote no 1583, 40mm \u00d8, tihe\u00e4 Tuote no 1726, 40mm \u00d8, jousi 3 mm \u00d8 Tuote no 1585, 50mm \u00d8, litte\u00e4 lanka Tuote no 1589, 60mm \u00d8, litte\u00e4 lanka&#8230;<\/p>","protected":false},"author":4,"featured_media":3361,"parent":1478,"menu_order":0,"comment_status":"closed","ping_status":"closed","template":"tuote.php","meta":{"_acf_changed":false,"_seopress_robots_primary_cat":"","_seopress_titles_title":"","_seopress_titles_desc":"","_seopress_robots_index":"","_et_pb_use_builder":"","_et_pb_old_content":"","_et_gb_content_width":"","inline_featured_image":false,"footnotes":"","_links_to":"","_links_to_target":""},"categories":[],"tags":[],"class_list":["post-3360","page","type-page","status-publish","has-post-thumbnail","hentry"],"acf":[],"_links":{"self":[{"href":"https:\/\/aimtec.fi\/en\/wp-json\/wp\/v2\/pages\/3360","targetHints":{"allow":["GET"]}}],"collection":[{"href":"https:\/\/aimtec.fi\/en\/wp-json\/wp\/v2\/pages"}],"about":[{"href":"https:\/\/aimtec.fi\/en\/wp-json\/wp\/v2\/types\/page"}],"author":[{"embeddable":true,"href":"https:\/\/aimtec.fi\/en\/wp-json\/wp\/v2\/users\/4"}],"replies":[{"embeddable":true,"href":"https:\/\/aimtec.fi\/en\/wp-json\/wp\/v2\/comments?post=3360"}],"version-history":[{"count":1,"href":"https:\/\/aimtec.fi\/en\/wp-json\/wp\/v2\/pages\/3360\/revisions"}],"predecessor-version":[{"id":3362,"href":"https:\/\/aimtec.fi\/en\/wp-json\/wp\/v2\/pages\/3360\/revisions\/3362"}],"up":[{"embeddable":true,"href":"https:\/\/aimtec.fi\/en\/wp-json\/wp\/v2\/pages\/1478"}],"wp:featuredmedia":[{"embeddable":true,"href":"https:\/\/aimtec.fi\/en\/wp-json\/wp\/v2\/media\/3361"}],"wp:attachment":[{"href":"https:\/\/aimtec.fi\/en\/wp-json\/wp\/v2\/media?parent=3360"}],"wp:term":[{"taxonomy":"category","embeddable":true,"href":"https:\/\/aimtec.fi\/en\/wp-json\/wp\/v2\/categories?post=3360"},{"taxonomy":"post_tag","embeddable":true,"href":"https:\/\/aimtec.fi\/en\/wp-json\/wp\/v2\/tags?post=3360"}],"curies":[{"name":"wp","href":"https:\/\/api.w.org\/{rel}","templated":true}]}}