{"id":3376,"date":"2018-10-09T09:46:14","date_gmt":"2018-10-09T06:46:14","guid":{"rendered":"https:\/\/www.aimtec.fi\/?page_id=3376"},"modified":"2019-02-12T14:13:40","modified_gmt":"2019-02-12T12:13:40","slug":"wohler-pek-harjat-tahti-6mm","status":"publish","type":"page","link":"https:\/\/aimtec.fi\/en\/nuohousvalineet-ja-nuohoustarvikkeet\/wohler-pek-harjat-tahti-6mm\/","title":{"rendered":"W\u00d6HLER &#8211; PEK-harjat, kiinnitysreik\u00e4 6mm"},"content":{"rendered":"<p>PEK puhdistusharjat kokoluokissa \u00d8 7 &#8211; 20 cm<\/p>","protected":false},"excerpt":{"rendered":"<p>PEK puhdistusharjat kokoluokissa \u00d8 7 &#8211; 20 cm<\/p>","protected":false},"author":4,"featured_media":3640,"parent":1478,"menu_order":0,"comment_status":"closed","ping_status":"closed","template":"tuote.php","meta":{"_acf_changed":false,"_seopress_robots_primary_cat":"","_seopress_titles_title":"","_seopress_titles_desc":"","_seopress_robots_index":"","_et_pb_use_builder":"","_et_pb_old_content":"","_et_gb_content_width":"","inline_featured_image":false,"footnotes":"","_links_to":"","_links_to_target":""},"categories":[12],"tags":[],"class_list":["post-3376","page","type-page","status-publish","has-post-thumbnail","hentry","category-tuote"],"acf":[],"_links":{"self":[{"href":"https:\/\/aimtec.fi\/en\/wp-json\/wp\/v2\/pages\/3376","targetHints":{"allow":["GET"]}}],"collection":[{"href":"https:\/\/aimtec.fi\/en\/wp-json\/wp\/v2\/pages"}],"about":[{"href":"https:\/\/aimtec.fi\/en\/wp-json\/wp\/v2\/types\/page"}],"author":[{"embeddable":true,"href":"https:\/\/aimtec.fi\/en\/wp-json\/wp\/v2\/users\/4"}],"replies":[{"embeddable":true,"href":"https:\/\/aimtec.fi\/en\/wp-json\/wp\/v2\/comments?post=3376"}],"version-history":[{"count":4,"href":"https:\/\/aimtec.fi\/en\/wp-json\/wp\/v2\/pages\/3376\/revisions"}],"predecessor-version":[{"id":4313,"href":"https:\/\/aimtec.fi\/en\/wp-json\/wp\/v2\/pages\/3376\/revisions\/4313"}],"up":[{"embeddable":true,"href":"https:\/\/aimtec.fi\/en\/wp-json\/wp\/v2\/pages\/1478"}],"wp:featuredmedia":[{"embeddable":true,"href":"https:\/\/aimtec.fi\/en\/wp-json\/wp\/v2\/media\/3640"}],"wp:attachment":[{"href":"https:\/\/aimtec.fi\/en\/wp-json\/wp\/v2\/media?parent=3376"}],"wp:term":[{"taxonomy":"category","embeddable":true,"href":"https:\/\/aimtec.fi\/en\/wp-json\/wp\/v2\/categories?post=3376"},{"taxonomy":"post_tag","embeddable":true,"href":"https:\/\/aimtec.fi\/en\/wp-json\/wp\/v2\/tags?post=3376"}],"curies":[{"name":"wp","href":"https:\/\/api.w.org\/{rel}","templated":true}]}}