{"id":3402,"date":"2018-10-09T10:11:15","date_gmt":"2018-10-09T07:11:15","guid":{"rendered":"https:\/\/www.aimtec.fi\/?page_id=3402"},"modified":"2019-01-31T08:56:45","modified_gmt":"2019-01-31T06:56:45","slug":"comark-ak22m-ilma-anturi","status":"publish","type":"page","link":"https:\/\/aimtec.fi\/en\/mittausanturit\/comark-ak22m-ilma-anturi\/","title":{"rendered":"COMARK &#8211; AK21M ilma-anturi"},"content":{"rendered":"<div class=\"field field-name-body field-type-text-with-summary field-label-hidden\">\n<div class=\"field-items\">\n<div class=\"field-item even\">\n<p>Anturi sopii Comarkin ja muiden valmistajien l\u00e4mp\u00f6mittareihin, joissa k\u00e4ytet\u00e4\u00e4n K-tyypin termoparianturia miniatyyriliit\u00e4nn\u00e4ll\u00e4. Anturi sopii esim. <a href=\"https:\/\/aimtec.fi\/en\/lampotilamittarit\/comark-c28-lampomittari\/\">Comarkin C28 malliin<\/a>.<\/p>\n<\/div>\n<\/div>\n<\/div>","protected":false},"excerpt":{"rendered":"<p>Anturi sopii Comarkin ja muiden valmistajien l\u00e4mp\u00f6mittareihin, joissa k\u00e4ytet\u00e4\u00e4n K-tyypin termoparianturia miniatyyriliit\u00e4nn\u00e4ll\u00e4. Anturi sopii esim. Comarkin C28 malliin.<\/p>","protected":false},"author":5,"featured_media":4156,"parent":3128,"menu_order":0,"comment_status":"closed","ping_status":"closed","template":"tuote.php","meta":{"_acf_changed":false,"_seopress_robots_primary_cat":"","_seopress_titles_title":"","_seopress_titles_desc":"","_seopress_robots_index":"","_et_pb_use_builder":"","_et_pb_old_content":"","_et_gb_content_width":"","inline_featured_image":false,"footnotes":"","_links_to":"","_links_to_target":""},"categories":[],"tags":[],"class_list":["post-3402","page","type-page","status-publish","has-post-thumbnail","hentry"],"acf":[],"_links":{"self":[{"href":"https:\/\/aimtec.fi\/en\/wp-json\/wp\/v2\/pages\/3402","targetHints":{"allow":["GET"]}}],"collection":[{"href":"https:\/\/aimtec.fi\/en\/wp-json\/wp\/v2\/pages"}],"about":[{"href":"https:\/\/aimtec.fi\/en\/wp-json\/wp\/v2\/types\/page"}],"author":[{"embeddable":true,"href":"https:\/\/aimtec.fi\/en\/wp-json\/wp\/v2\/users\/5"}],"replies":[{"embeddable":true,"href":"https:\/\/aimtec.fi\/en\/wp-json\/wp\/v2\/comments?post=3402"}],"version-history":[{"count":6,"href":"https:\/\/aimtec.fi\/en\/wp-json\/wp\/v2\/pages\/3402\/revisions"}],"predecessor-version":[{"id":4157,"href":"https:\/\/aimtec.fi\/en\/wp-json\/wp\/v2\/pages\/3402\/revisions\/4157"}],"up":[{"embeddable":true,"href":"https:\/\/aimtec.fi\/en\/wp-json\/wp\/v2\/pages\/3128"}],"wp:featuredmedia":[{"embeddable":true,"href":"https:\/\/aimtec.fi\/en\/wp-json\/wp\/v2\/media\/4156"}],"wp:attachment":[{"href":"https:\/\/aimtec.fi\/en\/wp-json\/wp\/v2\/media?parent=3402"}],"wp:term":[{"taxonomy":"category","embeddable":true,"href":"https:\/\/aimtec.fi\/en\/wp-json\/wp\/v2\/categories?post=3402"},{"taxonomy":"post_tag","embeddable":true,"href":"https:\/\/aimtec.fi\/en\/wp-json\/wp\/v2\/tags?post=3402"}],"curies":[{"name":"wp","href":"https:\/\/api.w.org\/{rel}","templated":true}]}}