{"id":3411,"date":"2018-10-09T10:17:43","date_gmt":"2018-10-09T07:17:43","guid":{"rendered":"https:\/\/www.aimtec.fi\/?page_id=3411"},"modified":"2018-10-09T10:17:43","modified_gmt":"2018-10-09T07:17:43","slug":"wohler-harjasetti-perlon-kierretty-m10","status":"publish","type":"page","link":"https:\/\/aimtec.fi\/en\/nuohousvalineet-ja-nuohoustarvikkeet\/wohler-harjasetti-perlon-kierretty-m10\/","title":{"rendered":"W\u00d6HLER &#8211; Harjasetti perlon, kierretty, M10"},"content":{"rendered":"<p>Tuote no 5529. Sis\u00e4lt\u00e4\u00e4: 1 x \u00d8 20 cm, 1 x \u00d8 25 cm, 1 x \u00d8 30 cm, 1 x \u00d8 35 cm<\/p>","protected":false},"excerpt":{"rendered":"<p>Tuote no 5529. Sis\u00e4lt\u00e4\u00e4: 1 x \u00d8 20 cm, 1 x \u00d8 25 cm, 1 x \u00d8 30 cm, 1 x \u00d8 35 cm<\/p>","protected":false},"author":4,"featured_media":3414,"parent":1478,"menu_order":0,"comment_status":"closed","ping_status":"closed","template":"tuote.php","meta":{"_acf_changed":false,"_seopress_robots_primary_cat":"","_seopress_titles_title":"","_seopress_titles_desc":"","_seopress_robots_index":"","_et_pb_use_builder":"","_et_pb_old_content":"","_et_gb_content_width":"","inline_featured_image":false,"footnotes":"","_links_to":"","_links_to_target":""},"categories":[],"tags":[],"class_list":["post-3411","page","type-page","status-publish","has-post-thumbnail","hentry"],"acf":[],"_links":{"self":[{"href":"https:\/\/aimtec.fi\/en\/wp-json\/wp\/v2\/pages\/3411","targetHints":{"allow":["GET"]}}],"collection":[{"href":"https:\/\/aimtec.fi\/en\/wp-json\/wp\/v2\/pages"}],"about":[{"href":"https:\/\/aimtec.fi\/en\/wp-json\/wp\/v2\/types\/page"}],"author":[{"embeddable":true,"href":"https:\/\/aimtec.fi\/en\/wp-json\/wp\/v2\/users\/4"}],"replies":[{"embeddable":true,"href":"https:\/\/aimtec.fi\/en\/wp-json\/wp\/v2\/comments?post=3411"}],"version-history":[{"count":1,"href":"https:\/\/aimtec.fi\/en\/wp-json\/wp\/v2\/pages\/3411\/revisions"}],"predecessor-version":[{"id":3415,"href":"https:\/\/aimtec.fi\/en\/wp-json\/wp\/v2\/pages\/3411\/revisions\/3415"}],"up":[{"embeddable":true,"href":"https:\/\/aimtec.fi\/en\/wp-json\/wp\/v2\/pages\/1478"}],"wp:featuredmedia":[{"embeddable":true,"href":"https:\/\/aimtec.fi\/en\/wp-json\/wp\/v2\/media\/3414"}],"wp:attachment":[{"href":"https:\/\/aimtec.fi\/en\/wp-json\/wp\/v2\/media?parent=3411"}],"wp:term":[{"taxonomy":"category","embeddable":true,"href":"https:\/\/aimtec.fi\/en\/wp-json\/wp\/v2\/categories?post=3411"},{"taxonomy":"post_tag","embeddable":true,"href":"https:\/\/aimtec.fi\/en\/wp-json\/wp\/v2\/tags?post=3411"}],"curies":[{"name":"wp","href":"https:\/\/api.w.org\/{rel}","templated":true}]}}