{"id":3416,"date":"2018-10-09T10:18:28","date_gmt":"2018-10-09T07:18:28","guid":{"rendered":"https:\/\/www.aimtec.fi\/?page_id=3416"},"modified":"2019-02-12T16:17:34","modified_gmt":"2019-02-12T14:17:34","slug":"wohler-rosteriharjat-kierretty-m10","status":"publish","type":"page","link":"https:\/\/aimtec.fi\/en\/nuohousvalineet-ja-nuohoustarvikkeet\/wohler-rosteriharjat-kierretty-m10\/","title":{"rendered":"W\u00d6HLER &#8211; ter\u00e4sharja, M10 kierre"},"content":{"rendered":"<p>Ruostumattomista ter\u00e4sliuskoista tehdyt harjat. Kovuudet pehme\u00e4 (\u00d815 &#8211; 20 cm), puolikova\u00a0(\u00d820 &#8211; 30 cm) ja kova\u00a0(\u00d825 &#8211; 35 cm) .<\/p>","protected":false},"excerpt":{"rendered":"<p>Ruostumattomista ter\u00e4sliuskoista tehdyt harjat. Kovuudet pehme\u00e4 (\u00d815 &#8211; 20 cm), puolikova\u00a0(\u00d820 &#8211; 30 cm) ja kova\u00a0(\u00d825 &#8211; 35 cm) .<\/p>","protected":false},"author":4,"featured_media":3418,"parent":1478,"menu_order":0,"comment_status":"closed","ping_status":"closed","template":"tuote.php","meta":{"_acf_changed":false,"_seopress_robots_primary_cat":"","_seopress_titles_title":"","_seopress_titles_desc":"","_seopress_robots_index":"","_et_pb_use_builder":"","_et_pb_old_content":"","_et_gb_content_width":"","inline_featured_image":false,"footnotes":"","_links_to":"","_links_to_target":""},"categories":[],"tags":[],"class_list":["post-3416","page","type-page","status-publish","has-post-thumbnail","hentry"],"acf":[],"_links":{"self":[{"href":"https:\/\/aimtec.fi\/en\/wp-json\/wp\/v2\/pages\/3416","targetHints":{"allow":["GET"]}}],"collection":[{"href":"https:\/\/aimtec.fi\/en\/wp-json\/wp\/v2\/pages"}],"about":[{"href":"https:\/\/aimtec.fi\/en\/wp-json\/wp\/v2\/types\/page"}],"author":[{"embeddable":true,"href":"https:\/\/aimtec.fi\/en\/wp-json\/wp\/v2\/users\/4"}],"replies":[{"embeddable":true,"href":"https:\/\/aimtec.fi\/en\/wp-json\/wp\/v2\/comments?post=3416"}],"version-history":[{"count":3,"href":"https:\/\/aimtec.fi\/en\/wp-json\/wp\/v2\/pages\/3416\/revisions"}],"predecessor-version":[{"id":4328,"href":"https:\/\/aimtec.fi\/en\/wp-json\/wp\/v2\/pages\/3416\/revisions\/4328"}],"up":[{"embeddable":true,"href":"https:\/\/aimtec.fi\/en\/wp-json\/wp\/v2\/pages\/1478"}],"wp:featuredmedia":[{"embeddable":true,"href":"https:\/\/aimtec.fi\/en\/wp-json\/wp\/v2\/media\/3418"}],"wp:attachment":[{"href":"https:\/\/aimtec.fi\/en\/wp-json\/wp\/v2\/media?parent=3416"}],"wp:term":[{"taxonomy":"category","embeddable":true,"href":"https:\/\/aimtec.fi\/en\/wp-json\/wp\/v2\/categories?post=3416"},{"taxonomy":"post_tag","embeddable":true,"href":"https:\/\/aimtec.fi\/en\/wp-json\/wp\/v2\/tags?post=3416"}],"curies":[{"name":"wp","href":"https:\/\/api.w.org\/{rel}","templated":true}]}}