{"id":3417,"date":"2018-10-09T10:20:12","date_gmt":"2018-10-09T07:20:12","guid":{"rendered":"https:\/\/www.aimtec.fi\/?page_id=3417"},"modified":"2019-02-04T14:41:07","modified_gmt":"2019-02-04T12:41:07","slug":"comark-px16l-puikkoanturi","status":"publish","type":"page","link":"https:\/\/aimtec.fi\/en\/mittausanturit\/comark-px16l-puikkoanturi\/","title":{"rendered":"COMARK &#8211; PX16L puikkoanturi, nopea vaste"},"content":{"rendered":"<div class=\"field field-name-body field-type-text-with-summary field-label-hidden\">\n<div class=\"field-items\">\n<div class=\"field-item even\">\n<p>PX16L puikkoanturilla mitataan mm. elintarvikkeiden l\u00e4mp\u00f6tiloja. Ohut anturiosa soveltuu erityisesti hienorakenteisen tuotteen mittaamiseen. Vaste-aika vain 0.5 sekuntia. K\u00e4ytet\u00e4\u00e4n <a href=\"https:\/\/aimtec.fi\/en\/lampotilamittarit\/comark-c22-elintarvikelampomittari\/\">Comark C22 l\u00e4mp\u00f6mittarin<\/a> kanssa.<\/p>\n<\/div>\n<\/div>\n<\/div>\n<div class=\"field field-name-field-tekniset-tiedot field-type-text-with-summary field-label-above\"><\/div>","protected":false},"excerpt":{"rendered":"<p>PX16L puikkoanturilla mitataan mm. elintarvikkeiden l\u00e4mp\u00f6tiloja. Ohut anturiosa soveltuu erityisesti hienorakenteisen tuotteen mittaamiseen. Vaste-aika vain 0.5 sekuntia. K\u00e4ytet\u00e4\u00e4n Comark C22 l\u00e4mp\u00f6mittarin kanssa.<\/p>","protected":false},"author":5,"featured_media":4222,"parent":3128,"menu_order":0,"comment_status":"closed","ping_status":"closed","template":"tuote.php","meta":{"_acf_changed":false,"_seopress_robots_primary_cat":"","_seopress_titles_title":"","_seopress_titles_desc":"","_seopress_robots_index":"","_et_pb_use_builder":"","_et_pb_old_content":"","_et_gb_content_width":"","inline_featured_image":false,"footnotes":"","_links_to":"","_links_to_target":""},"categories":[],"tags":[],"class_list":["post-3417","page","type-page","status-publish","has-post-thumbnail","hentry"],"acf":[],"_links":{"self":[{"href":"https:\/\/aimtec.fi\/en\/wp-json\/wp\/v2\/pages\/3417","targetHints":{"allow":["GET"]}}],"collection":[{"href":"https:\/\/aimtec.fi\/en\/wp-json\/wp\/v2\/pages"}],"about":[{"href":"https:\/\/aimtec.fi\/en\/wp-json\/wp\/v2\/types\/page"}],"author":[{"embeddable":true,"href":"https:\/\/aimtec.fi\/en\/wp-json\/wp\/v2\/users\/5"}],"replies":[{"embeddable":true,"href":"https:\/\/aimtec.fi\/en\/wp-json\/wp\/v2\/comments?post=3417"}],"version-history":[{"count":9,"href":"https:\/\/aimtec.fi\/en\/wp-json\/wp\/v2\/pages\/3417\/revisions"}],"predecessor-version":[{"id":4230,"href":"https:\/\/aimtec.fi\/en\/wp-json\/wp\/v2\/pages\/3417\/revisions\/4230"}],"up":[{"embeddable":true,"href":"https:\/\/aimtec.fi\/en\/wp-json\/wp\/v2\/pages\/3128"}],"wp:featuredmedia":[{"embeddable":true,"href":"https:\/\/aimtec.fi\/en\/wp-json\/wp\/v2\/media\/4222"}],"wp:attachment":[{"href":"https:\/\/aimtec.fi\/en\/wp-json\/wp\/v2\/media?parent=3417"}],"wp:term":[{"taxonomy":"category","embeddable":true,"href":"https:\/\/aimtec.fi\/en\/wp-json\/wp\/v2\/categories?post=3417"},{"taxonomy":"post_tag","embeddable":true,"href":"https:\/\/aimtec.fi\/en\/wp-json\/wp\/v2\/tags?post=3417"}],"curies":[{"name":"wp","href":"https:\/\/api.w.org\/{rel}","templated":true}]}}