{"id":3421,"date":"2018-10-09T10:19:14","date_gmt":"2018-10-09T07:19:14","guid":{"rendered":"https:\/\/www.aimtec.fi\/?page_id=3421"},"modified":"2018-10-09T10:19:14","modified_gmt":"2018-10-09T07:19:14","slug":"wohler-kattilaharjat-polyamidi-m10","status":"publish","type":"page","link":"https:\/\/aimtec.fi\/en\/nuohousvalineet-ja-nuohoustarvikkeet\/wohler-kattilaharjat-polyamidi-m10\/","title":{"rendered":"W\u00d6HLER &#8211; Kattilaharjat, polyamidi, M10"},"content":{"rendered":"<p>Tuote no 1574, 20 mm \u00d8<br \/>\nTuote no 1584, 40 mm \u00d8<br \/>\nTuote no 1588, 50 mm \u00d8<br \/>\nTuote no 1592, 60 mm \u00d8<br \/>\nTuote no 1596, 80 mm \u00d8<br \/>\nTuote no 1608, 25 x 50 mm \u00d8<br \/>\nTuote no 1612, 40 x 80 mm \u00d8<br \/>\nTuote no 1616, 50 x 100 mm \u00d8<\/p>","protected":false},"excerpt":{"rendered":"<p>Tuote no 1574, 20 mm \u00d8 Tuote no 1584, 40 mm \u00d8 Tuote no 1588, 50 mm \u00d8 Tuote no 1592, 60 mm \u00d8 Tuote no 1596, 80 mm \u00d8 Tuote no 1608, 25 x 50 mm \u00d8 Tuote no 1612, 40 x 80 mm \u00d8 Tuote no 1616, 50 x 100 mm \u00d8<\/p>","protected":false},"author":4,"featured_media":3423,"parent":1478,"menu_order":0,"comment_status":"closed","ping_status":"closed","template":"tuote.php","meta":{"_acf_changed":false,"_seopress_robots_primary_cat":"","_seopress_titles_title":"","_seopress_titles_desc":"","_seopress_robots_index":"","_et_pb_use_builder":"","_et_pb_old_content":"","_et_gb_content_width":"","inline_featured_image":false,"footnotes":"","_links_to":"","_links_to_target":""},"categories":[],"tags":[],"class_list":["post-3421","page","type-page","status-publish","has-post-thumbnail","hentry"],"acf":[],"_links":{"self":[{"href":"https:\/\/aimtec.fi\/en\/wp-json\/wp\/v2\/pages\/3421","targetHints":{"allow":["GET"]}}],"collection":[{"href":"https:\/\/aimtec.fi\/en\/wp-json\/wp\/v2\/pages"}],"about":[{"href":"https:\/\/aimtec.fi\/en\/wp-json\/wp\/v2\/types\/page"}],"author":[{"embeddable":true,"href":"https:\/\/aimtec.fi\/en\/wp-json\/wp\/v2\/users\/4"}],"replies":[{"embeddable":true,"href":"https:\/\/aimtec.fi\/en\/wp-json\/wp\/v2\/comments?post=3421"}],"version-history":[{"count":1,"href":"https:\/\/aimtec.fi\/en\/wp-json\/wp\/v2\/pages\/3421\/revisions"}],"predecessor-version":[{"id":3424,"href":"https:\/\/aimtec.fi\/en\/wp-json\/wp\/v2\/pages\/3421\/revisions\/3424"}],"up":[{"embeddable":true,"href":"https:\/\/aimtec.fi\/en\/wp-json\/wp\/v2\/pages\/1478"}],"wp:featuredmedia":[{"embeddable":true,"href":"https:\/\/aimtec.fi\/en\/wp-json\/wp\/v2\/media\/3423"}],"wp:attachment":[{"href":"https:\/\/aimtec.fi\/en\/wp-json\/wp\/v2\/media?parent=3421"}],"wp:term":[{"taxonomy":"category","embeddable":true,"href":"https:\/\/aimtec.fi\/en\/wp-json\/wp\/v2\/categories?post=3421"},{"taxonomy":"post_tag","embeddable":true,"href":"https:\/\/aimtec.fi\/en\/wp-json\/wp\/v2\/tags?post=3421"}],"curies":[{"name":"wp","href":"https:\/\/api.w.org\/{rel}","templated":true}]}}