{"id":3426,"date":"2018-10-09T10:22:38","date_gmt":"2018-10-09T07:22:38","guid":{"rendered":"https:\/\/www.aimtec.fi\/?page_id=3426"},"modified":"2019-02-04T10:27:54","modified_gmt":"2019-02-04T08:27:54","slug":"comark-it21l-puikkoanturi","status":"publish","type":"page","link":"https:\/\/aimtec.fi\/en\/mittausanturit\/comark-it21l-puikkoanturi\/","title":{"rendered":"COMARK &#8211; IT21L upotusanturi mm. kuumille rasvoille"},"content":{"rendered":"<div class=\"field field-name-body field-type-text-with-summary field-label-hidden\">\n<div class=\"field-items\">\n<div class=\"field-item even\">\n<p>IT21L upotusanturissa on 500 mm pitk\u00e4 anturiosa ja anturi soveltuu hyvin kuumien rasvojen mittaamiseen elintarviketeollisuudessa. Anturia voidaan k\u00e4ytt\u00e4\u00e4 mm. <a href=\"https:\/\/aimtec.fi\/en\/lampotilamittarit\/comark-c22-elintarvikelampomittari\/\">Comark C22 l\u00e4mp\u00f6mittarin<\/a> kanssa.<\/p>\n<\/div>\n<\/div>\n<\/div>\n<div class=\"field field-name-field-tekniset-tiedot field-type-text-with-summary field-label-above\"><\/div>","protected":false},"excerpt":{"rendered":"<p>IT21L upotusanturissa on 500 mm pitk\u00e4 anturiosa ja anturi soveltuu hyvin kuumien rasvojen mittaamiseen elintarviketeollisuudessa. Anturia voidaan k\u00e4ytt\u00e4\u00e4 mm. Comark C22 l\u00e4mp\u00f6mittarin kanssa.<\/p>","protected":false},"author":5,"featured_media":4200,"parent":3128,"menu_order":0,"comment_status":"closed","ping_status":"closed","template":"tuote.php","meta":{"_acf_changed":false,"_seopress_robots_primary_cat":"","_seopress_titles_title":"","_seopress_titles_desc":"","_seopress_robots_index":"","_et_pb_use_builder":"","_et_pb_old_content":"","_et_gb_content_width":"","inline_featured_image":false,"footnotes":"","_links_to":"","_links_to_target":""},"categories":[],"tags":[],"class_list":["post-3426","page","type-page","status-publish","has-post-thumbnail","hentry"],"acf":[],"_links":{"self":[{"href":"https:\/\/aimtec.fi\/en\/wp-json\/wp\/v2\/pages\/3426","targetHints":{"allow":["GET"]}}],"collection":[{"href":"https:\/\/aimtec.fi\/en\/wp-json\/wp\/v2\/pages"}],"about":[{"href":"https:\/\/aimtec.fi\/en\/wp-json\/wp\/v2\/types\/page"}],"author":[{"embeddable":true,"href":"https:\/\/aimtec.fi\/en\/wp-json\/wp\/v2\/users\/5"}],"replies":[{"embeddable":true,"href":"https:\/\/aimtec.fi\/en\/wp-json\/wp\/v2\/comments?post=3426"}],"version-history":[{"count":6,"href":"https:\/\/aimtec.fi\/en\/wp-json\/wp\/v2\/pages\/3426\/revisions"}],"predecessor-version":[{"id":4204,"href":"https:\/\/aimtec.fi\/en\/wp-json\/wp\/v2\/pages\/3426\/revisions\/4204"}],"up":[{"embeddable":true,"href":"https:\/\/aimtec.fi\/en\/wp-json\/wp\/v2\/pages\/3128"}],"wp:featuredmedia":[{"embeddable":true,"href":"https:\/\/aimtec.fi\/en\/wp-json\/wp\/v2\/media\/4200"}],"wp:attachment":[{"href":"https:\/\/aimtec.fi\/en\/wp-json\/wp\/v2\/media?parent=3426"}],"wp:term":[{"taxonomy":"category","embeddable":true,"href":"https:\/\/aimtec.fi\/en\/wp-json\/wp\/v2\/categories?post=3426"},{"taxonomy":"post_tag","embeddable":true,"href":"https:\/\/aimtec.fi\/en\/wp-json\/wp\/v2\/tags?post=3426"}],"curies":[{"name":"wp","href":"https:\/\/api.w.org\/{rel}","templated":true}]}}