{"id":3429,"date":"2018-10-09T10:25:41","date_gmt":"2018-10-09T07:25:41","guid":{"rendered":"https:\/\/www.aimtec.fi\/?page_id=3429"},"modified":"2025-11-13T12:51:59","modified_gmt":"2025-11-13T10:51:59","slug":"comark-sk21m-pintamittausanturi","status":"publish","type":"page","link":"https:\/\/aimtec.fi\/en\/mittausanturit\/comark-sk21m-pintamittausanturi\/","title":{"rendered":"COMARK &#8211; SK21M pinta-anturi, nopea vaste"},"content":{"rendered":"<div class=\"field field-name-body field-type-text-with-summary field-label-hidden\">\n<div class=\"field-items\">\n<div class=\"field-item even\">\n<p>SK21M on tarkoitettu nopeaan pintal\u00e4mp\u00f6tilan mittaukseen teollisuudessa. Vasteaika 0.2 sekuntia. Sopii mm. Comark C46 l\u00e4mp\u00f6mittariin.<\/p>\n<\/div>\n<\/div>\n<\/div>\n<div class=\"field field-name-field-tekniset-tiedot field-type-text-with-summary field-label-above\"><\/div>","protected":false},"excerpt":{"rendered":"<p>SK21M on tarkoitettu nopeaan pintal\u00e4mp\u00f6tilan mittaukseen teollisuudessa. Vasteaika 0.2 sekuntia. Sopii mm. Comark C46 l\u00e4mp\u00f6mittariin.<\/p>","protected":false},"author":5,"featured_media":4237,"parent":3128,"menu_order":0,"comment_status":"closed","ping_status":"closed","template":"tuote.php","meta":{"_acf_changed":false,"_seopress_robots_primary_cat":"","_seopress_titles_title":"","_seopress_titles_desc":"","_seopress_robots_index":"","_et_pb_use_builder":"","_et_pb_old_content":"","_et_gb_content_width":"","inline_featured_image":false,"footnotes":"","_links_to":"","_links_to_target":""},"categories":[],"tags":[],"class_list":["post-3429","page","type-page","status-publish","has-post-thumbnail","hentry"],"acf":[],"_links":{"self":[{"href":"https:\/\/aimtec.fi\/en\/wp-json\/wp\/v2\/pages\/3429","targetHints":{"allow":["GET"]}}],"collection":[{"href":"https:\/\/aimtec.fi\/en\/wp-json\/wp\/v2\/pages"}],"about":[{"href":"https:\/\/aimtec.fi\/en\/wp-json\/wp\/v2\/types\/page"}],"author":[{"embeddable":true,"href":"https:\/\/aimtec.fi\/en\/wp-json\/wp\/v2\/users\/5"}],"replies":[{"embeddable":true,"href":"https:\/\/aimtec.fi\/en\/wp-json\/wp\/v2\/comments?post=3429"}],"version-history":[{"count":5,"href":"https:\/\/aimtec.fi\/en\/wp-json\/wp\/v2\/pages\/3429\/revisions"}],"predecessor-version":[{"id":18111,"href":"https:\/\/aimtec.fi\/en\/wp-json\/wp\/v2\/pages\/3429\/revisions\/18111"}],"up":[{"embeddable":true,"href":"https:\/\/aimtec.fi\/en\/wp-json\/wp\/v2\/pages\/3128"}],"wp:featuredmedia":[{"embeddable":true,"href":"https:\/\/aimtec.fi\/en\/wp-json\/wp\/v2\/media\/4237"}],"wp:attachment":[{"href":"https:\/\/aimtec.fi\/en\/wp-json\/wp\/v2\/media?parent=3429"}],"wp:term":[{"taxonomy":"category","embeddable":true,"href":"https:\/\/aimtec.fi\/en\/wp-json\/wp\/v2\/categories?post=3429"},{"taxonomy":"post_tag","embeddable":true,"href":"https:\/\/aimtec.fi\/en\/wp-json\/wp\/v2\/tags?post=3429"}],"curies":[{"name":"wp","href":"https:\/\/api.w.org\/{rel}","templated":true}]}}