{"id":3443,"date":"2018-10-09T10:40:32","date_gmt":"2018-10-09T07:40:32","guid":{"rendered":"https:\/\/www.aimtec.fi\/?page_id=3443"},"modified":"2019-02-07T09:17:07","modified_gmt":"2019-02-07T07:17:07","slug":"comark-sk35m-putkipihtianturi","status":"publish","type":"page","link":"https:\/\/aimtec.fi\/en\/mittausanturit\/comark-sk35m-putkipihtianturi\/","title":{"rendered":"COMARK &#8211; SK35M putkipihtianturi"},"content":{"rendered":"<div class=\"field field-name-body field-type-text-with-summary field-label-hidden\">\n<div class=\"field-items\">\n<div class=\"field-item even\">\n<p>SK35M putkipihtiantureita k\u00e4ytet\u00e4\u00e4n putken l\u00e4mp\u00f6tilan mittaamiseen l\u00e4mmitys-, ilmanvaihto- ja ilmastointij\u00e4rjestelmiss\u00e4. Sopii \u00d815 &#8211; 38 mm putkille. K\u00e4ytet\u00e4\u00e4n mm. <a href=\"https:\/\/aimtec.fi\/en\/lampotilamittarit\/comark-c28-lampomittari\/\">Comark C28 l\u00e4mp\u00f6mittarin<\/a> kanssa.<\/p>\n<\/div>\n<\/div>\n<\/div>\n<div class=\"field field-name-field-tekniset-tiedot field-type-text-with-summary field-label-above\"><\/div>","protected":false},"excerpt":{"rendered":"<p>SK35M putkipihtiantureita k\u00e4ytet\u00e4\u00e4n putken l\u00e4mp\u00f6tilan mittaamiseen l\u00e4mmitys-, ilmanvaihto- ja ilmastointij\u00e4rjestelmiss\u00e4. Sopii \u00d815 &#8211; 38 mm putkille. K\u00e4ytet\u00e4\u00e4n mm. Comark C28 l\u00e4mp\u00f6mittarin kanssa.<\/p>","protected":false},"author":5,"featured_media":4253,"parent":3128,"menu_order":0,"comment_status":"closed","ping_status":"closed","template":"tuote.php","meta":{"_acf_changed":false,"_seopress_robots_primary_cat":"","_seopress_titles_title":"","_seopress_titles_desc":"","_seopress_robots_index":"","_et_pb_use_builder":"","_et_pb_old_content":"","_et_gb_content_width":"","inline_featured_image":false,"footnotes":"","_links_to":"","_links_to_target":""},"categories":[],"tags":[],"class_list":["post-3443","page","type-page","status-publish","has-post-thumbnail","hentry"],"acf":[],"_links":{"self":[{"href":"https:\/\/aimtec.fi\/en\/wp-json\/wp\/v2\/pages\/3443","targetHints":{"allow":["GET"]}}],"collection":[{"href":"https:\/\/aimtec.fi\/en\/wp-json\/wp\/v2\/pages"}],"about":[{"href":"https:\/\/aimtec.fi\/en\/wp-json\/wp\/v2\/types\/page"}],"author":[{"embeddable":true,"href":"https:\/\/aimtec.fi\/en\/wp-json\/wp\/v2\/users\/5"}],"replies":[{"embeddable":true,"href":"https:\/\/aimtec.fi\/en\/wp-json\/wp\/v2\/comments?post=3443"}],"version-history":[{"count":4,"href":"https:\/\/aimtec.fi\/en\/wp-json\/wp\/v2\/pages\/3443\/revisions"}],"predecessor-version":[{"id":4256,"href":"https:\/\/aimtec.fi\/en\/wp-json\/wp\/v2\/pages\/3443\/revisions\/4256"}],"up":[{"embeddable":true,"href":"https:\/\/aimtec.fi\/en\/wp-json\/wp\/v2\/pages\/3128"}],"wp:featuredmedia":[{"embeddable":true,"href":"https:\/\/aimtec.fi\/en\/wp-json\/wp\/v2\/media\/4253"}],"wp:attachment":[{"href":"https:\/\/aimtec.fi\/en\/wp-json\/wp\/v2\/media?parent=3443"}],"wp:term":[{"taxonomy":"category","embeddable":true,"href":"https:\/\/aimtec.fi\/en\/wp-json\/wp\/v2\/categories?post=3443"},{"taxonomy":"post_tag","embeddable":true,"href":"https:\/\/aimtec.fi\/en\/wp-json\/wp\/v2\/tags?post=3443"}],"curies":[{"name":"wp","href":"https:\/\/api.w.org\/{rel}","templated":true}]}}