{"id":3457,"date":"2018-10-09T11:02:53","date_gmt":"2018-10-09T08:02:53","guid":{"rendered":"https:\/\/www.aimtec.fi\/?page_id=3457"},"modified":"2025-04-08T08:06:16","modified_gmt":"2025-04-08T05:06:16","slug":"wohler-pyoriva-kanavaharja","status":"publish","type":"page","link":"https:\/\/aimtec.fi\/en\/nuohousvalineet-ja-nuohoustarvikkeet\/wohler-pyoriva-kanavaharja\/","title":{"rendered":"W\u00d6HLER &#8211; Py\u00f6riv\u00e4 kanavaharja, 1.5 &#8211; 15 m"},"content":{"rendered":"<h3 style=\"color: #fefefe;\">Tehokas py\u00f6riv\u00e4 kanavaharja porakoneakselilla<\/h3>\n<ul>\n<li>mm. max \u00d8 25 cm ilmastointikanavien puhdistukseen.<\/li>\n<li>Py\u00f6ritys porakoneella my\u00f6t\u00e4p\u00e4iv\u00e4\u00e4n<\/li>\n<li>lyhyt puhdistusp\u00e4\u00e4n liitoskappale mahdollistaa hyv\u00e4n etenemisen tiukoissakin kulmissa<\/li>\n<li>puolipy\u00f6re\u00e4t Perlon puhdistusharjat etenev\u00e4t sujuvasti kanavassa<\/li>\n<li>Hinnat: 179-325\u20ac + alv pituuden mukaan.<\/li>\n<\/ul>","protected":false},"excerpt":{"rendered":"<p>Tehokas py\u00f6riv\u00e4 kanavaharja porakoneakselilla mm. max \u00d8 25 cm ilmastointikanavien puhdistukseen. Py\u00f6ritys porakoneella my\u00f6t\u00e4p\u00e4iv\u00e4\u00e4n lyhyt puhdistusp\u00e4\u00e4n liitoskappale mahdollistaa hyv\u00e4n etenemisen tiukoissakin kulmissa puolipy\u00f6re\u00e4t Perlon puhdistusharjat etenev\u00e4t sujuvasti kanavassa Hinnat: 179-325\u20ac + alv pituuden mukaan.<\/p>","protected":false},"author":5,"featured_media":3458,"parent":1478,"menu_order":0,"comment_status":"closed","ping_status":"closed","template":"tuote.php","meta":{"_acf_changed":false,"_seopress_robots_primary_cat":"","_seopress_titles_title":"Kanavaharja - W\u00d6HLER - porakoneakseli \u2714\ufe0f - Aimtec Oy","_seopress_titles_desc":"Tehokas W\u00f6hlerin kanavaharja porakoneakselilla ilmastointikanavien puhdistukseen. Hyv\u00e4 eteneminen tiukoissakin kulmissa. Meilt\u00e4 my\u00f6s huollot tuotteillemme..","_seopress_robots_index":"","_et_pb_use_builder":"","_et_pb_old_content":"","_et_gb_content_width":"","inline_featured_image":false,"footnotes":"","_links_to":"","_links_to_target":""},"categories":[],"tags":[],"class_list":["post-3457","page","type-page","status-publish","has-post-thumbnail","hentry"],"acf":[],"_links":{"self":[{"href":"https:\/\/aimtec.fi\/en\/wp-json\/wp\/v2\/pages\/3457","targetHints":{"allow":["GET"]}}],"collection":[{"href":"https:\/\/aimtec.fi\/en\/wp-json\/wp\/v2\/pages"}],"about":[{"href":"https:\/\/aimtec.fi\/en\/wp-json\/wp\/v2\/types\/page"}],"author":[{"embeddable":true,"href":"https:\/\/aimtec.fi\/en\/wp-json\/wp\/v2\/users\/5"}],"replies":[{"embeddable":true,"href":"https:\/\/aimtec.fi\/en\/wp-json\/wp\/v2\/comments?post=3457"}],"version-history":[{"count":13,"href":"https:\/\/aimtec.fi\/en\/wp-json\/wp\/v2\/pages\/3457\/revisions"}],"predecessor-version":[{"id":18006,"href":"https:\/\/aimtec.fi\/en\/wp-json\/wp\/v2\/pages\/3457\/revisions\/18006"}],"up":[{"embeddable":true,"href":"https:\/\/aimtec.fi\/en\/wp-json\/wp\/v2\/pages\/1478"}],"wp:featuredmedia":[{"embeddable":true,"href":"https:\/\/aimtec.fi\/en\/wp-json\/wp\/v2\/media\/3458"}],"wp:attachment":[{"href":"https:\/\/aimtec.fi\/en\/wp-json\/wp\/v2\/media?parent=3457"}],"wp:term":[{"taxonomy":"category","embeddable":true,"href":"https:\/\/aimtec.fi\/en\/wp-json\/wp\/v2\/categories?post=3457"},{"taxonomy":"post_tag","embeddable":true,"href":"https:\/\/aimtec.fi\/en\/wp-json\/wp\/v2\/tags?post=3457"}],"curies":[{"name":"wp","href":"https:\/\/api.w.org\/{rel}","templated":true}]}}