{"id":3460,"date":"2018-10-09T11:05:39","date_gmt":"2018-10-09T08:05:39","guid":{"rendered":"https:\/\/www.aimtec.fi\/?page_id=3460"},"modified":"2019-02-12T14:01:11","modified_gmt":"2019-02-12T12:01:11","slug":"wohler-minihaspeli-s-15-m-kahvalla-ja-vyokiinnityksilla","status":"publish","type":"page","link":"https:\/\/aimtec.fi\/en\/nuohousvalineet-ja-nuohoustarvikkeet\/wohler-minihaspeli-s-15-m-kahvalla-ja-vyokiinnityksilla\/","title":{"rendered":"W\u00d6HLER &#8211; minihaspeli 15 m vaijerilla"},"content":{"rendered":"<p>Minihaspelia k\u00e4ytet\u00e4\u00e4n pienten kanavien ja putkien puhdistukseen \u00d8 40 mm alkaen.<\/p>\n<ul>\n<li>lasikuituvahvistettu vaijeri \u00d8 4.5 mm, pituus 15 m<\/li>\n<li>harjaliit\u00e4nn\u00e4t: M5 kierre ja\u00a0\u00d8 6 mm kiinnitysreik\u00e4<\/li>\n<li>kevyt k\u00e4sitell\u00e4, paino 0.84 kg<\/li>\n<li>ergonominen k\u00e4sikahva<\/li>\n<li>vy\u00f6pidike<\/li>\n<\/ul>","protected":false},"excerpt":{"rendered":"<p>Minihaspelia k\u00e4ytet\u00e4\u00e4n pienten kanavien ja putkien puhdistukseen \u00d8 40 mm alkaen. lasikuituvahvistettu vaijeri \u00d8 4.5 mm, pituus 15 m harjaliit\u00e4nn\u00e4t: M5 kierre ja\u00a0\u00d8 6 mm kiinnitysreik\u00e4 kevyt k\u00e4sitell\u00e4, paino 0.84 kg ergonominen k\u00e4sikahva vy\u00f6pidike<\/p>","protected":false},"author":5,"featured_media":3461,"parent":1478,"menu_order":0,"comment_status":"closed","ping_status":"closed","template":"tuote.php","meta":{"_acf_changed":false,"_seopress_robots_primary_cat":"","_seopress_titles_title":"","_seopress_titles_desc":"","_seopress_robots_index":"","_seopress_analysis_target_kw":"","_et_pb_use_builder":"","_et_pb_old_content":"","_et_gb_content_width":"","inline_featured_image":false,"footnotes":"","_links_to":"","_links_to_target":""},"categories":[],"tags":[],"class_list":["post-3460","page","type-page","status-publish","has-post-thumbnail","hentry"],"acf":[],"_links":{"self":[{"href":"https:\/\/aimtec.fi\/en\/wp-json\/wp\/v2\/pages\/3460","targetHints":{"allow":["GET"]}}],"collection":[{"href":"https:\/\/aimtec.fi\/en\/wp-json\/wp\/v2\/pages"}],"about":[{"href":"https:\/\/aimtec.fi\/en\/wp-json\/wp\/v2\/types\/page"}],"author":[{"embeddable":true,"href":"https:\/\/aimtec.fi\/en\/wp-json\/wp\/v2\/users\/5"}],"replies":[{"embeddable":true,"href":"https:\/\/aimtec.fi\/en\/wp-json\/wp\/v2\/comments?post=3460"}],"version-history":[{"count":3,"href":"https:\/\/aimtec.fi\/en\/wp-json\/wp\/v2\/pages\/3460\/revisions"}],"predecessor-version":[{"id":4308,"href":"https:\/\/aimtec.fi\/en\/wp-json\/wp\/v2\/pages\/3460\/revisions\/4308"}],"up":[{"embeddable":true,"href":"https:\/\/aimtec.fi\/en\/wp-json\/wp\/v2\/pages\/1478"}],"wp:featuredmedia":[{"embeddable":true,"href":"https:\/\/aimtec.fi\/en\/wp-json\/wp\/v2\/media\/3461"}],"wp:attachment":[{"href":"https:\/\/aimtec.fi\/en\/wp-json\/wp\/v2\/media?parent=3460"}],"wp:term":[{"taxonomy":"category","embeddable":true,"href":"https:\/\/aimtec.fi\/en\/wp-json\/wp\/v2\/categories?post=3460"},{"taxonomy":"post_tag","embeddable":true,"href":"https:\/\/aimtec.fi\/en\/wp-json\/wp\/v2\/tags?post=3460"}],"curies":[{"name":"wp","href":"https:\/\/api.w.org\/{rel}","templated":true}]}}