{"id":3475,"date":"2018-10-09T11:43:12","date_gmt":"2018-10-09T08:43:12","guid":{"rendered":"https:\/\/www.aimtec.fi\/?page_id=3475"},"modified":"2025-05-13T14:23:09","modified_gmt":"2025-05-13T11:23:09","slug":"kimo-kiray50-infrapunalampomittari","status":"publish","type":"page","link":"https:\/\/aimtec.fi\/en\/lampotilamittarit\/kimo-kiray50-infrapunalampomittari\/","title":{"rendered":"KIMO &#8211; KIRAY50 infrapunal\u00e4mp\u00f6mittari"},"content":{"rendered":"<div class=\"field field-name-body field-type-text-with-summary field-label-hidden\">\n<div class=\"field-items\">\n<div class=\"field-item even\">\n<p>KIMO Kiray 50 on pienikokoinen, helppok\u00e4ytt\u00f6inen ja nopeatoiminen infrapunal\u00e4mp\u00f6mittari mittausalueella -50\u00b0C&#8230;+380\u00b0C.<\/p>\n<\/div>\n<\/div>\n<\/div>\n<div class=\"field field-name-field-tuote-esite field-type-file field-label-inline clearfix\"><\/div>","protected":false},"excerpt":{"rendered":"<p>KIMO Kiray 50 on pienikokoinen, helppok\u00e4ytt\u00f6inen ja nopeatoiminen infrapunal\u00e4mp\u00f6mittari mittausalueella -50\u00b0C&#8230;+380\u00b0C.<\/p>","protected":false},"author":5,"featured_media":3477,"parent":1328,"menu_order":0,"comment_status":"closed","ping_status":"closed","template":"tuote.php","meta":{"_acf_changed":false,"_seopress_robots_primary_cat":"","_seopress_titles_title":"","_seopress_titles_desc":"","_seopress_robots_index":"","_et_pb_use_builder":"","_et_pb_old_content":"","_et_gb_content_width":"","inline_featured_image":false,"footnotes":"","_links_to":"","_links_to_target":""},"categories":[],"tags":[],"class_list":["post-3475","page","type-page","status-publish","has-post-thumbnail","hentry"],"acf":[],"_links":{"self":[{"href":"https:\/\/aimtec.fi\/en\/wp-json\/wp\/v2\/pages\/3475","targetHints":{"allow":["GET"]}}],"collection":[{"href":"https:\/\/aimtec.fi\/en\/wp-json\/wp\/v2\/pages"}],"about":[{"href":"https:\/\/aimtec.fi\/en\/wp-json\/wp\/v2\/types\/page"}],"author":[{"embeddable":true,"href":"https:\/\/aimtec.fi\/en\/wp-json\/wp\/v2\/users\/5"}],"replies":[{"embeddable":true,"href":"https:\/\/aimtec.fi\/en\/wp-json\/wp\/v2\/comments?post=3475"}],"version-history":[{"count":2,"href":"https:\/\/aimtec.fi\/en\/wp-json\/wp\/v2\/pages\/3475\/revisions"}],"predecessor-version":[{"id":18022,"href":"https:\/\/aimtec.fi\/en\/wp-json\/wp\/v2\/pages\/3475\/revisions\/18022"}],"up":[{"embeddable":true,"href":"https:\/\/aimtec.fi\/en\/wp-json\/wp\/v2\/pages\/1328"}],"wp:featuredmedia":[{"embeddable":true,"href":"https:\/\/aimtec.fi\/en\/wp-json\/wp\/v2\/media\/3477"}],"wp:attachment":[{"href":"https:\/\/aimtec.fi\/en\/wp-json\/wp\/v2\/media?parent=3475"}],"wp:term":[{"taxonomy":"category","embeddable":true,"href":"https:\/\/aimtec.fi\/en\/wp-json\/wp\/v2\/categories?post=3475"},{"taxonomy":"post_tag","embeddable":true,"href":"https:\/\/aimtec.fi\/en\/wp-json\/wp\/v2\/tags?post=3475"}],"curies":[{"name":"wp","href":"https:\/\/api.w.org\/{rel}","templated":true}]}}