{"id":4049,"date":"2019-01-14T11:48:24","date_gmt":"2019-01-14T09:48:24","guid":{"rendered":"https:\/\/www.aimtec.fi\/?page_id=4049"},"modified":"2020-12-16T05:57:28","modified_gmt":"2020-12-16T03:57:28","slug":"drager-p4000-paine-ja-tiiviystesteri","status":"publish","type":"page","link":"https:\/\/aimtec.fi\/en\/tiiviysmittarit\/drager-p4000-paine-ja-tiiviystesteri\/","title":{"rendered":"DR\u00c4GER &#8211; P4000 paine- ja tiiviystesteri"},"content":{"rendered":"<p>Pienikokoinen ja kevyt <strong>Dr\u00e4ger P4000<\/strong> <strong>paine- ja tiiviystesteri<\/strong> soveltuu mm. maakaasu- ja nestekaasuputkistojen sek\u00e4 k\u00e4ytt\u00f6vesij\u00e4rjestelmien testaamiseen. Yleisten paine- ja tiiviysmittauksien lis\u00e4ksi testeriin on tallennettu valmiita, standardien mukaisia mittausohjelmia (mm. DIN EN 806), jotka helpottavat ja nopeuttavat k\u00e4ytt\u00f6\u00e4. Testerin sis\u00e4inen paineanturi mittaa 160 mbariin asti, mutta mittausaluetta voi laajentaa ulkoisilla antureilla (3.5 ja 25 bar). Testeriin tallennetut mittaustulokset voidaan siirt\u00e4\u00e4 tietokoneeseen Dr\u00e4gerin ohjelmaan, ja esimerkiksi tulostaa raportit omalla logolla ja yhteystiedoilla. Raportit voidaan my\u00f6s tulostaa suoraan testerist\u00e4 infrapunatulostimella (lis\u00e4varuste). Testeriss\u00e4 on korkean resoluution kosketusv\u00e4rin\u00e4ytt\u00f6 ja selke\u00e4t toimintovalikot. Valikon kielivaihtoehtoina englanti, saksa, ranska, ja italia.<\/p>\n<p>Katso esittelyvideo <a href=\"https:\/\/youtu.be\/CWREvxt2f3k\" target=\"_blank\" rel=\"noopener noreferrer\">t\u00e4st\u00e4 linkist\u00e4<\/a><\/p>","protected":false},"excerpt":{"rendered":"<p>Pienikokoinen ja kevyt Dr\u00e4ger P4000 paine- ja tiiviystesteri soveltuu mm. maakaasu- ja nestekaasuputkistojen sek\u00e4 k\u00e4ytt\u00f6vesij\u00e4rjestelmien testaamiseen. Yleisten paine- ja tiiviysmittauksien lis\u00e4ksi testeriin on tallennettu valmiita, standardien mukaisia mittausohjelmia (mm. DIN EN 806), jotka helpottavat ja nopeuttavat k\u00e4ytt\u00f6\u00e4. Testerin sis\u00e4inen paineanturi mittaa 160 mbariin asti, mutta mittausaluetta voi laajentaa ulkoisilla antureilla (3.5 ja 25 bar). Testeriin&#8230;<\/p>","protected":false},"author":4,"featured_media":4050,"parent":3094,"menu_order":0,"comment_status":"closed","ping_status":"closed","template":"tuote.php","meta":{"_acf_changed":false,"_seopress_robots_primary_cat":"","_seopress_titles_title":"","_seopress_titles_desc":"","_seopress_robots_index":"","_et_pb_use_builder":"","_et_pb_old_content":"","_et_gb_content_width":"","inline_featured_image":false,"footnotes":"","_links_to":"","_links_to_target":""},"categories":[12],"tags":[],"class_list":["post-4049","page","type-page","status-publish","has-post-thumbnail","hentry","category-tuote"],"acf":[],"_links":{"self":[{"href":"https:\/\/aimtec.fi\/en\/wp-json\/wp\/v2\/pages\/4049","targetHints":{"allow":["GET"]}}],"collection":[{"href":"https:\/\/aimtec.fi\/en\/wp-json\/wp\/v2\/pages"}],"about":[{"href":"https:\/\/aimtec.fi\/en\/wp-json\/wp\/v2\/types\/page"}],"author":[{"embeddable":true,"href":"https:\/\/aimtec.fi\/en\/wp-json\/wp\/v2\/users\/4"}],"replies":[{"embeddable":true,"href":"https:\/\/aimtec.fi\/en\/wp-json\/wp\/v2\/comments?post=4049"}],"version-history":[{"count":17,"href":"https:\/\/aimtec.fi\/en\/wp-json\/wp\/v2\/pages\/4049\/revisions"}],"predecessor-version":[{"id":8352,"href":"https:\/\/aimtec.fi\/en\/wp-json\/wp\/v2\/pages\/4049\/revisions\/8352"}],"up":[{"embeddable":true,"href":"https:\/\/aimtec.fi\/en\/wp-json\/wp\/v2\/pages\/3094"}],"wp:featuredmedia":[{"embeddable":true,"href":"https:\/\/aimtec.fi\/en\/wp-json\/wp\/v2\/media\/4050"}],"wp:attachment":[{"href":"https:\/\/aimtec.fi\/en\/wp-json\/wp\/v2\/media?parent=4049"}],"wp:term":[{"taxonomy":"category","embeddable":true,"href":"https:\/\/aimtec.fi\/en\/wp-json\/wp\/v2\/categories?post=4049"},{"taxonomy":"post_tag","embeddable":true,"href":"https:\/\/aimtec.fi\/en\/wp-json\/wp\/v2\/tags?post=4049"}],"curies":[{"name":"wp","href":"https:\/\/api.w.org\/{rel}","templated":true}]}}