{"id":4073,"date":"2019-01-15T11:37:48","date_gmt":"2019-01-15T09:37:48","guid":{"rendered":"https:\/\/www.aimtec.fi\/?page_id=4073"},"modified":"2020-12-15T09:14:02","modified_gmt":"2020-12-15T07:14:02","slug":"1-wohler-snapsweep-nuohousjarjestelma","status":"publish","type":"page","link":"https:\/\/aimtec.fi\/en\/nuohousvalineet-ja-nuohoustarvikkeet\/1-wohler-snapsweep-nuohousjarjestelma\/","title":{"rendered":"1 W\u00d6HLER &#8211; Snap&#038;Sweep\u00ae nuohousj\u00e4rjestelm\u00e4"},"content":{"rendered":"<p><strong>W\u00f6hler Snap&amp;Sweep\u00ae<\/strong> on ammattilaisen nuohousj\u00e4rjestelm\u00e4 nopeaan ja \u00a0helppoon savupiippujen ja putkien puhdistukseen. J\u00e4rjestelm\u00e4 koostuu nuohousvarsista, puhdistusp\u00e4ist\u00e4 (harjat, nylonlangat, ketjut) ja adaptereista, ja osat liitet\u00e4\u00e4n toisiinsa n\u00e4pp\u00e4rill\u00e4 snap-in \u2013pikaliittimill\u00e4. Porakoneadapterin avulla vartta voi py\u00f6ritt\u00e4\u00e4 porakoneella. Nuohousvarsia voi liitt\u00e4\u00e4 toisiinsa nopeasti snap-in- pikaliittimill\u00e4, jotta saadaan kuhunkin toimenpiteeseen sopiva varren pituus.<\/p>\n<p><strong>Tuotepaketit:<\/strong><\/p>\n<p><strong>W\u00f6hler Snap&amp;Sweep\u00ae peruspaketti<\/strong><br \/>\n10 kpl nuohousvarsia (pituus 1 m) snap-in -pikaliittimill\u00e4<br \/>\n1 kpl harja Perlon \u00d8 20 cm<br \/>\n1 kpl kantolaukku nuohousvarsille<br \/>\n1 kpl kantopussi puhdistustarvikkeille<\/p>\n<p><strong>W\u00f6hler Snap&amp;Sweep\u00ae puhdistuspaketti<br \/>\n<\/strong>1 kpl porakoneadapteri<br \/>\n1 kpl py\u00f6riv\u00e4 puhdistusp\u00e4\u00e4adapteri<br \/>\n6 kpl nylonlankoja, \u00d8 3 mm, pituus 30 cm<br \/>\n6 kpl ketjuja, ruostumatonta ter\u00e4st\u00e4, \u00d8 3 mm, pituus 15 cm<\/p>\n<p>Katso esittelyvideo <a href=\"https:\/\/youtu.be\/r8E81xnAtF0\" target=\"_blank\" rel=\"noopener noreferrer\">t\u00e4st\u00e4 linkist\u00e4<\/a><\/p>","protected":false},"excerpt":{"rendered":"<p>W\u00f6hler Snap&amp;Sweep\u00ae on ammattilaisen nuohousj\u00e4rjestelm\u00e4 nopeaan ja \u00a0helppoon savupiippujen ja putkien puhdistukseen. J\u00e4rjestelm\u00e4 koostuu nuohousvarsista, puhdistusp\u00e4ist\u00e4 (harjat, nylonlangat, ketjut) ja adaptereista, ja osat liitet\u00e4\u00e4n toisiinsa n\u00e4pp\u00e4rill\u00e4 snap-in \u2013pikaliittimill\u00e4. Porakoneadapterin avulla vartta voi py\u00f6ritt\u00e4\u00e4 porakoneella. Nuohousvarsia voi liitt\u00e4\u00e4 toisiinsa nopeasti snap-in- pikaliittimill\u00e4, jotta saadaan kuhunkin toimenpiteeseen sopiva varren pituus. Tuotepaketit: W\u00f6hler Snap&amp;Sweep\u00ae peruspaketti 10 kpl nuohousvarsia&#8230;<\/p>","protected":false},"author":4,"featured_media":4074,"parent":1478,"menu_order":0,"comment_status":"closed","ping_status":"closed","template":"tuote.php","meta":{"_acf_changed":false,"_seopress_robots_primary_cat":"","_seopress_titles_title":"","_seopress_titles_desc":"","_seopress_robots_index":"","_et_pb_use_builder":"","_et_pb_old_content":"","_et_gb_content_width":"","inline_featured_image":false,"footnotes":"","_links_to":"","_links_to_target":""},"categories":[],"tags":[],"class_list":["post-4073","page","type-page","status-publish","has-post-thumbnail","hentry"],"acf":[],"_links":{"self":[{"href":"https:\/\/aimtec.fi\/en\/wp-json\/wp\/v2\/pages\/4073","targetHints":{"allow":["GET"]}}],"collection":[{"href":"https:\/\/aimtec.fi\/en\/wp-json\/wp\/v2\/pages"}],"about":[{"href":"https:\/\/aimtec.fi\/en\/wp-json\/wp\/v2\/types\/page"}],"author":[{"embeddable":true,"href":"https:\/\/aimtec.fi\/en\/wp-json\/wp\/v2\/users\/4"}],"replies":[{"embeddable":true,"href":"https:\/\/aimtec.fi\/en\/wp-json\/wp\/v2\/comments?post=4073"}],"version-history":[{"count":7,"href":"https:\/\/aimtec.fi\/en\/wp-json\/wp\/v2\/pages\/4073\/revisions"}],"predecessor-version":[{"id":8250,"href":"https:\/\/aimtec.fi\/en\/wp-json\/wp\/v2\/pages\/4073\/revisions\/8250"}],"up":[{"embeddable":true,"href":"https:\/\/aimtec.fi\/en\/wp-json\/wp\/v2\/pages\/1478"}],"wp:featuredmedia":[{"embeddable":true,"href":"https:\/\/aimtec.fi\/en\/wp-json\/wp\/v2\/media\/4074"}],"wp:attachment":[{"href":"https:\/\/aimtec.fi\/en\/wp-json\/wp\/v2\/media?parent=4073"}],"wp:term":[{"taxonomy":"category","embeddable":true,"href":"https:\/\/aimtec.fi\/en\/wp-json\/wp\/v2\/categories?post=4073"},{"taxonomy":"post_tag","embeddable":true,"href":"https:\/\/aimtec.fi\/en\/wp-json\/wp\/v2\/tags?post=4073"}],"curies":[{"name":"wp","href":"https:\/\/api.w.org\/{rel}","templated":true}]}}