{"id":4485,"date":"2019-02-22T11:51:41","date_gmt":"2019-02-22T09:51:41","guid":{"rendered":"https:\/\/aimtec.fi\/?page_id=4485"},"modified":"2019-02-22T11:53:26","modified_gmt":"2019-02-22T09:53:26","slug":"404-2","status":"publish","type":"page","link":"https:\/\/aimtec.fi\/en\/404-2\/","title":{"rendered":"404"},"content":{"rendered":"<p>[et_pb_section fb_built=&#8221;1&#8243; module_class=&#8221;mm-404&#8243; _builder_version=&#8221;3.17.3&#8243; background_color=&#8221;rgba(0,0,0,0.85)&#8221; background_blend=&#8221;overlay&#8221; global_module=&#8221;4492&#8243; saved_tabs=&#8221;all&#8221;][et_pb_row _builder_version=&#8221;3.17.2&#8243;][et_pb_column type=&#8221;4_4&#8243; _builder_version=&#8221;3.17.2&#8243; parallax=&#8221;off&#8221; parallax_method=&#8221;on&#8221;][et_pb_image src=&#8221;https:\/\/aimtec.fi\/wp-content\/uploads\/2019\/02\/404-error5.svg&#8221; align=&#8221;center&#8221; _builder_version=&#8221;3.17.3&#8243; max_width=&#8221;25%&#8221; module_alignment=&#8221;center&#8221;][\/et_pb_image][\/et_pb_column][\/et_pb_row][et_pb_row _builder_version=&#8221;3.17.2&#8243;][et_pb_column type=&#8221;4_4&#8243; _builder_version=&#8221;3.17.2&#8243; parallax=&#8221;off&#8221; parallax_method=&#8221;on&#8221;][et_pb_text _builder_version=&#8221;3.17.2&#8243; header_font=&#8221;|||on|||||&#8221; header_text_align=&#8221;center&#8221; header_text_color=&#8221;#ffffff&#8221; header_font_size=&#8221;3em&#8221;]<\/p>\n<h1>Voi ei!<\/h1>\n<p>[\/et_pb_text][et_pb_text _builder_version=&#8221;3.17.2&#8243; text_font=&#8221;||||||||&#8221; text_text_color=&#8221;#ffffff&#8221; text_orientation=&#8221;center&#8221;]<\/p>\n<p>Valitettavasti etsim\u00e4\u00e4nne sivua ei l\u00f6ytynyt, se voi\u00a0 esimerkiksi johtua n\u00e4ist\u00e4 syist\u00e4:<\/p>\n<p>[\/et_pb_text][et_pb_text _builder_version=&#8221;3.17.2&#8243; text_font=&#8221;||||||||&#8221; text_text_color=&#8221;#ffffff&#8221; text_orientation=&#8221;center&#8221;]<\/p>\n<ul>\n<li>Sivun osoite on muuttunut<\/li>\n<li>Sivu on poistettu<\/li>\n<li>Sivun osoite on kirjoitettu v\u00e4\u00e4rin<\/li>\n<\/ul>\n<p>[\/et_pb_text][et_pb_text _builder_version=&#8221;3.17.2&#8243; text_font=&#8221;||||||||&#8221; text_text_color=&#8221;#ffffff&#8221; text_orientation=&#8221;center&#8221;]Yritt uudelleen tai palatkaa <a href=\"\/\" style=\"font-weight: 700\">etusivulle<\/a>.[\/et_pb_text][\/et_pb_column][\/et_pb_row][\/et_pb_section]<\/p>\n","protected":false},"excerpt":{"rendered":"<p>Voi ei! Valitettavasti etsim\u00e4\u00e4nne sivua ei l\u00f6ytynyt, se voi\u00a0 esimerkiksi johtua n\u00e4ist\u00e4 syist\u00e4: Sivun osoite on muuttunut Sivu on poistettu Sivun osoite on kirjoitettu v\u00e4\u00e4rin Yritt uudelleen tai palatkaa etusivulle.<\/p>","protected":false},"author":6,"featured_media":0,"parent":0,"menu_order":0,"comment_status":"closed","ping_status":"closed","template":"","meta":{"_acf_changed":false,"_seopress_robots_primary_cat":"","_seopress_titles_title":"","_seopress_titles_desc":"","_seopress_robots_index":"","_et_pb_use_builder":"on","_et_pb_old_content":"","_et_gb_content_width":"","inline_featured_image":false,"footnotes":"","_links_to":"","_links_to_target":""},"categories":[],"tags":[],"class_list":["post-4485","page","type-page","status-publish","hentry"],"acf":[],"_links":{"self":[{"href":"https:\/\/aimtec.fi\/en\/wp-json\/wp\/v2\/pages\/4485","targetHints":{"allow":["GET"]}}],"collection":[{"href":"https:\/\/aimtec.fi\/en\/wp-json\/wp\/v2\/pages"}],"about":[{"href":"https:\/\/aimtec.fi\/en\/wp-json\/wp\/v2\/types\/page"}],"author":[{"embeddable":true,"href":"https:\/\/aimtec.fi\/en\/wp-json\/wp\/v2\/users\/6"}],"replies":[{"embeddable":true,"href":"https:\/\/aimtec.fi\/en\/wp-json\/wp\/v2\/comments?post=4485"}],"version-history":[{"count":3,"href":"https:\/\/aimtec.fi\/en\/wp-json\/wp\/v2\/pages\/4485\/revisions"}],"predecessor-version":[{"id":4493,"href":"https:\/\/aimtec.fi\/en\/wp-json\/wp\/v2\/pages\/4485\/revisions\/4493"}],"wp:attachment":[{"href":"https:\/\/aimtec.fi\/en\/wp-json\/wp\/v2\/media?parent=4485"}],"wp:term":[{"taxonomy":"category","embeddable":true,"href":"https:\/\/aimtec.fi\/en\/wp-json\/wp\/v2\/categories?post=4485"},{"taxonomy":"post_tag","embeddable":true,"href":"https:\/\/aimtec.fi\/en\/wp-json\/wp\/v2\/tags?post=4485"}],"curies":[{"name":"wp","href":"https:\/\/api.w.org\/{rel}","templated":true}]}}