{"id":4752,"date":"2019-05-03T14:58:38","date_gmt":"2019-05-03T11:58:38","guid":{"rendered":"https:\/\/aimtec.fi\/?page_id=4752"},"modified":"2024-01-03T11:37:05","modified_gmt":"2024-01-03T09:37:05","slug":"aeroqual-portable-air-quality-monitor","status":"publish","type":"page","link":"https:\/\/aimtec.fi\/en\/sisailmanlaadun-mittarit\/aeroqual-portable-air-quality-monitor\/","title":{"rendered":"Aeroqual Portable Air Quality Monitor"},"content":{"rendered":"<p>Aeroqual-kaasumittaria k\u00e4ytet\u00e4\u00e4n mm. sis\u00e4ilman laadun mittauksiin esimerkiksi ty\u00f6paikoilla ja kouluissa, ymp\u00e4rist\u00f6n tilan seurantaan ja elintarvike- ja l\u00e4\u00e4keteollisuuden prosessien valvontaan. Laitteella voidaan mitata mm. seuraavia kaasuja: hiilimonoksidi, hiilidioksidi, VOC-yhdisteet, otsoni, ammoniakki, formaldehydi, vety, rikkivety, metaani, typpidioksidi, tetrakloorieteeni ja rikkidioksidi. Mittariin valitaan kaasun ja pitoisuuden perusteella sopiva anturip\u00e4\u00e4, ja se on helppo kiinnitt\u00e4\u00e4 mittariin. Erillist\u00e4 asetusten s\u00e4\u00e4t\u00f6\u00e4 ei tarvita, joten anturip\u00e4\u00e4 voidaan helposti vaihtaa toiseen mittauskohteessa eik\u00e4 mittaria tarvitse uudelleenkalibroida.<\/p>\n<p>Aeroqual-kaasumittarimalleja on kaksi. 300-sarja on edullinen perusmalli l\u00e4hinn\u00e4 lyhytkestoisiin sis\u00e4ilman mittauksiin. 500 sarjassa on ominaisuuksina h\u00e4lytys- ja tallennustoiminnot, PC-ohjelma mittaustietojen k\u00e4sittelyyn ja analoginen ulostulo.<\/p>","protected":false},"excerpt":{"rendered":"<p>Aeroqual-kaasumittaria k\u00e4ytet\u00e4\u00e4n mm. sis\u00e4ilman laadun mittauksiin esimerkiksi ty\u00f6paikoilla ja kouluissa, ymp\u00e4rist\u00f6n tilan seurantaan ja elintarvike- ja l\u00e4\u00e4keteollisuuden prosessien valvontaan. Laitteella voidaan mitata mm. seuraavia kaasuja: hiilimonoksidi, hiilidioksidi, VOC-yhdisteet, otsoni, ammoniakki, formaldehydi, vety, rikkivety, metaani, typpidioksidi, tetrakloorieteeni ja rikkidioksidi. Mittariin valitaan kaasun ja pitoisuuden perusteella sopiva anturip\u00e4\u00e4, ja se on helppo kiinnitt\u00e4\u00e4 mittariin. Erillist\u00e4 asetusten s\u00e4\u00e4t\u00f6\u00e4&#8230;<\/p>","protected":false},"author":4,"featured_media":17688,"parent":3088,"menu_order":0,"comment_status":"closed","ping_status":"closed","template":"tuote.php","meta":{"_acf_changed":false,"_seopress_robots_primary_cat":"","_seopress_titles_title":"","_seopress_titles_desc":"","_seopress_robots_index":"","_et_pb_use_builder":"","_et_pb_old_content":"","_et_gb_content_width":"","inline_featured_image":false,"footnotes":"","_links_to":"","_links_to_target":""},"categories":[],"tags":[],"class_list":["post-4752","page","type-page","status-publish","has-post-thumbnail","hentry"],"acf":[],"_links":{"self":[{"href":"https:\/\/aimtec.fi\/en\/wp-json\/wp\/v2\/pages\/4752","targetHints":{"allow":["GET"]}}],"collection":[{"href":"https:\/\/aimtec.fi\/en\/wp-json\/wp\/v2\/pages"}],"about":[{"href":"https:\/\/aimtec.fi\/en\/wp-json\/wp\/v2\/types\/page"}],"author":[{"embeddable":true,"href":"https:\/\/aimtec.fi\/en\/wp-json\/wp\/v2\/users\/4"}],"replies":[{"embeddable":true,"href":"https:\/\/aimtec.fi\/en\/wp-json\/wp\/v2\/comments?post=4752"}],"version-history":[{"count":17,"href":"https:\/\/aimtec.fi\/en\/wp-json\/wp\/v2\/pages\/4752\/revisions"}],"predecessor-version":[{"id":17690,"href":"https:\/\/aimtec.fi\/en\/wp-json\/wp\/v2\/pages\/4752\/revisions\/17690"}],"up":[{"embeddable":true,"href":"https:\/\/aimtec.fi\/en\/wp-json\/wp\/v2\/pages\/3088"}],"wp:featuredmedia":[{"embeddable":true,"href":"https:\/\/aimtec.fi\/en\/wp-json\/wp\/v2\/media\/17688"}],"wp:attachment":[{"href":"https:\/\/aimtec.fi\/en\/wp-json\/wp\/v2\/media?parent=4752"}],"wp:term":[{"taxonomy":"category","embeddable":true,"href":"https:\/\/aimtec.fi\/en\/wp-json\/wp\/v2\/categories?post=4752"},{"taxonomy":"post_tag","embeddable":true,"href":"https:\/\/aimtec.fi\/en\/wp-json\/wp\/v2\/tags?post=4752"}],"curies":[{"name":"wp","href":"https:\/\/api.w.org\/{rel}","templated":true}]}}