{"id":4805,"date":"2019-05-28T12:54:36","date_gmt":"2019-05-28T09:54:36","guid":{"rendered":"https:\/\/aimtec.fi\/?page_id=4805"},"modified":"2019-09-23T12:41:47","modified_gmt":"2019-09-23T09:41:47","slug":"01-bos-cleaner-sahkokayttoinen-harjauskone-370e","status":"publish","type":"page","link":"https:\/\/aimtec.fi\/en\/nuohousvalineet-ja-nuohoustarvikkeet\/01-bos-cleaner-sahkokayttoinen-harjauskone-370e\/","title":{"rendered":"01 BOS Cleaner s\u00e4hk\u00f6k\u00e4ytt\u00f6inen harjauskone 370e"},"content":{"rendered":"<p>BOS Cleaner 370e on s\u00e4hk\u00f6k\u00e4ytt\u00f6inen harjauskone portaattomalla nopeuden s\u00e4\u00e4d\u00f6ll\u00e4 \u00d8 100 \u2013 400 mm ilmastointikanavien puhdistukseen, my\u00f6s suorakaiteen muotoisille kanaville. Harjan py\u00f6rimist\u00e4 ohjataan s\u00e4hk\u00f6k\u00e4ytt\u00f6isell\u00e4 jalkapolkimella. Koneesta on saatavilla my\u00f6s malli, jossa on polkimien lis\u00e4ksi langaton kaukos\u00e4\u00e4din, jonka avulla koneen k\u00e4ytt\u00f6 onnistuu yhdelt\u00e4kin henkil\u00f6lt\u00e4.<\/p>\n<p>Pienikokoisen koneen alla on hyvin rullaavat py\u00f6r\u00e4t, joten sit\u00e4 on helppo liikutella ahtaissakin tiloissa. Kone on varustettu laakeroiduilla tukirullilla, jolloin puhdistusakseli on helppo kelata ulos ja takaisin kelalle. Ty\u00f6skentelyulottuvuus on jopa 30 m silloin, kun puhdistusluukusta p\u00e4\u00e4st\u00e4\u00e4n kahteen eri suuntaan.<\/p>\n<p>Laaja valikoima muoviharjoja kokoluokissa \u00d8 200 \u2013 350 mm, kiinnitys M12 kierre tai harjaistukka. Lis\u00e4tietoja PDF-esitteess\u00e4 (Lataa PDF \u2013 linkki sivun alaosassa).<\/p>\n<p>Bos Cleaner harjauskoneet valmistetaan Suomessa.<\/p>","protected":false},"excerpt":{"rendered":"<p>BOS Cleaner 370e on s\u00e4hk\u00f6k\u00e4ytt\u00f6inen harjauskone portaattomalla nopeuden s\u00e4\u00e4d\u00f6ll\u00e4 \u00d8 100 \u2013 400 mm ilmastointikanavien puhdistukseen, my\u00f6s suorakaiteen muotoisille kanaville. Harjan py\u00f6rimist\u00e4 ohjataan s\u00e4hk\u00f6k\u00e4ytt\u00f6isell\u00e4 jalkapolkimella. Koneesta on saatavilla my\u00f6s malli, jossa on polkimien lis\u00e4ksi langaton kaukos\u00e4\u00e4din, jonka avulla koneen k\u00e4ytt\u00f6 onnistuu yhdelt\u00e4kin henkil\u00f6lt\u00e4. Pienikokoisen koneen alla on hyvin rullaavat py\u00f6r\u00e4t, joten sit\u00e4 on helppo liikutella&#8230;<\/p>","protected":false},"author":4,"featured_media":4806,"parent":1478,"menu_order":0,"comment_status":"closed","ping_status":"closed","template":"tuote.php","meta":{"_acf_changed":false,"_seopress_robots_primary_cat":"","_seopress_titles_title":"","_seopress_titles_desc":"","_seopress_robots_index":"","_et_pb_use_builder":"","_et_pb_old_content":"","_et_gb_content_width":"","inline_featured_image":false,"footnotes":"","_links_to":"","_links_to_target":""},"categories":[],"tags":[],"class_list":["post-4805","page","type-page","status-publish","has-post-thumbnail","hentry"],"acf":[],"_links":{"self":[{"href":"https:\/\/aimtec.fi\/en\/wp-json\/wp\/v2\/pages\/4805","targetHints":{"allow":["GET"]}}],"collection":[{"href":"https:\/\/aimtec.fi\/en\/wp-json\/wp\/v2\/pages"}],"about":[{"href":"https:\/\/aimtec.fi\/en\/wp-json\/wp\/v2\/types\/page"}],"author":[{"embeddable":true,"href":"https:\/\/aimtec.fi\/en\/wp-json\/wp\/v2\/users\/4"}],"replies":[{"embeddable":true,"href":"https:\/\/aimtec.fi\/en\/wp-json\/wp\/v2\/comments?post=4805"}],"version-history":[{"count":11,"href":"https:\/\/aimtec.fi\/en\/wp-json\/wp\/v2\/pages\/4805\/revisions"}],"predecessor-version":[{"id":5470,"href":"https:\/\/aimtec.fi\/en\/wp-json\/wp\/v2\/pages\/4805\/revisions\/5470"}],"up":[{"embeddable":true,"href":"https:\/\/aimtec.fi\/en\/wp-json\/wp\/v2\/pages\/1478"}],"wp:featuredmedia":[{"embeddable":true,"href":"https:\/\/aimtec.fi\/en\/wp-json\/wp\/v2\/media\/4806"}],"wp:attachment":[{"href":"https:\/\/aimtec.fi\/en\/wp-json\/wp\/v2\/media?parent=4805"}],"wp:term":[{"taxonomy":"category","embeddable":true,"href":"https:\/\/aimtec.fi\/en\/wp-json\/wp\/v2\/categories?post=4805"},{"taxonomy":"post_tag","embeddable":true,"href":"https:\/\/aimtec.fi\/en\/wp-json\/wp\/v2\/tags?post=4805"}],"curies":[{"name":"wp","href":"https:\/\/api.w.org\/{rel}","templated":true}]}}