{"id":4814,"date":"2019-05-28T12:55:36","date_gmt":"2019-05-28T09:55:36","guid":{"rendered":"https:\/\/aimtec.fi\/?page_id=4814"},"modified":"2019-05-28T12:55:36","modified_gmt":"2019-05-28T09:55:36","slug":"02-bos-cleaner-sahkokayttoinen-harjauskone-750e","status":"publish","type":"page","link":"https:\/\/aimtec.fi\/en\/nuohousvalineet-ja-nuohoustarvikkeet\/02-bos-cleaner-sahkokayttoinen-harjauskone-750e\/","title":{"rendered":"02 BOS Cleaner s\u00e4hk\u00f6k\u00e4ytt\u00f6inen harjauskone 750e"},"content":{"rendered":"<p>BOS Cleaner 750e on s\u00e4hk\u00f6k\u00e4ytt\u00f6inen harjauskone portaattomalla nopeuden s\u00e4\u00e4d\u00f6ll\u00e4 \u00d8 350 \u2013 700 mm ilmastointikanavien puhdistukseen \u2013 niin py\u00f6reille kuin suorakulmaisillekin kanaville. Harjan py\u00f6rimist\u00e4 ohjataan s\u00e4hk\u00f6k\u00e4ytt\u00f6isell\u00e4 jalkapolkimella.<\/p>\n<p>Koneen alla on hyvin rullaavat py\u00f6r\u00e4t, joten sit\u00e4 on helppo liikutella ahtaissakin tiloissa. Kone on varustettu laakeroiduilla tukirullilla, jolloin puhdistusakseli on helppo kelata ulos ja takaisin kelalle. Ty\u00f6skentelyulottuvuus on jopa 45 m silloin, kun puhdistusluukusta p\u00e4\u00e4st\u00e4\u00e4n kahteen eri suuntaan.<\/p>\n<p>Laaja valikoima muoviharjoja kokoluokissa \u00d8 200 \u2013 700 mm, kiinnitys M12 kierre tai harjaistukka. Lis\u00e4tietoja PDF-esitteess\u00e4 (Lataa PDF \u2013 linkki sivun alaosassa).<\/p>\n<p>Bos Cleaner harjauskoneet valmistetaan Suomessa.<\/p>","protected":false},"excerpt":{"rendered":"<p>BOS Cleaner 750e on s\u00e4hk\u00f6k\u00e4ytt\u00f6inen harjauskone portaattomalla nopeuden s\u00e4\u00e4d\u00f6ll\u00e4 \u00d8 350 \u2013 700 mm ilmastointikanavien puhdistukseen \u2013 niin py\u00f6reille kuin suorakulmaisillekin kanaville. Harjan py\u00f6rimist\u00e4 ohjataan s\u00e4hk\u00f6k\u00e4ytt\u00f6isell\u00e4 jalkapolkimella. Koneen alla on hyvin rullaavat py\u00f6r\u00e4t, joten sit\u00e4 on helppo liikutella ahtaissakin tiloissa. Kone on varustettu laakeroiduilla tukirullilla, jolloin puhdistusakseli on helppo kelata ulos ja takaisin kelalle. Ty\u00f6skentelyulottuvuus&#8230;<\/p>","protected":false},"author":4,"featured_media":4815,"parent":1478,"menu_order":0,"comment_status":"closed","ping_status":"closed","template":"tuote.php","meta":{"_acf_changed":false,"_seopress_robots_primary_cat":"","_seopress_titles_title":"","_seopress_titles_desc":"","_seopress_robots_index":"","_et_pb_use_builder":"","_et_pb_old_content":"","_et_gb_content_width":"","inline_featured_image":false,"footnotes":"","_links_to":"","_links_to_target":""},"categories":[],"tags":[],"class_list":["post-4814","page","type-page","status-publish","has-post-thumbnail","hentry"],"acf":[],"_links":{"self":[{"href":"https:\/\/aimtec.fi\/en\/wp-json\/wp\/v2\/pages\/4814","targetHints":{"allow":["GET"]}}],"collection":[{"href":"https:\/\/aimtec.fi\/en\/wp-json\/wp\/v2\/pages"}],"about":[{"href":"https:\/\/aimtec.fi\/en\/wp-json\/wp\/v2\/types\/page"}],"author":[{"embeddable":true,"href":"https:\/\/aimtec.fi\/en\/wp-json\/wp\/v2\/users\/4"}],"replies":[{"embeddable":true,"href":"https:\/\/aimtec.fi\/en\/wp-json\/wp\/v2\/comments?post=4814"}],"version-history":[{"count":4,"href":"https:\/\/aimtec.fi\/en\/wp-json\/wp\/v2\/pages\/4814\/revisions"}],"predecessor-version":[{"id":4823,"href":"https:\/\/aimtec.fi\/en\/wp-json\/wp\/v2\/pages\/4814\/revisions\/4823"}],"up":[{"embeddable":true,"href":"https:\/\/aimtec.fi\/en\/wp-json\/wp\/v2\/pages\/1478"}],"wp:featuredmedia":[{"embeddable":true,"href":"https:\/\/aimtec.fi\/en\/wp-json\/wp\/v2\/media\/4815"}],"wp:attachment":[{"href":"https:\/\/aimtec.fi\/en\/wp-json\/wp\/v2\/media?parent=4814"}],"wp:term":[{"taxonomy":"category","embeddable":true,"href":"https:\/\/aimtec.fi\/en\/wp-json\/wp\/v2\/categories?post=4814"},{"taxonomy":"post_tag","embeddable":true,"href":"https:\/\/aimtec.fi\/en\/wp-json\/wp\/v2\/tags?post=4814"}],"curies":[{"name":"wp","href":"https:\/\/api.w.org\/{rel}","templated":true}]}}