{"id":4824,"date":"2019-05-28T12:55:07","date_gmt":"2019-05-28T09:55:07","guid":{"rendered":"https:\/\/aimtec.fi\/?page_id=4824"},"modified":"2019-05-28T12:55:07","modified_gmt":"2019-05-28T09:55:07","slug":"03-bos-cleaner-paineilmakayttoinen-harjauskone-750p","status":"publish","type":"page","link":"https:\/\/aimtec.fi\/en\/nuohousvalineet-ja-nuohoustarvikkeet\/03-bos-cleaner-paineilmakayttoinen-harjauskone-750p\/","title":{"rendered":"03 BOS Cleaner paineilmak\u00e4ytt\u00f6inen harjauskone 750p"},"content":{"rendered":"<p>BOS Cleaner 750p on paineilmak\u00e4ytt\u00f6inen harjauskone portaattomalla nopeuden s\u00e4\u00e4d\u00f6ll\u00e4 \u00d8 315 \u2013 1200 mm ilmastointikanavien puhdistukseen, desinfiointiin ja pinnoitukseen. Harjan py\u00f6rimist\u00e4 ohjataan paineilmaventtiilill\u00e4. Koneessa on ilmasuutin harjauksen tehostamiseksi paineilmapuhalluksella ja nestesuutin kanavan desinfiointia tai pinnoitusta varten.<\/p>\n<p>Kone on varustettu kuulalaakeroidulla akselilla, jolloin puhdistusakseli on helppo kelata ulos ja takaisin kelalle. Ty\u00f6skentelyulottuvuus on jopa 65 m silloin, kun puhdistusluukusta p\u00e4\u00e4st\u00e4\u00e4n kahteen eri suuntaan.<\/p>\n<p>Laaja valikoima muoviharjoja \u00d8 1200 mm kokoon asti \u2013 harjoja my\u00f6s rasvakanavien puhdistukseen. Kiinnitys M12 kierre tai harjaistukka. Lis\u00e4tietoja PDF-esitteess\u00e4 (Lataa PDF \u2013 linkki sivun alaosassa).<\/p>\n<p>Bos Cleaner harjauskoneet valmistetaan Suomessa.<\/p>","protected":false},"excerpt":{"rendered":"<p>BOS Cleaner 750p on paineilmak\u00e4ytt\u00f6inen harjauskone portaattomalla nopeuden s\u00e4\u00e4d\u00f6ll\u00e4 \u00d8 315 \u2013 1200 mm ilmastointikanavien puhdistukseen, desinfiointiin ja pinnoitukseen. Harjan py\u00f6rimist\u00e4 ohjataan paineilmaventtiilill\u00e4. Koneessa on ilmasuutin harjauksen tehostamiseksi paineilmapuhalluksella ja nestesuutin kanavan desinfiointia tai pinnoitusta varten. Kone on varustettu kuulalaakeroidulla akselilla, jolloin puhdistusakseli on helppo kelata ulos ja takaisin kelalle. Ty\u00f6skentelyulottuvuus on jopa 65 m&#8230;<\/p>","protected":false},"author":4,"featured_media":4825,"parent":1478,"menu_order":0,"comment_status":"closed","ping_status":"closed","template":"tuote.php","meta":{"_acf_changed":false,"_seopress_robots_primary_cat":"","_seopress_titles_title":"","_seopress_titles_desc":"","_seopress_robots_index":"","_et_pb_use_builder":"","_et_pb_old_content":"","_et_gb_content_width":"","inline_featured_image":false,"footnotes":"","_links_to":"","_links_to_target":""},"categories":[],"tags":[],"class_list":["post-4824","page","type-page","status-publish","has-post-thumbnail","hentry"],"acf":[],"_links":{"self":[{"href":"https:\/\/aimtec.fi\/en\/wp-json\/wp\/v2\/pages\/4824","targetHints":{"allow":["GET"]}}],"collection":[{"href":"https:\/\/aimtec.fi\/en\/wp-json\/wp\/v2\/pages"}],"about":[{"href":"https:\/\/aimtec.fi\/en\/wp-json\/wp\/v2\/types\/page"}],"author":[{"embeddable":true,"href":"https:\/\/aimtec.fi\/en\/wp-json\/wp\/v2\/users\/4"}],"replies":[{"embeddable":true,"href":"https:\/\/aimtec.fi\/en\/wp-json\/wp\/v2\/comments?post=4824"}],"version-history":[{"count":4,"href":"https:\/\/aimtec.fi\/en\/wp-json\/wp\/v2\/pages\/4824\/revisions"}],"predecessor-version":[{"id":4830,"href":"https:\/\/aimtec.fi\/en\/wp-json\/wp\/v2\/pages\/4824\/revisions\/4830"}],"up":[{"embeddable":true,"href":"https:\/\/aimtec.fi\/en\/wp-json\/wp\/v2\/pages\/1478"}],"wp:featuredmedia":[{"embeddable":true,"href":"https:\/\/aimtec.fi\/en\/wp-json\/wp\/v2\/media\/4825"}],"wp:attachment":[{"href":"https:\/\/aimtec.fi\/en\/wp-json\/wp\/v2\/media?parent=4824"}],"wp:term":[{"taxonomy":"category","embeddable":true,"href":"https:\/\/aimtec.fi\/en\/wp-json\/wp\/v2\/categories?post=4824"},{"taxonomy":"post_tag","embeddable":true,"href":"https:\/\/aimtec.fi\/en\/wp-json\/wp\/v2\/tags?post=4824"}],"curies":[{"name":"wp","href":"https:\/\/api.w.org\/{rel}","templated":true}]}}