{"id":4855,"date":"2019-05-24T13:19:50","date_gmt":"2019-05-24T10:19:50","guid":{"rendered":"https:\/\/aimtec.fi\/?page_id=4855"},"modified":"2026-03-18T17:53:09","modified_gmt":"2026-03-18T15:53:09","slug":"alipaineistajat","status":"publish","type":"page","link":"https:\/\/aimtec.fi\/en\/alipaineistajat\/","title":{"rendered":"Negative Air Machines"},"content":{"rendered":"<p>[et_pb_section fb_built=&#8221;1&#8243; _builder_version=&#8221;4.16&#8243; use_background_color_gradient=&#8221;on&#8221; background_color_gradient_stops=&#8221;rgba(45,151,17,0.82) 0%|rgba(45,151,17,0.82) 100%&#8221; background_color_gradient_overlays_image=&#8221;on&#8221; background_color_gradient_start=&#8221;rgba(45,151,17,0.82)&#8221; background_color_gradient_end=&#8221;rgba(45,151,17,0.82)&#8221; background_image=&#8221;https:\/\/aimtec.fi\/wp-content\/uploads\/2018\/09\/industry_pic.jpg&#8221; inner_width_tablet=&#8221;50px&#8221; inner_max_width_tablet=&#8221;100px&#8221; inner_max_width_phone=&#8221;50px&#8221; z_index_tablet=&#8221;500&#8243; custom_css_main_element=&#8221;height: 30vh;||display: flex;||align-items: center;&#8221; box_shadow_horizontal_tablet=&#8221;0px&#8221; box_shadow_vertical_tablet=&#8221;0px&#8221; box_shadow_blur_tablet=&#8221;40px&#8221; box_shadow_spread_tablet=&#8221;0px&#8221; global_colors_info=&#8221;{}&#8221;][et_pb_row _builder_version=&#8221;4.16&#8243; custom_padding=&#8221;|||&#8221; use_custom_width=&#8221;on&#8221; custom_width_px=&#8221;1366px&#8221; global_colors_info=&#8221;{}&#8221;][et_pb_column type=&#8221;4_4&#8243; _builder_version=&#8221;4.16&#8243; custom_padding=&#8221;|||&#8221; global_colors_info=&#8221;{}&#8221; custom_padding__hover=&#8221;|||&#8221;][et_pb_text _builder_version=&#8221;4.16&#8243; header_font=&#8221;Play||||||||&#8221; header_text_align=&#8221;left&#8221; header_text_color=&#8221;#ffffff&#8221; header_font_size=&#8221;58px&#8221; global_colors_info=&#8221;{}&#8221;]<\/p>\n<h1>Alipaineistajat<\/h1>\n<p>[\/et_pb_text][\/et_pb_column][\/et_pb_row][\/et_pb_section][et_pb_section fb_built=&#8221;1&#8243; disabled_on=&#8221;off|off|on&#8221; _builder_version=&#8221;3.1.1&#8243; background_color=&#8221;#333&#8243; custom_padding=&#8221;0|0px|0|0px&#8221; global_module=&#8221;3797&#8243; global_colors_info=&#8221;{}&#8221;][et_pb_row column_structure=&#8221;1_2,1_2&#8243; disabled_on=&#8221;off|off|on&#8221; _builder_version=&#8221;4.16&#8243; global_colors_info=&#8221;{}&#8221;][et_pb_column type=&#8221;1_2&#8243; module_class=&#8221;mm-kategoria-menu-teksti-column&#8221; _builder_version=&#8221;4.16&#8243; custom_padding=&#8221;|||&#8221; global_colors_info=&#8221;{}&#8221; custom_padding__hover=&#8221;|||&#8221;][et_pb_text _builder_version=&#8221;4.16&#8243; header_font=&#8221;Play||||||||&#8221; header_text_color=&#8221;#ffffff&#8221; header_2_font=&#8221;Play||||||||&#8221; header_2_text_color=&#8221;#ffffff&#8221; header_2_font_size=&#8221;1.6em&#8221; header_font_size_tablet=&#8221;2em&#8221; header_font_size_phone=&#8221;1.6em&#8221; header_font_size_last_edited=&#8221;on|phone&#8221; global_colors_info=&#8221;{}&#8221;]<\/p>\n<h2>Kategoriat<\/h2>\n<p>[\/et_pb_text][\/et_pb_column][et_pb_column type=&#8221;1_2&#8243; module_class=&#8221;mm-kategoria-menu-ikoni-column&#8221; _builder_version=&#8221;4.16&#8243; custom_padding=&#8221;|||&#8221; global_colors_info=&#8221;{}&#8221; custom_padding__hover=&#8221;|||&#8221;][et_pb_code admin_label=&#8221;Koodi&#8221; _builder_version=&#8221;4.16&#8243; text_orientation=&#8221;right&#8221; global_colors_info=&#8221;{}&#8221;]<a class=\"mm-mobile-sidebar-button\"><img decoding=\"async\" src=\"\/wp-content\/uploads\/2018\/10\/add1.svg\"><\/a>[\/et_pb_code][\/et_pb_column][\/et_pb_row][et_pb_row disabled_on=&#8221;off|off|off&#8221; _builder_version=&#8221;4.16&#8243; custom_padding=&#8221;0|0px|0|0px&#8221; global_colors_info=&#8221;{}&#8221;][et_pb_column type=&#8221;4_4&#8243; _builder_version=&#8221;4.16&#8243; custom_padding=&#8221;|||&#8221; global_colors_info=&#8221;{}&#8221; custom_padding__hover=&#8221;|||&#8221;][et_pb_sidebar area=&#8221;sidebar-1&#8243; _builder_version=&#8221;4.16&#8243; global_colors_info=&#8221;{}&#8221;][\/et_pb_sidebar][\/et_pb_column][\/et_pb_row][\/et_pb_section][et_pb_section fb_built=&#8221;1&#8243; _builder_version=&#8221;4.16&#8243; custom_padding=&#8221;0px||0px|||&#8221; z_index_tablet=&#8221;500&#8243; box_shadow_horizontal_tablet=&#8221;0px&#8221; box_shadow_vertical_tablet=&#8221;0px&#8221; box_shadow_blur_tablet=&#8221;40px&#8221; box_shadow_spread_tablet=&#8221;0px&#8221; global_colors_info=&#8221;{}&#8221;][et_pb_row _builder_version=&#8221;4.16&#8243; background_size=&#8221;initial&#8221; background_position=&#8221;top_left&#8221; background_repeat=&#8221;repeat&#8221; global_colors_info=&#8221;{}&#8221;][et_pb_column type=&#8221;4_4&#8243; _builder_version=&#8221;4.16&#8243; custom_padding=&#8221;|||&#8221; global_colors_info=&#8221;{}&#8221; custom_padding__hover=&#8221;|||&#8221;][et_pb_text _builder_version=&#8221;4.16&#8243; link_font=&#8221;|700|||||||&#8221; link_text_color=&#8221;#538b44&#8243; z_index_tablet=&#8221;500&#8243; text_text_shadow_horizontal_length_tablet=&#8221;0px&#8221; text_text_shadow_vertical_length_tablet=&#8221;0px&#8221; text_text_shadow_blur_strength_tablet=&#8221;1px&#8221; link_text_shadow_horizontal_length_tablet=&#8221;0px&#8221; link_text_shadow_vertical_length_tablet=&#8221;0px&#8221; link_text_shadow_blur_strength_tablet=&#8221;1px&#8221; ul_text_shadow_horizontal_length_tablet=&#8221;0px&#8221; ul_text_shadow_vertical_length_tablet=&#8221;0px&#8221; ul_text_shadow_blur_strength_tablet=&#8221;1px&#8221; ol_text_shadow_horizontal_length_tablet=&#8221;0px&#8221; ol_text_shadow_vertical_length_tablet=&#8221;0px&#8221; ol_text_shadow_blur_strength_tablet=&#8221;1px&#8221; quote_text_shadow_horizontal_length_tablet=&#8221;0px&#8221; quote_text_shadow_vertical_length_tablet=&#8221;0px&#8221; quote_text_shadow_blur_strength_tablet=&#8221;1px&#8221; header_text_shadow_horizontal_length_tablet=&#8221;0px&#8221; header_text_shadow_vertical_length_tablet=&#8221;0px&#8221; header_text_shadow_blur_strength_tablet=&#8221;1px&#8221; header_2_text_shadow_horizontal_length_tablet=&#8221;0px&#8221; header_2_text_shadow_vertical_length_tablet=&#8221;0px&#8221; header_2_text_shadow_blur_strength_tablet=&#8221;1px&#8221; header_3_text_shadow_horizontal_length_tablet=&#8221;0px&#8221; header_3_text_shadow_vertical_length_tablet=&#8221;0px&#8221; header_3_text_shadow_blur_strength_tablet=&#8221;1px&#8221; header_4_text_shadow_horizontal_length_tablet=&#8221;0px&#8221; header_4_text_shadow_vertical_length_tablet=&#8221;0px&#8221; header_4_text_shadow_blur_strength_tablet=&#8221;1px&#8221; header_5_text_shadow_horizontal_length_tablet=&#8221;0px&#8221; header_5_text_shadow_vertical_length_tablet=&#8221;0px&#8221; header_5_text_shadow_blur_strength_tablet=&#8221;1px&#8221; header_6_text_shadow_horizontal_length_tablet=&#8221;0px&#8221; header_6_text_shadow_vertical_length_tablet=&#8221;0px&#8221; header_6_text_shadow_blur_strength_tablet=&#8221;1px&#8221; box_shadow_horizontal_tablet=&#8221;0px&#8221; box_shadow_vertical_tablet=&#8221;0px&#8221; box_shadow_blur_tablet=&#8221;40px&#8221; box_shadow_spread_tablet=&#8221;0px&#8221; global_colors_info=&#8221;{}&#8221;]<\/p>\n<div class=\"et_pb_section et_pb_section_3 et_section_regular\">\n<div class=\"et_pb_row et_pb_row_3\">\n<div class=\"et_pb_column et_pb_column_4_4 et_pb_column_4 et_pb_css_mix_blend_mode_passthrough et-last-child\">\n<div class=\"et_pb_module et_pb_text et_pb_text_2 et_pb_bg_layout_light et_pb_text_align_left\">\n<div class=\"et_pb_text_inner\">\n<p><strong>L\u00f6yd\u00e4t kaikki alinpaineistajat kategoriatekstin alapuolelta.<\/strong><\/p>\n<p>Alipaineistaja on yksi t\u00e4rkein tekij\u00e4 ty\u00f6maan siisteydess\u00e4 ja sit\u00e4 kautta se vaikuttaa my\u00f6s ty\u00f6ntekij\u00f6iden terveyteen. Se est\u00e4\u00e4 rakennusp\u00f6lyn kulkeutumisen muihin tiloihin. Jotta alipaineistaja hoitaa ty\u00f6ns\u00e4 oikein, on t\u00e4rke\u00e4\u00e4 erist\u00e4\u00e4 remontti-\/ty\u00f6maa-alue vetoketjuovilla sek\u00e4 muoviseinill\u00e4 tiiviiksi paketiksi. Alipaineistajamme kuutiotehot l\u00e4htev\u00e4t 3200 m3\/h. Alipaineistaja voidaan sijoittaa kohteen sis\u00e4- tai ulkopuolelle. Edustamme merkki\u00e4 BOS.<\/p>\n<h2>BOSin alipaineistaja laadukkaan p\u00f6lynhallinnan apuna \u2013 pieni alipaineistaja pieneen tilaan ja tehokkaampi suuremmille ty\u00f6maille<\/h2>\n<p>Kaikki BOSin alipaineistajat ovat testattu VTT:n laboratoriossa ja niill\u00e4 on tyyppihyv\u00e4ksynt\u00e4. Kun alipaineistajassa k\u00e4ytet\u00e4\u00e4n Hepa 13-tason suodattimia, sit\u00e4 voidaan k\u00e4ytt\u00e4\u00e4 asbestilains\u00e4\u00e4d\u00e4nn\u00f6n mukaisiin t\u00f6ihin. N\u00e4in ollen ne soveltuvat esimerkiksi laadukkaisiin asbestipurkut\u00f6ihin ja homekohteisiin alipaineistajiksi.<\/p>\n<h3>Alipaineistajan k\u00e4ytt\u00f6 ja valinta \u2013 pid\u00e4th\u00e4n n\u00e4m\u00e4 mieless\u00e4<\/h3>\n<ul>\n<li>\u00c4l\u00e4 sammuta alipaineistajaa taukojen ajaksi ja sammuta se vasta riitt\u00e4v\u00e4n ajan p\u00e4\u00e4st\u00e4<\/li>\n<li>Muista vaihtaa alipaineistajan suodatin riitt\u00e4v\u00e4n usein (\u00e4l\u00e4 puhdista)<\/li>\n<li>Tuki alipaineistettavan tilan ilma-aukot huolellisesti<\/li>\n<li>K\u00e4yt\u00e4 riitt\u00e4v\u00e4n tehokasta alipaineistajaa \u2013 mitoita oikein<\/li>\n<li>Tee alipaineistettavan tilan rakenteista kest\u00e4v\u00e4t \u2013 rakenteiden tulee kest\u00e4\u00e4 paine-ero<\/li>\n<li>Tee alipaineistetusta tilasta tarpeeksi iso, jotta ty\u00f6skentely on helppoa ja tehokasta.<\/li>\n<\/ul>\n<p><a href=\"https:\/\/aimtec.fi\/alipaineistajat\/suodattimet-alipaineistajiin\/\"><strong>Alipaineistajan suodattimet<\/strong><\/a>\u00a0kuuluvat my\u00f6s valikoimaamme. Meilt\u00e4 on saatavilla HEPA-suodatin, pussisuodatin, kasettisuodatin ja palasuodatin.<\/p>\n<p>Meilt\u00e4 l\u00f6ytyy my\u00f6s asiantunteva ja <a href=\"https:\/\/aimtec.fi\/huolto-ja-kalibrointipalvelut\/\">kattava huolto-palvelu kaikille alipaineistajille<\/a><\/p>\n<\/div>\n<\/div>\n<\/div>\n<\/div>\n<\/div>\n<p>[\/et_pb_text][\/et_pb_column][\/et_pb_row][\/et_pb_section][et_pb_section fb_built=&#8221;1&#8243; _builder_version=&#8221;4.16&#8243; background_color=&#8221;#f2f2f2&#8243; custom_margin=&#8221;0px|||&#8221; custom_padding=&#8221;0px|||&#8221; global_colors_info=&#8221;{}&#8221;][et_pb_row module_class=&#8221;content-product-page-container&#8221; _builder_version=&#8221;4.16&#8243; background_size=&#8221;initial&#8221; background_position=&#8221;top_left&#8221; background_repeat=&#8221;repeat&#8221; max_width=&#8221;1260px&#8221; custom_padding=&#8221;||0px|||&#8221; use_custom_width=&#8221;on&#8221; custom_width_px=&#8221;1260px&#8221; global_colors_info=&#8221;{}&#8221;][et_pb_column type=&#8221;4_4&#8243; module_class=&#8221;sidebar-product-page&#8221; _builder_version=&#8221;4.16&#8243; custom_padding=&#8221;|||&#8221; global_colors_info=&#8221;{}&#8221; custom_padding__hover=&#8221;|||&#8221;][et_pb_code module_class=&#8221;childpages-container-mm&#8221; _builder_version=&#8221;4.16&#8243; global_colors_info=&#8221;{}&#8221;][\/et_pb_code][\/et_pb_column][\/et_pb_row][et_pb_row _builder_version=&#8221;4.16&#8243; global_colors_info=&#8221;{}&#8221;][et_pb_column type=&#8221;4_4&#8243; _builder_version=&#8221;4.16&#8243; custom_padding=&#8221;|||&#8221; global_colors_info=&#8221;{}&#8221; custom_padding__hover=&#8221;|||&#8221;][et_pb_sidebar area=&#8221;sidebar-1&#8243; _builder_version=&#8221;4.16&#8243; global_colors_info=&#8221;{}&#8221;][\/et_pb_sidebar][\/et_pb_column][\/et_pb_row][\/et_pb_section]<\/p>\n","protected":false},"excerpt":{"rendered":"<p>Alipaineistajat Kategoriat L\u00f6yd\u00e4t kaikki alinpaineistajat kategoriatekstin alapuolelta. Alipaineistaja on yksi t\u00e4rkein tekij\u00e4 ty\u00f6maan siisteydess\u00e4 ja sit\u00e4 kautta se vaikuttaa my\u00f6s ty\u00f6ntekij\u00f6iden terveyteen. Se est\u00e4\u00e4 rakennusp\u00f6lyn kulkeutumisen muihin tiloihin. Jotta alipaineistaja hoitaa ty\u00f6ns\u00e4 oikein, on t\u00e4rke\u00e4\u00e4 erist\u00e4\u00e4 remontti-\/ty\u00f6maa-alue vetoketjuovilla sek\u00e4 muoviseinill\u00e4 tiiviiksi paketiksi. Alipaineistajamme kuutiotehot l\u00e4htev\u00e4t 3200 m3\/h. Alipaineistaja voidaan sijoittaa kohteen sis\u00e4- tai ulkopuolelle. Edustamme&#8230;<\/p>","protected":false},"author":6,"featured_media":0,"parent":0,"menu_order":0,"comment_status":"closed","ping_status":"closed","template":"","meta":{"_acf_changed":false,"_seopress_robots_primary_cat":"","_seopress_titles_title":"Alipaineistajat edullisesti \u2714\ufe0f - Aimtec Oy","_seopress_titles_desc":"Aimtecilta alipaineistajat nopealla toimituksella ja edulliseen hintaan. Tutustu tarkemmin valikoimaan, ota yhteytt\u00e4 ja tilaa helposti!","_seopress_robots_index":"","_et_pb_use_builder":"on","_et_pb_old_content":"","_et_gb_content_width":"","inline_featured_image":false,"footnotes":"","_links_to":"","_links_to_target":""},"categories":[],"tags":[],"class_list":["post-4855","page","type-page","status-publish","hentry"],"acf":[],"_links":{"self":[{"href":"https:\/\/aimtec.fi\/en\/wp-json\/wp\/v2\/pages\/4855","targetHints":{"allow":["GET"]}}],"collection":[{"href":"https:\/\/aimtec.fi\/en\/wp-json\/wp\/v2\/pages"}],"about":[{"href":"https:\/\/aimtec.fi\/en\/wp-json\/wp\/v2\/types\/page"}],"author":[{"embeddable":true,"href":"https:\/\/aimtec.fi\/en\/wp-json\/wp\/v2\/users\/6"}],"replies":[{"embeddable":true,"href":"https:\/\/aimtec.fi\/en\/wp-json\/wp\/v2\/comments?post=4855"}],"version-history":[{"count":39,"href":"https:\/\/aimtec.fi\/en\/wp-json\/wp\/v2\/pages\/4855\/revisions"}],"predecessor-version":[{"id":18147,"href":"https:\/\/aimtec.fi\/en\/wp-json\/wp\/v2\/pages\/4855\/revisions\/18147"}],"wp:attachment":[{"href":"https:\/\/aimtec.fi\/en\/wp-json\/wp\/v2\/media?parent=4855"}],"wp:term":[{"taxonomy":"category","embeddable":true,"href":"https:\/\/aimtec.fi\/en\/wp-json\/wp\/v2\/categories?post=4855"},{"taxonomy":"post_tag","embeddable":true,"href":"https:\/\/aimtec.fi\/en\/wp-json\/wp\/v2\/tags?post=4855"}],"curies":[{"name":"wp","href":"https:\/\/api.w.org\/{rel}","templated":true}]}}