{"id":4888,"date":"2019-05-29T08:34:47","date_gmt":"2019-05-29T05:34:47","guid":{"rendered":"https:\/\/aimtec.fi\/?page_id=4888"},"modified":"2023-06-21T12:37:38","modified_gmt":"2023-06-21T09:37:38","slug":"bos-clean-mi-alipaineistaja-max-3200-m3-h","status":"publish","type":"page","link":"https:\/\/aimtec.fi\/en\/alipaineistajat\/bos-clean-mi-alipaineistaja-max-3200-m3-h\/","title":{"rendered":"BOS Clean Mi alipaineistaja max 3200 m3\/h &#8211; hinta 1 350,- (alv 0 %)"},"content":{"rendered":"<p>BOS Clean alipaineistajaa k\u00e4ytet\u00e4\u00e4n uudisrakentamisen ja remontoinnin aikaiseen ilmanlaadun parantamiseen ja puhdistukseen sek\u00e4 p\u00f6lynhallintaan (mm. asbesti-, home-, kvartsi- ja puup\u00f6ly). Laite soveltuu nykyisen asbestilain mukaisiin t\u00f6ihin, kun siin\u00e4 k\u00e4ytet\u00e4\u00e4n HEPA-suodatinta H13.<\/p>\n<p>BOS Clean Mi (Medium) soveltuu kylpyhuoneiden ja asuntojen alipaineistukseen \u2013 suosituksena max 250 m<sup>3<\/sup> tilaan. Laite painaa vain 14 kg (ilman suodattimia) ja kantokahva helpottaa liikuttamista.<\/p>\n<p>Laitteen ilmam\u00e4\u00e4r\u00e4t ja erotusasteet on mitattu VTT:n laboratoriossa ja niill\u00e4 on tyyppihyv\u00e4ksynt\u00e4.<br \/>\nBOS Cleantec alipaineistajat valmistetaan Suomessa.<\/p>\n<p>Katso alipaineistajan suodatinvaihtoehdot alla olevasta linkist\u00e4:<\/p>\n<p><a href=\"https:\/\/aimtec.fi\/en\/alipaineistajat\/suodattimet-alipaineistajiin\/\">Suodattimet<\/a><\/p>","protected":false},"excerpt":{"rendered":"<p>BOS Clean alipaineistajaa k\u00e4ytet\u00e4\u00e4n uudisrakentamisen ja remontoinnin aikaiseen ilmanlaadun parantamiseen ja puhdistukseen sek\u00e4 p\u00f6lynhallintaan (mm. asbesti-, home-, kvartsi- ja puup\u00f6ly). Laite soveltuu nykyisen asbestilain mukaisiin t\u00f6ihin, kun siin\u00e4 k\u00e4ytet\u00e4\u00e4n HEPA-suodatinta H13. BOS Clean Mi (Medium) soveltuu kylpyhuoneiden ja asuntojen alipaineistukseen \u2013 suosituksena max 250 m3 tilaan. Laite painaa vain 14 kg (ilman suodattimia) ja kantokahva&#8230;<\/p>","protected":false},"author":4,"featured_media":4890,"parent":4855,"menu_order":0,"comment_status":"closed","ping_status":"closed","template":"tuote.php","meta":{"_acf_changed":false,"_seopress_robots_primary_cat":"","_seopress_titles_title":"","_seopress_titles_desc":"","_seopress_robots_index":"","_et_pb_use_builder":"","_et_pb_old_content":"","_et_gb_content_width":"","inline_featured_image":false,"footnotes":"","_links_to":"","_links_to_target":""},"categories":[],"tags":[],"class_list":["post-4888","page","type-page","status-publish","has-post-thumbnail","hentry"],"acf":[],"_links":{"self":[{"href":"https:\/\/aimtec.fi\/en\/wp-json\/wp\/v2\/pages\/4888","targetHints":{"allow":["GET"]}}],"collection":[{"href":"https:\/\/aimtec.fi\/en\/wp-json\/wp\/v2\/pages"}],"about":[{"href":"https:\/\/aimtec.fi\/en\/wp-json\/wp\/v2\/types\/page"}],"author":[{"embeddable":true,"href":"https:\/\/aimtec.fi\/en\/wp-json\/wp\/v2\/users\/4"}],"replies":[{"embeddable":true,"href":"https:\/\/aimtec.fi\/en\/wp-json\/wp\/v2\/comments?post=4888"}],"version-history":[{"count":17,"href":"https:\/\/aimtec.fi\/en\/wp-json\/wp\/v2\/pages\/4888\/revisions"}],"predecessor-version":[{"id":17636,"href":"https:\/\/aimtec.fi\/en\/wp-json\/wp\/v2\/pages\/4888\/revisions\/17636"}],"up":[{"embeddable":true,"href":"https:\/\/aimtec.fi\/en\/wp-json\/wp\/v2\/pages\/4855"}],"wp:featuredmedia":[{"embeddable":true,"href":"https:\/\/aimtec.fi\/en\/wp-json\/wp\/v2\/media\/4890"}],"wp:attachment":[{"href":"https:\/\/aimtec.fi\/en\/wp-json\/wp\/v2\/media?parent=4888"}],"wp:term":[{"taxonomy":"category","embeddable":true,"href":"https:\/\/aimtec.fi\/en\/wp-json\/wp\/v2\/categories?post=4888"},{"taxonomy":"post_tag","embeddable":true,"href":"https:\/\/aimtec.fi\/en\/wp-json\/wp\/v2\/tags?post=4888"}],"curies":[{"name":"wp","href":"https:\/\/api.w.org\/{rel}","templated":true}]}}