{"id":4907,"date":"2019-05-29T08:34:43","date_gmt":"2019-05-29T05:34:43","guid":{"rendered":"https:\/\/aimtec.fi\/?page_id=4907"},"modified":"2023-06-21T12:39:18","modified_gmt":"2023-06-21T09:39:18","slug":"bos-clean-xli-alipaineistaja-max-5400-m3-h","status":"publish","type":"page","link":"https:\/\/aimtec.fi\/en\/alipaineistajat\/bos-clean-xli-alipaineistaja-max-5400-m3-h\/","title":{"rendered":"BOS Clean XLi alipaineistaja max 5400 m3\/h &#8211; hinta 3 240,- (alv 0 %)"},"content":{"rendered":"<p>BOS Clean alipaineistajaa k\u00e4ytet\u00e4\u00e4n uudisrakentamisen ja remontoinnin aikaiseen ilmanlaadun parantamiseen ja puhdistukseen sek\u00e4 p\u00f6lynhallintaan (mm. asbesti-, home-, kvartsi- ja puup\u00f6ly). Laite soveltuu nykyisen asbestilain mukaisiin t\u00f6ihin, kun siin\u00e4 k\u00e4ytet\u00e4\u00e4n HEPA-suodatinta H13.<\/p>\n<p>BOS Clean XLi (Extra Large) soveltuu eritt\u00e4in suurten varastojen ja hallien alipaineistukseen \u2013 my\u00f6s suuriin osastointeihin. Suosituksena max 1250 m<sup>3<\/sup> tilaan. Laitteen alla on suuret py\u00f6r\u00e4t, joten sit\u00e4 on helppo liikuttaa, kest\u00e4\u00e4 my\u00f6s esteiden yli siirtely\u00e4. Laitteen paine-eromittari n\u00e4ytt\u00e4\u00e4, milloin suodatin pit\u00e4\u00e4 vaihtaa, ja k\u00e4ytt\u00f6tuntimittari kertoo k\u00e4ytt\u00f6ajan esimerkiksi konekorttia varten. HEPA-suodattimen k\u00e4ytt\u00f6ik\u00e4 kasvaa, kun k\u00e4ytet\u00e4\u00e4n esisuodatinta\/pussisuodatinta.<\/p>\n<p>Laitteen ilmam\u00e4\u00e4r\u00e4t ja erotusasteet on mitattu VTT:n laboratoriossa ja niill\u00e4 on tyyppihyv\u00e4ksynt\u00e4.<br \/>\nBOS Cleantec alipaineistajat valmistetaan Suomessa.<\/p>\n<p>Katso alipaineistajan suodatinvaihtoehdot alla olevasta linkist\u00e4:<\/p>\n<p><a href=\"https:\/\/aimtec.fi\/en\/alipaineistajat\/suodattimet-alipaineistajiin\/\">Suodattimet<\/a><\/p>","protected":false},"excerpt":{"rendered":"<p>BOS Clean alipaineistajaa k\u00e4ytet\u00e4\u00e4n uudisrakentamisen ja remontoinnin aikaiseen ilmanlaadun parantamiseen ja puhdistukseen sek\u00e4 p\u00f6lynhallintaan (mm. asbesti-, home-, kvartsi- ja puup\u00f6ly). Laite soveltuu nykyisen asbestilain mukaisiin t\u00f6ihin, kun siin\u00e4 k\u00e4ytet\u00e4\u00e4n HEPA-suodatinta H13. BOS Clean XLi (Extra Large) soveltuu eritt\u00e4in suurten varastojen ja hallien alipaineistukseen \u2013 my\u00f6s suuriin osastointeihin. Suosituksena max 1250 m3 tilaan. Laitteen alla on&#8230;<\/p>","protected":false},"author":4,"featured_media":4908,"parent":4855,"menu_order":0,"comment_status":"closed","ping_status":"closed","template":"tuote.php","meta":{"_acf_changed":false,"_seopress_robots_primary_cat":"","_seopress_titles_title":"","_seopress_titles_desc":"","_seopress_robots_index":"","_et_pb_use_builder":"","_et_pb_old_content":"","_et_gb_content_width":"","inline_featured_image":false,"footnotes":"","_links_to":"","_links_to_target":""},"categories":[],"tags":[],"class_list":["post-4907","page","type-page","status-publish","has-post-thumbnail","hentry"],"acf":[],"_links":{"self":[{"href":"https:\/\/aimtec.fi\/en\/wp-json\/wp\/v2\/pages\/4907","targetHints":{"allow":["GET"]}}],"collection":[{"href":"https:\/\/aimtec.fi\/en\/wp-json\/wp\/v2\/pages"}],"about":[{"href":"https:\/\/aimtec.fi\/en\/wp-json\/wp\/v2\/types\/page"}],"author":[{"embeddable":true,"href":"https:\/\/aimtec.fi\/en\/wp-json\/wp\/v2\/users\/4"}],"replies":[{"embeddable":true,"href":"https:\/\/aimtec.fi\/en\/wp-json\/wp\/v2\/comments?post=4907"}],"version-history":[{"count":14,"href":"https:\/\/aimtec.fi\/en\/wp-json\/wp\/v2\/pages\/4907\/revisions"}],"predecessor-version":[{"id":17637,"href":"https:\/\/aimtec.fi\/en\/wp-json\/wp\/v2\/pages\/4907\/revisions\/17637"}],"up":[{"embeddable":true,"href":"https:\/\/aimtec.fi\/en\/wp-json\/wp\/v2\/pages\/4855"}],"wp:featuredmedia":[{"embeddable":true,"href":"https:\/\/aimtec.fi\/en\/wp-json\/wp\/v2\/media\/4908"}],"wp:attachment":[{"href":"https:\/\/aimtec.fi\/en\/wp-json\/wp\/v2\/media?parent=4907"}],"wp:term":[{"taxonomy":"category","embeddable":true,"href":"https:\/\/aimtec.fi\/en\/wp-json\/wp\/v2\/categories?post=4907"},{"taxonomy":"post_tag","embeddable":true,"href":"https:\/\/aimtec.fi\/en\/wp-json\/wp\/v2\/tags?post=4907"}],"curies":[{"name":"wp","href":"https:\/\/api.w.org\/{rel}","templated":true}]}}