{"id":5071,"date":"2019-06-27T14:38:07","date_gmt":"2019-06-27T11:38:07","guid":{"rendered":"https:\/\/aimtec.fi\/?page_id=5071"},"modified":"2023-10-04T11:50:27","modified_gmt":"2023-10-04T08:50:27","slug":"02-kanomax-partikkelilaskuri-mallit-3888-ja-3889","status":"publish","type":"page","link":"https:\/\/aimtec.fi\/en\/sisailmanlaadun-mittarit\/02-kanomax-partikkelilaskuri-mallit-3888-ja-3889\/","title":{"rendered":"Kanomax &#8211; Partikkelilaskuri mallit 3888 ja 3889"},"content":{"rendered":"<h2 style=\"color: white; text-align: left;\">Kanomaxin partikkelilaskurilla eli hiukkasmittarilla mittaat helposti sis\u00e4ilman hiukkaspitoisuuksia<\/h2>\n<p style=\"text-align: left;\">Kanomaxin partikkelilaskuri eli hiukkasmittari mittaa sis\u00e4ilman hiukkaspitoisuutta. Partikkelilaskuria k\u00e4ytet\u00e4\u00e4n mm. puhdastilojen ja leikkaussalien valvontaan ja tarkastuksiin, suodattimien tehokkuuden testauksiin, sis\u00e4ilman laadun tutkimuksiin ja konesalien puhtaanapidossa.<\/p>\n<p style=\"text-align: left;\">Kanomax partikkelilaskurissa on suuri 4.3\u201d LCD-kosketusv\u00e4rin\u00e4ytt\u00f6, joka n\u00e4ytt\u00e4\u00e4 tulokset selke\u00e4sti ja graafisesti, jotta k\u00e4ytt\u00e4j\u00e4 voi tulkita tuloksia helposti ja nopeasti. Hiukkasmittari on kevyt (650 g) ja ergonomisen muotoilun ansiosta hyv\u00e4 pit\u00e4\u00e4 k\u00e4dess\u00e4. Partikkeliaskurin minimi hiukkaserottelukyky on 0.3 mikronia ja tallennuskapasiteetti 10 000 mittausta tallennettuna CSV-tiedostoiksi, joten tuloksia on helppo analysoida suoraan taulukkolaskenta ohjelmassa, kuten Google Sheetsissa tai Microsoft Exceliss\u00e4.<\/p>\n<h2 style=\"color: white; text-align: left;\">Partikkelilaskurin voi liitt\u00e4\u00e4 analysointia varten suoraan piuhalla tai langattomasti \u2013 kuinka vain sinulle sopii<\/h2>\n<p style=\"text-align: left;\">Partikkelilaskuri voidaan liitt\u00e4\u00e4 USB-kaapelilla tietokoneeseen, jolloin mittaustuloksia voidaan seurata reaaliajassa Kanomaxin omalla PC-ohjelmalla. Vaihtoehtoisesti laskuri voidaan asettaa telineeseen (lis\u00e4varuste), jonka kautta mittaustiedot v\u00e4littyv\u00e4t esim. WiFi:n avulla langattomasti suoraan ohjelmaan.<\/p>\n<h3 style=\"color: white; text-align: left;\">Partikkelilaskurin eli hiukkasmittarin k\u00e4ytt\u00f6kohteita<\/h3>\n<ul style=\"text-align: left;\">\n<li>Erilaisten suodattimien testaukset<\/li>\n<li>Leikkaussalien testaus ja valvonta<\/li>\n<li>Laite- ja konesalien puhtaanapito<\/li>\n<li>Puhdatilojen, kuten elintarvitetilojen ja l\u00e4\u00e4ketilojen tarkastaminen ja valvonta<\/li>\n<li>Sis\u00e4ilmatutkimukset<\/li>\n<\/ul>\n<h3 style=\"color: white; text-align: left;\">Kanomax partikkelilaskureita on kahta mallia:<\/h3>\n<p style=\"text-align: left;\">3888 kolmelle partikkelikoolle (0.3 \u03bcm, 0.5 \u03bcm ja 5.0 \u03bcm)<br \/>\n3889 kuudelle partikkelikoolle (0.3 \u03bcm, 0.5 \u03bcm, 1.0 \u03bcm, 3.0 \u03bcm, 5.0 \u03bcm ja 10 \u03bcm)<\/p>","protected":false},"excerpt":{"rendered":"<p>Kanomaxin partikkelilaskurilla eli hiukkasmittarilla mittaat helposti sis\u00e4ilman hiukkaspitoisuuksia Kanomaxin partikkelilaskuri eli hiukkasmittari mittaa sis\u00e4ilman hiukkaspitoisuutta. Partikkelilaskuria k\u00e4ytet\u00e4\u00e4n mm. puhdastilojen ja leikkaussalien valvontaan ja tarkastuksiin, suodattimien tehokkuuden testauksiin, sis\u00e4ilman laadun tutkimuksiin ja konesalien puhtaanapidossa. Kanomax partikkelilaskurissa on suuri 4.3\u201d LCD-kosketusv\u00e4rin\u00e4ytt\u00f6, joka n\u00e4ytt\u00e4\u00e4 tulokset selke\u00e4sti ja graafisesti, jotta k\u00e4ytt\u00e4j\u00e4 voi tulkita tuloksia helposti ja nopeasti. Hiukkasmittari on&#8230;<\/p>","protected":false},"author":4,"featured_media":5076,"parent":3088,"menu_order":0,"comment_status":"closed","ping_status":"closed","template":"tuote.php","meta":{"_acf_changed":false,"_seopress_robots_primary_cat":"","_seopress_titles_title":"02 Kanomax - Partikkelilaskuri (hiukkasmittari) mallit 3888 ja 3889 \u2714\ufe0f - Aimtec","_seopress_titles_desc":"Kanomaxin laadukas partikkelilaskuri \u2705  eli hiukkasmittari \u2705  mittaa sis\u00e4ilman hiukkaspitoisuudet helposti ja nopeasti. Tutustu tarkemmin ja tilaa helposti!\r\n","_seopress_robots_index":"","_et_pb_use_builder":"","_et_pb_old_content":"","_et_gb_content_width":"","inline_featured_image":false,"footnotes":"","_links_to":"","_links_to_target":""},"categories":[],"tags":[],"class_list":["post-5071","page","type-page","status-publish","has-post-thumbnail","hentry"],"acf":[],"_links":{"self":[{"href":"https:\/\/aimtec.fi\/en\/wp-json\/wp\/v2\/pages\/5071","targetHints":{"allow":["GET"]}}],"collection":[{"href":"https:\/\/aimtec.fi\/en\/wp-json\/wp\/v2\/pages"}],"about":[{"href":"https:\/\/aimtec.fi\/en\/wp-json\/wp\/v2\/types\/page"}],"author":[{"embeddable":true,"href":"https:\/\/aimtec.fi\/en\/wp-json\/wp\/v2\/users\/4"}],"replies":[{"embeddable":true,"href":"https:\/\/aimtec.fi\/en\/wp-json\/wp\/v2\/comments?post=5071"}],"version-history":[{"count":17,"href":"https:\/\/aimtec.fi\/en\/wp-json\/wp\/v2\/pages\/5071\/revisions"}],"predecessor-version":[{"id":17680,"href":"https:\/\/aimtec.fi\/en\/wp-json\/wp\/v2\/pages\/5071\/revisions\/17680"}],"up":[{"embeddable":true,"href":"https:\/\/aimtec.fi\/en\/wp-json\/wp\/v2\/pages\/3088"}],"wp:featuredmedia":[{"embeddable":true,"href":"https:\/\/aimtec.fi\/en\/wp-json\/wp\/v2\/media\/5076"}],"wp:attachment":[{"href":"https:\/\/aimtec.fi\/en\/wp-json\/wp\/v2\/media?parent=5071"}],"wp:term":[{"taxonomy":"category","embeddable":true,"href":"https:\/\/aimtec.fi\/en\/wp-json\/wp\/v2\/categories?post=5071"},{"taxonomy":"post_tag","embeddable":true,"href":"https:\/\/aimtec.fi\/en\/wp-json\/wp\/v2\/tags?post=5071"}],"curies":[{"name":"wp","href":"https:\/\/api.w.org\/{rel}","templated":true}]}}