{"id":5131,"date":"2019-07-09T10:08:52","date_gmt":"2019-07-09T07:08:52","guid":{"rendered":"https:\/\/aimtec.fi\/?page_id=5131"},"modified":"2024-08-06T10:49:42","modified_gmt":"2024-08-06T07:49:42","slug":"01-comark-c42c-elintarvikelampomittari","status":"publish","type":"page","link":"https:\/\/aimtec.fi\/en\/lampotilamittarit\/01-comark-c42c-elintarvikelampomittari\/","title":{"rendered":"01 COMARK &#8211; C42C elintarvikel\u00e4mp\u00f6mittari"},"content":{"rendered":"<p>Tarkka ja nopea ammattilaisen elintarvikel\u00e4mp\u00f6mittari mm. laaduntarkkailuun ja HACCP-j\u00e4rjestelmiin.<\/p>\n<p>Mittarin l\u00e4mp\u00f6tila-alue on -200 \u2026 +400 \u00b0C ja siihen on saatavana laaja valikoima vaihdettavia antureita \u2013 mm. puikkoantureita, ilma-antureita, pinta-antureita ja erikoisantureita (mm. l\u00e4mp\u00f6tilamittaukseen pakkausten v\u00e4list\u00e4, rasvakeittimist\u00e4, pakasteista). C42C\u00a0 on standardin EN13485:2002 mukainen ja sopii kylm\u00e4ketjun l\u00e4mp\u00f6tilojen seurantaan.<\/p>\n<p>Mittarissa on kest\u00e4v\u00e4, vesitiivis polykarbonaattikotelointi \u00a0&#8211; suojausluokitus IP65. Kotelossa on lis\u00e4ksi BioCote\u00ae antimikrobinen suojaus, joka antaa pintasuojaa ristikontaminaatiota vastaan. Anturit liitet\u00e4\u00e4n mittariin kierrelukittavalla Lumberg-liittimell\u00e4, ja tiivis liitos est\u00e4\u00e4 esimerkiksi nesteen p\u00e4\u00e4sy\u00e4 mittariin.<\/p>\n<p>Mittarin ominaisuudet mm.<br \/>\n-mittauslukeman asettaminen pitoon<br \/>\n-maksimi- ja minimil\u00e4mp\u00f6tilojen n\u00e4ytt\u00f6<br \/>\n-ajastin<br \/>\n-h\u00e4lytysrajojen asetus<\/p>\n<p>Mittarin takuu on 2 vuotta.<\/p>","protected":false},"excerpt":{"rendered":"<p>Tarkka ja nopea ammattilaisen elintarvikel\u00e4mp\u00f6mittari mm. laaduntarkkailuun ja HACCP-j\u00e4rjestelmiin. Mittarin l\u00e4mp\u00f6tila-alue on -200 \u2026 +400 \u00b0C ja siihen on saatavana laaja valikoima vaihdettavia antureita \u2013 mm. puikkoantureita, ilma-antureita, pinta-antureita ja erikoisantureita (mm. l\u00e4mp\u00f6tilamittaukseen pakkausten v\u00e4list\u00e4, rasvakeittimist\u00e4, pakasteista). C42C\u00a0 on standardin EN13485:2002 mukainen ja sopii kylm\u00e4ketjun l\u00e4mp\u00f6tilojen seurantaan. Mittarissa on kest\u00e4v\u00e4, vesitiivis polykarbonaattikotelointi \u00a0&#8211; suojausluokitus IP65&#8230;.<\/p>","protected":false},"author":4,"featured_media":5136,"parent":1328,"menu_order":0,"comment_status":"closed","ping_status":"closed","template":"tuote.php","meta":{"_acf_changed":false,"_seopress_robots_primary_cat":"","_seopress_titles_title":"","_seopress_titles_desc":"","_seopress_robots_index":"","_et_pb_use_builder":"","_et_pb_old_content":"","_et_gb_content_width":"","inline_featured_image":false,"footnotes":"","_links_to":"","_links_to_target":""},"categories":[],"tags":[],"class_list":["post-5131","page","type-page","status-publish","has-post-thumbnail","hentry"],"acf":[],"_links":{"self":[{"href":"https:\/\/aimtec.fi\/en\/wp-json\/wp\/v2\/pages\/5131","targetHints":{"allow":["GET"]}}],"collection":[{"href":"https:\/\/aimtec.fi\/en\/wp-json\/wp\/v2\/pages"}],"about":[{"href":"https:\/\/aimtec.fi\/en\/wp-json\/wp\/v2\/types\/page"}],"author":[{"embeddable":true,"href":"https:\/\/aimtec.fi\/en\/wp-json\/wp\/v2\/users\/4"}],"replies":[{"embeddable":true,"href":"https:\/\/aimtec.fi\/en\/wp-json\/wp\/v2\/comments?post=5131"}],"version-history":[{"count":11,"href":"https:\/\/aimtec.fi\/en\/wp-json\/wp\/v2\/pages\/5131\/revisions"}],"predecessor-version":[{"id":17971,"href":"https:\/\/aimtec.fi\/en\/wp-json\/wp\/v2\/pages\/5131\/revisions\/17971"}],"up":[{"embeddable":true,"href":"https:\/\/aimtec.fi\/en\/wp-json\/wp\/v2\/pages\/1328"}],"wp:featuredmedia":[{"embeddable":true,"href":"https:\/\/aimtec.fi\/en\/wp-json\/wp\/v2\/media\/5136"}],"wp:attachment":[{"href":"https:\/\/aimtec.fi\/en\/wp-json\/wp\/v2\/media?parent=5131"}],"wp:term":[{"taxonomy":"category","embeddable":true,"href":"https:\/\/aimtec.fi\/en\/wp-json\/wp\/v2\/categories?post=5131"},{"taxonomy":"post_tag","embeddable":true,"href":"https:\/\/aimtec.fi\/en\/wp-json\/wp\/v2\/tags?post=5131"}],"curies":[{"name":"wp","href":"https:\/\/api.w.org\/{rel}","templated":true}]}}