{"id":5286,"date":"2019-09-04T14:29:09","date_gmt":"2019-09-04T11:29:09","guid":{"rendered":"https:\/\/aimtec.fi\/?page_id=5286"},"modified":"2025-07-03T09:07:14","modified_gmt":"2025-07-03T06:07:14","slug":"huolto-ja-kalibrointipalvelut","status":"publish","type":"page","link":"https:\/\/aimtec.fi\/en\/huolto-ja-kalibrointipalvelut\/","title":{"rendered":"Maintenance and calibration services"},"content":{"rendered":"<p>[et_pb_section fb_built=&#8221;1&#8243; _builder_version=&#8221;4.16&#8243; use_background_color_gradient=&#8221;on&#8221; background_color_gradient_stops=&#8221;rgba(78,157,45,0.75) 0%|rgba(78,157,45,0.75) 100%&#8221; background_color_gradient_overlays_image=&#8221;on&#8221; background_color_gradient_start=&#8221;rgba(78,157,45,0.75)&#8221; background_color_gradient_end=&#8221;rgba(78,157,45,0.75)&#8221; background_image=&#8221;https:\/\/aimtec.fi\/wp-content\/uploads\/2019\/09\/huolto-kalibrointi-helsinki.jpg&#8221; global_colors_info=&#8221;{}&#8221;][et_pb_row column_structure=&#8221;1_2,1_2&#8243; _builder_version=&#8221;4.27.4&#8243; max_width=&#8221;1080px&#8221; custom_margin=&#8221;|||&#8221; custom_padding=&#8221;|||&#8221; custom_css_main_element=&#8221;max-width: 80%;&#8221; custom_width_px=&#8221;1366px&#8221; global_colors_info=&#8221;{}&#8221;][et_pb_column type=&#8221;1_2&#8243; _builder_version=&#8221;4.16&#8243; custom_padding=&#8221;|||&#8221; global_colors_info=&#8221;{}&#8221; custom_padding__hover=&#8221;|||&#8221;][et_pb_text module_class=&#8221;mm-header-text&#8221; _builder_version=&#8221;4.16&#8243; text_font=&#8221;||||||||&#8221; header_font=&#8221;Play|700|||||||&#8221; header_text_color=&#8221;#ffffff&#8221; header_font_size=&#8221;45px&#8221; width=&#8221;100%&#8221; custom_margin=&#8221;|-12px|0px|||&#8221; custom_padding=&#8221;|0px|0px|||&#8221; text_text_align=&#8221;left&#8221; global_colors_info=&#8221;{}&#8221;]<\/p>\n<h1>Aimtec Finland Oy:n huolto- ja kalibrointipalvelut: nopeaa ja luotettavaa palvelua kaikille myymillemme mittauslaitteille. Ota yhteytt\u00e4 ja varmista laitteidesi toimivuus. Huolto palvelee hein\u00e4kuussa pe 4.7. ja 11.7.25 sek\u00e4 ma 28.7. alkaen normaalisti.<\/h1>\n<p>[\/et_pb_text][\/et_pb_column][et_pb_column type=&#8221;1_2&#8243; _builder_version=&#8221;4.16&#8243; custom_padding=&#8221;|||&#8221; global_colors_info=&#8221;{}&#8221; custom_padding__hover=&#8221;|||&#8221;][\/et_pb_column][\/et_pb_row][\/et_pb_section][et_pb_section fb_built=&#8221;1&#8243; _builder_version=&#8221;4.16&#8243; custom_margin=&#8221;0px||0px|&#8221; custom_padding=&#8221;0px|0px|0px|0px|false|false&#8221; animation_style=&#8221;fade&#8221; global_colors_info=&#8221;{}&#8221;][et_pb_row module_id=&#8221;yhteys&#8221; _builder_version=&#8221;4.16&#8243; max_width=&#8221;1080px&#8221; custom_margin=&#8221;|||&#8221; custom_padding=&#8221;|||&#8221; custom_css_main_element=&#8221;max-width: 80%;&#8221; global_colors_info=&#8221;{}&#8221;][et_pb_column type=&#8221;4_4&#8243; _builder_version=&#8221;4.16&#8243; custom_padding=&#8221;|||&#8221; global_colors_info=&#8221;{}&#8221; custom_padding__hover=&#8221;|||&#8221;][et_pb_text _builder_version=&#8221;4.16&#8243; text_font=&#8221;||||||||&#8221; text_font_size=&#8221;16px&#8221; text_line_height=&#8221;1.8em&#8221; header_2_font=&#8221;Play||||||||&#8221; z_index_tablet=&#8221;500&#8243; text_text_shadow_horizontal_length_tablet=&#8221;0px&#8221; text_text_shadow_vertical_length_tablet=&#8221;0px&#8221; text_text_shadow_blur_strength_tablet=&#8221;1px&#8221; link_text_shadow_horizontal_length_tablet=&#8221;0px&#8221; link_text_shadow_vertical_length_tablet=&#8221;0px&#8221; link_text_shadow_blur_strength_tablet=&#8221;1px&#8221; ul_text_shadow_horizontal_length_tablet=&#8221;0px&#8221; ul_text_shadow_vertical_length_tablet=&#8221;0px&#8221; ul_text_shadow_blur_strength_tablet=&#8221;1px&#8221; ol_text_shadow_horizontal_length_tablet=&#8221;0px&#8221; ol_text_shadow_vertical_length_tablet=&#8221;0px&#8221; ol_text_shadow_blur_strength_tablet=&#8221;1px&#8221; quote_text_shadow_horizontal_length_tablet=&#8221;0px&#8221; quote_text_shadow_vertical_length_tablet=&#8221;0px&#8221; quote_text_shadow_blur_strength_tablet=&#8221;1px&#8221; header_text_shadow_horizontal_length_tablet=&#8221;0px&#8221; header_text_shadow_vertical_length_tablet=&#8221;0px&#8221; header_text_shadow_blur_strength_tablet=&#8221;1px&#8221; header_2_text_shadow_horizontal_length_tablet=&#8221;0px&#8221; header_2_text_shadow_vertical_length_tablet=&#8221;0px&#8221; header_2_text_shadow_blur_strength_tablet=&#8221;1px&#8221; header_3_text_shadow_horizontal_length_tablet=&#8221;0px&#8221; header_3_text_shadow_vertical_length_tablet=&#8221;0px&#8221; header_3_text_shadow_blur_strength_tablet=&#8221;1px&#8221; header_4_text_shadow_horizontal_length_tablet=&#8221;0px&#8221; header_4_text_shadow_vertical_length_tablet=&#8221;0px&#8221; header_4_text_shadow_blur_strength_tablet=&#8221;1px&#8221; header_5_text_shadow_horizontal_length_tablet=&#8221;0px&#8221; header_5_text_shadow_vertical_length_tablet=&#8221;0px&#8221; header_5_text_shadow_blur_strength_tablet=&#8221;1px&#8221; header_6_text_shadow_horizontal_length_tablet=&#8221;0px&#8221; header_6_text_shadow_vertical_length_tablet=&#8221;0px&#8221; header_6_text_shadow_blur_strength_tablet=&#8221;1px&#8221; box_shadow_horizontal_tablet=&#8221;0px&#8221; box_shadow_vertical_tablet=&#8221;0px&#8221; box_shadow_blur_tablet=&#8221;40px&#8221; box_shadow_spread_tablet=&#8221;0px&#8221; global_colors_info=&#8221;{}&#8221;]<\/p>\n<p>Meilt\u00e4 saat tuotevalikoimamme kaikkien laitteiden huolto-, korjaus- ja kalibrointipalvelut. Muiden laitteiden osalta varmista palvelun saatavuus ensin meilt\u00e4. Jos haluat varmistaa palvelun saatavuuden, saada tarjouksen kalibroinnista tai pyyt\u00e4\u00e4 muita lis\u00e4tietoja palveluistamme, <span style=\"text-decoration: underline;\"><span style=\"color: #000000; text-decoration: underline;\"><a href=\"https:\/\/aimtec.fi\/#mm-footer\" style=\"color: #000000; text-decoration: underline;\">soita meille<\/a><\/span><\/span> tai l\u00e4het\u00e4 <span style=\"text-decoration: underline;\"><span style=\"color: #000000; text-decoration: underline;\"><a href=\"https:\/\/aimtec.fi\/yhteystiedot\/#yhteys\" style=\"color: #000000; text-decoration: underline;\">yhteydenottolomake<\/a><\/span><\/span>.<\/p>\n<p>Kun l\u00e4het\u00e4t laitteen meille, toimi alla olevan ohjeen mukaisesti:<\/p>\n<p>1. T\u00e4yt\u00e4 ensin huolellisesti t\u00e4m\u00e4n sivun lopussa oleva huoltolomake. Kirjoita lomakkeen Viesti-kentt\u00e4\u00e4n tarvittavat lis\u00e4tiedot (esimerkiksi vikakuvaus, laskuun tarvittava tilausnumero\/viite). L\u00e4het\u00e4 t\u00e4ytetty lomake L\u00e4het\u00e4 -painikkeella.<\/p>\n<p>2. Laita l\u00e4hetykseen itse laitteen lis\u00e4ksi my\u00f6s kalibroinnin tai huollon kannalta t\u00e4rke\u00e4t laitekomponentit. Kun l\u00e4het\u00e4t esimerkiksi savukaasuanalysaattorin vuosihuoltoon, pakkaa mukaan my\u00f6s savukanava-anturi, laturi ja my\u00f6s tulostin, jos sellainen laitekokonaisuuteen kuuluu.<\/p>\n<p>3. Toimita l\u00e4hetys osoitteeseen: Aimtec Finland Oy, Sarkatie 2, 01720 VANTAA. K\u00e4yt\u00e4 toimitustapaa, jolla l\u00e4hetys tuodaan meille perille asti (esim. Matkahuollon Jakopaketti, Postin Express-paketti), ja saamme laitteesi nopeammin ty\u00f6n alle. Laita pakettikorttiin my\u00f6s jonkun henkil\u00f6kuntamme j\u00e4senen matkapuhelinnumero, jotta rahdinkuljettaja voi tarvittaessa olla yhteydess\u00e4 toimituksesta. Veloitamme 25,00 (alv 0 %) noutomaksun l\u00e4hetyksist\u00e4, jotka joudumme noutamaan rahdinkuljettajan asiamies- tai toimipisteest\u00e4.<\/p>\n<p>Mik\u00e4li laitteelle ei tehd\u00e4 meill\u00e4 mit\u00e4\u00e4n huolto-, korjaus- tai kalibrointitoimenpiteit\u00e4, veloitamme 50,00 (alv 0 %) tarkastusmaksun. Jos asiakas hankkii uuden laitteen meilt\u00e4 korjaamattoman tilalle, tarkastusmaksua ei perit\u00e4. Kun ilman toimenpiteit\u00e4 j\u00e4tetty laite palautetaan, palautusrahti veloitetaan asiakkaalta.<\/p>\n<p>[\/et_pb_text][et_pb_text _builder_version=&#8221;4.16&#8243; header_font=&#8221;||||||||&#8221; header_2_font=&#8221;Play||||||||&#8221; global_colors_info=&#8221;{}&#8221;]<\/p>\n<h2><span style=\"font-size: 14px; color: #666666; font-family: 'Open Sans', Arial, sans-serif;\">\n<div class=\"wpcf7 no-js\" id=\"wpcf7-f5298-o1\" lang=\"en-US\" dir=\"ltr\" data-wpcf7-id=\"5298\">\n<div class=\"screen-reader-response\"><p role=\"status\" aria-live=\"polite\" aria-atomic=\"true\"><\/p> <ul><\/ul><\/div>\n<form action=\"\/en\/wp-json\/wp\/v2\/pages\/5286#wpcf7-f5298-o1\" method=\"post\" class=\"wpcf7-form init\" aria-label=\"Contact form\" novalidate=\"novalidate\" data-status=\"init\">\n<fieldset class=\"hidden-fields-container\"><input type=\"hidden\" name=\"_wpcf7\" value=\"5298\" \/><input type=\"hidden\" name=\"_wpcf7_version\" value=\"6.1.5\" \/><input type=\"hidden\" name=\"_wpcf7_locale\" value=\"en_US\" \/><input type=\"hidden\" name=\"_wpcf7_unit_tag\" value=\"wpcf7-f5298-o1\" \/><input type=\"hidden\" name=\"_wpcf7_container_post\" value=\"0\" \/><input type=\"hidden\" name=\"_wpcf7_posted_data_hash\" value=\"\" \/>\n<\/fieldset>\n<div class=\"mm-gutter-fields\">\n\t<p><br \/>\n<label> Yritys*<br \/>\n<span class=\"wpcf7-form-control-wrap\" data-name=\"yritys\"><input size=\"40\" maxlength=\"400\" class=\"wpcf7-form-control wpcf7-text wpcf7-validates-as-required\" aria-required=\"true\" aria-invalid=\"false\" value=\"\" type=\"text\" name=\"yritys\" \/><\/span> <\/label>\n\t<\/p>\n\t<p><label> Yhteyshenkil\u00f6n nimi*<br \/>\n<span class=\"wpcf7-form-control-wrap\" data-name=\"yhteyshenkilo\"><input size=\"40\" maxlength=\"400\" class=\"wpcf7-form-control wpcf7-text wpcf7-validates-as-required\" aria-required=\"true\" aria-invalid=\"false\" value=\"\" type=\"text\" name=\"yhteyshenkilo\" \/><\/span> <\/label>\n\t<\/p>\n\t<p><label> S\u00e4hk\u00f6posti*<br \/>\n<span class=\"wpcf7-form-control-wrap\" data-name=\"sahkoposti\"><input size=\"40\" maxlength=\"400\" class=\"wpcf7-form-control wpcf7-email wpcf7-validates-as-required wpcf7-text wpcf7-validates-as-email\" aria-required=\"true\" aria-invalid=\"false\" value=\"\" type=\"email\" name=\"sahkoposti\" \/><\/span> <\/label>\n\t<\/p>\n\t<p><label> Yhteyshenkil\u00f6n puhelinnumero*<br \/>\n<span class=\"wpcf7-form-control-wrap\" data-name=\"tel-609\"><input size=\"40\" maxlength=\"400\" class=\"wpcf7-form-control wpcf7-tel wpcf7-validates-as-required wpcf7-text wpcf7-validates-as-tel\" aria-required=\"true\" aria-invalid=\"false\" value=\"\" type=\"tel\" name=\"tel-609\" \/><\/span> <\/label>\n\t<\/p>\n<\/div>\n<p><label> Palautusosoite*<br \/>\n<span class=\"wpcf7-form-control-wrap\" data-name=\"palautusosoite\"><input size=\"40\" maxlength=\"400\" class=\"wpcf7-form-control wpcf7-text wpcf7-validates-as-required\" aria-required=\"true\" aria-invalid=\"false\" value=\"\" type=\"text\" name=\"palautusosoite\" \/><\/span><\/label>\n<\/p>\n<p><label> Tuote*<br \/>\n<span class=\"wpcf7-form-control-wrap\" data-name=\"text-175\"><input size=\"40\" maxlength=\"400\" class=\"wpcf7-form-control wpcf7-text wpcf7-validates-as-required\" aria-required=\"true\" aria-invalid=\"false\" value=\"\" type=\"text\" name=\"text-175\" \/><\/span> <\/label>\n<\/p>\n<p><label> <span class=\"wpcf7-form-control-wrap\" data-name=\"radio-902\"><span class=\"wpcf7-form-control wpcf7-radio\"><span class=\"wpcf7-list-item first\"><input type=\"radio\" name=\"radio-902\" value=\"Korjaus\" checked=\"checked\" \/><span class=\"wpcf7-list-item-label\">Korjaus<\/span><\/span><span class=\"wpcf7-list-item\"><input type=\"radio\" name=\"radio-902\" value=\"Kalibrointi\" \/><span class=\"wpcf7-list-item-label\">Kalibrointi<\/span><\/span><span class=\"wpcf7-list-item last\"><input type=\"radio\" name=\"radio-902\" value=\"Korjaus ja Kalibrointi\" \/><span class=\"wpcf7-list-item-label\">Korjaus ja Kalibrointi<\/span><\/span><\/span><\/span><\/label>\n<\/p>\n<p><label> Viesti<br \/>\n<span class=\"wpcf7-form-control-wrap\" data-name=\"your-message\"><textarea cols=\"40\" rows=\"10\" maxlength=\"2000\" class=\"wpcf7-form-control wpcf7-textarea\" aria-invalid=\"false\" name=\"your-message\"><\/textarea><\/span> <\/label>\n<\/p>\n<p><input class=\"wpcf7-form-control wpcf7-submit has-spinner\" type=\"submit\" value=\"L\u00e4het\u00e4\" \/>\n<\/p><p style=\"display: none !important;\" class=\"akismet-fields-container\" data-prefix=\"_wpcf7_ak_\"><label>&#916;<textarea name=\"_wpcf7_ak_hp_textarea\" cols=\"45\" rows=\"8\" maxlength=\"100\"><\/textarea><\/label><input type=\"hidden\" id=\"ak_js_1\" name=\"_wpcf7_ak_js\" value=\"228\"\/><script>document.getElementById( \"ak_js_1\" ).setAttribute( \"value\", ( new Date() ).getTime() );<\/script><\/p><div class=\"wpcf7-response-output\" aria-hidden=\"true\"><\/div>\n<\/form>\n<\/div>\n<\/span><\/h2>\n<p>[\/et_pb_text][\/et_pb_column][\/et_pb_row][\/et_pb_section]<\/p>\n","protected":false},"excerpt":{"rendered":"<p>Aimtec Finland Oy:n huolto- ja kalibrointipalvelut: nopeaa ja luotettavaa palvelua kaikille myymillemme mittauslaitteille. Ota yhteytt\u00e4 ja varmista laitteidesi toimivuus. Huolto palvelee hein\u00e4kuussa pe 4.7. ja 11.7.25 sek\u00e4 ma 28.7. alkaen normaalisti.Meilt\u00e4 saat tuotevalikoimamme kaikkien laitteiden huolto-, korjaus- ja kalibrointipalvelut. Muiden laitteiden osalta varmista palvelun saatavuus ensin meilt\u00e4. Jos haluat varmistaa palvelun saatavuuden, saada tarjouksen kalibroinnista&#8230;<\/p>","protected":false},"author":6,"featured_media":0,"parent":0,"menu_order":0,"comment_status":"closed","ping_status":"closed","template":"","meta":{"_acf_changed":false,"_seopress_robots_primary_cat":"","_seopress_titles_title":"","_seopress_titles_desc":"","_seopress_robots_index":"","_et_pb_use_builder":"on","_et_pb_old_content":"","_et_gb_content_width":"","inline_featured_image":false,"footnotes":"","_links_to":"","_links_to_target":""},"categories":[],"tags":[],"class_list":["post-5286","page","type-page","status-publish","hentry"],"acf":[],"_links":{"self":[{"href":"https:\/\/aimtec.fi\/en\/wp-json\/wp\/v2\/pages\/5286","targetHints":{"allow":["GET"]}}],"collection":[{"href":"https:\/\/aimtec.fi\/en\/wp-json\/wp\/v2\/pages"}],"about":[{"href":"https:\/\/aimtec.fi\/en\/wp-json\/wp\/v2\/types\/page"}],"author":[{"embeddable":true,"href":"https:\/\/aimtec.fi\/en\/wp-json\/wp\/v2\/users\/6"}],"replies":[{"embeddable":true,"href":"https:\/\/aimtec.fi\/en\/wp-json\/wp\/v2\/comments?post=5286"}],"version-history":[{"count":27,"href":"https:\/\/aimtec.fi\/en\/wp-json\/wp\/v2\/pages\/5286\/revisions"}],"predecessor-version":[{"id":18072,"href":"https:\/\/aimtec.fi\/en\/wp-json\/wp\/v2\/pages\/5286\/revisions\/18072"}],"wp:attachment":[{"href":"https:\/\/aimtec.fi\/en\/wp-json\/wp\/v2\/media?parent=5286"}],"wp:term":[{"taxonomy":"category","embeddable":true,"href":"https:\/\/aimtec.fi\/en\/wp-json\/wp\/v2\/categories?post=5286"},{"taxonomy":"post_tag","embeddable":true,"href":"https:\/\/aimtec.fi\/en\/wp-json\/wp\/v2\/tags?post=5286"}],"curies":[{"name":"wp","href":"https:\/\/api.w.org\/{rel}","templated":true}]}}