{"id":5576,"date":"2019-10-11T09:25:11","date_gmt":"2019-10-11T06:25:11","guid":{"rendered":"https:\/\/aimtec.fi\/?page_id=5576"},"modified":"2020-12-15T09:44:33","modified_gmt":"2020-12-15T07:44:33","slug":"02-savukone-viper-s-650-w","status":"publish","type":"page","link":"https:\/\/aimtec.fi\/en\/savukoneet-ja-merkkisavut\/02-savukone-viper-s-650-w\/","title":{"rendered":"03 Savukone Viper S 650 W"},"content":{"rendered":"<p>Viper S savukone on pienikokoinen ja kevyt, mutta tehokas: se tuottaa savua jopa 8 metrin et\u00e4isyydelle. Savuntuotto on s\u00e4\u00e4dett\u00e4viss\u00e4: pienest\u00e4 yksitt\u00e4isest\u00e4 savupilvest\u00e4 jatkuvaan paksun savun tuottoon. Konetta voi ohjata mm. suoraan sen omasta ohjauspaneelista, 0-10 V analogisignaalilla, XLR-kauko-ohjaimella tai radiokauko-ohjaimella (kauko-ohjaimet ovat lis\u00e4varusteita). Lis\u00e4varusteena on saatavana my\u00f6s kanava-adapteri \u00d8 65 mm letkulle. Koneessa on my\u00f6s ajastin- toiminto, jolloin k\u00e4ytt\u00e4j\u00e4 voi ohjelmoida haluamansa savutusajan, savutustauon ja -tehon.<\/p>\n<p>Viper S savukoneessa voidaan k\u00e4ytt\u00e4\u00e4 kolmea erilaista savunestett\u00e4: Quick-Fog (paksu, nopeasti haihtuva savu), Regular-Fog (paksu, hitaasti haihtuva savu) ja Slow-Fog (paksu, eritt\u00e4in hitaasti haihtuva savu).<\/p>\n<p>Katso video Viper S:n savuntuotosta <a href=\"https:\/\/youtu.be\/YGRVhWb7h7A\" target=\"_blank\" rel=\"noopener noreferrer\">t\u00e4\u00e4lt\u00e4<\/a>.<\/p>","protected":false},"excerpt":{"rendered":"<p>Viper S savukone on pienikokoinen ja kevyt, mutta tehokas: se tuottaa savua jopa 8 metrin et\u00e4isyydelle. Savuntuotto on s\u00e4\u00e4dett\u00e4viss\u00e4: pienest\u00e4 yksitt\u00e4isest\u00e4 savupilvest\u00e4 jatkuvaan paksun savun tuottoon. Konetta voi ohjata mm. suoraan sen omasta ohjauspaneelista, 0-10 V analogisignaalilla, XLR-kauko-ohjaimella tai radiokauko-ohjaimella (kauko-ohjaimet ovat lis\u00e4varusteita). Lis\u00e4varusteena on saatavana my\u00f6s kanava-adapteri \u00d8 65 mm letkulle. Koneessa on my\u00f6s&#8230;<\/p>","protected":false},"author":4,"featured_media":5581,"parent":3085,"menu_order":0,"comment_status":"closed","ping_status":"closed","template":"tuote.php","meta":{"_acf_changed":false,"_seopress_robots_primary_cat":"","_seopress_titles_title":"","_seopress_titles_desc":"","_seopress_robots_index":"","_et_pb_use_builder":"","_et_pb_old_content":"","_et_gb_content_width":"","inline_featured_image":false,"footnotes":"","_links_to":"","_links_to_target":""},"categories":[],"tags":[],"class_list":["post-5576","page","type-page","status-publish","has-post-thumbnail","hentry"],"acf":[],"_links":{"self":[{"href":"https:\/\/aimtec.fi\/en\/wp-json\/wp\/v2\/pages\/5576","targetHints":{"allow":["GET"]}}],"collection":[{"href":"https:\/\/aimtec.fi\/en\/wp-json\/wp\/v2\/pages"}],"about":[{"href":"https:\/\/aimtec.fi\/en\/wp-json\/wp\/v2\/types\/page"}],"author":[{"embeddable":true,"href":"https:\/\/aimtec.fi\/en\/wp-json\/wp\/v2\/users\/4"}],"replies":[{"embeddable":true,"href":"https:\/\/aimtec.fi\/en\/wp-json\/wp\/v2\/comments?post=5576"}],"version-history":[{"count":10,"href":"https:\/\/aimtec.fi\/en\/wp-json\/wp\/v2\/pages\/5576\/revisions"}],"predecessor-version":[{"id":8283,"href":"https:\/\/aimtec.fi\/en\/wp-json\/wp\/v2\/pages\/5576\/revisions\/8283"}],"up":[{"embeddable":true,"href":"https:\/\/aimtec.fi\/en\/wp-json\/wp\/v2\/pages\/3085"}],"wp:featuredmedia":[{"embeddable":true,"href":"https:\/\/aimtec.fi\/en\/wp-json\/wp\/v2\/media\/5581"}],"wp:attachment":[{"href":"https:\/\/aimtec.fi\/en\/wp-json\/wp\/v2\/media?parent=5576"}],"wp:term":[{"taxonomy":"category","embeddable":true,"href":"https:\/\/aimtec.fi\/en\/wp-json\/wp\/v2\/categories?post=5576"},{"taxonomy":"post_tag","embeddable":true,"href":"https:\/\/aimtec.fi\/en\/wp-json\/wp\/v2\/tags?post=5576"}],"curies":[{"name":"wp","href":"https:\/\/api.w.org\/{rel}","templated":true}]}}