{"id":5693,"date":"2019-11-25T10:51:41","date_gmt":"2019-11-25T08:51:41","guid":{"rendered":"https:\/\/aimtec.fi\/?page_id=5693"},"modified":"2023-10-04T11:51:07","modified_gmt":"2023-10-04T08:51:07","slug":"03-wohler-km-410-sisailman-laadun-mittari-co2-co-lampotila-kosteus","status":"publish","type":"page","link":"https:\/\/aimtec.fi\/en\/sisailmanlaadun-mittarit\/03-wohler-km-410-sisailman-laadun-mittari-co2-co-lampotila-kosteus\/","title":{"rendered":"W\u00d6HLER &#8211; KM 410 sis\u00e4ilman laadun mittari (CO2, CO, l\u00e4mp\u00f6tila, kosteus)"},"content":{"rendered":"<p><strong>W\u00f6hler KM 410 mittarilla<\/strong> m\u00e4\u00e4rit\u00e4t seuraavat sis\u00e4ilman laadun t\u00e4rke\u00e4t parametrit:<br \/>\n-hiilidioksidi<br \/>\n-hiilimonoksidi<br \/>\n-l\u00e4mp\u00f6tila<br \/>\n-suhteellinen kosteus<br \/>\n-kastepiste<br \/>\n-m\u00e4rk\u00e4l\u00e4mp\u00f6tila<\/p>\n<p>Mittarissa on minimi-, maksimi- ja keskiarvolukemien n\u00e4ytt\u00f6, loggaustoiminto (max 6000 mittaussarjaa CO2, CO, l\u00e4mp\u00f6tila ja kosteus) ja CO-h\u00e4lytystoiminto.<\/p>\n<p>Vakiotoimitukseen kuuluu: KM 410 mittari, 4 kpl AA paristoja, USB-kaapeli, PC-ohjelma mittaustietojen siirtoon tietokoneelle (k\u00e4ytt\u00f6kielin\u00e4 mm. englanti ja saksa) ja kantolaukku.<br \/>\nLis\u00e4varusteet: verkkolaite 9 V ja TD 100 infrapunatulostin<\/p>","protected":false},"excerpt":{"rendered":"<p>W\u00f6hler KM 410 mittarilla m\u00e4\u00e4rit\u00e4t seuraavat sis\u00e4ilman laadun t\u00e4rke\u00e4t parametrit: -hiilidioksidi -hiilimonoksidi -l\u00e4mp\u00f6tila -suhteellinen kosteus -kastepiste -m\u00e4rk\u00e4l\u00e4mp\u00f6tila Mittarissa on minimi-, maksimi- ja keskiarvolukemien n\u00e4ytt\u00f6, loggaustoiminto (max 6000 mittaussarjaa CO2, CO, l\u00e4mp\u00f6tila ja kosteus) ja CO-h\u00e4lytystoiminto. Vakiotoimitukseen kuuluu: KM 410 mittari, 4 kpl AA paristoja, USB-kaapeli, PC-ohjelma mittaustietojen siirtoon tietokoneelle (k\u00e4ytt\u00f6kielin\u00e4 mm. englanti ja saksa) ja&#8230;<\/p>","protected":false},"author":4,"featured_media":5703,"parent":3088,"menu_order":0,"comment_status":"closed","ping_status":"closed","template":"tuote.php","meta":{"_acf_changed":false,"_seopress_robots_primary_cat":"","_seopress_titles_title":"","_seopress_titles_desc":"","_seopress_robots_index":"","_et_pb_use_builder":"","_et_pb_old_content":"","_et_gb_content_width":"","inline_featured_image":false,"footnotes":"","_links_to":"","_links_to_target":""},"categories":[],"tags":[],"class_list":["post-5693","page","type-page","status-publish","has-post-thumbnail","hentry"],"acf":[],"_links":{"self":[{"href":"https:\/\/aimtec.fi\/en\/wp-json\/wp\/v2\/pages\/5693","targetHints":{"allow":["GET"]}}],"collection":[{"href":"https:\/\/aimtec.fi\/en\/wp-json\/wp\/v2\/pages"}],"about":[{"href":"https:\/\/aimtec.fi\/en\/wp-json\/wp\/v2\/types\/page"}],"author":[{"embeddable":true,"href":"https:\/\/aimtec.fi\/en\/wp-json\/wp\/v2\/users\/4"}],"replies":[{"embeddable":true,"href":"https:\/\/aimtec.fi\/en\/wp-json\/wp\/v2\/comments?post=5693"}],"version-history":[{"count":12,"href":"https:\/\/aimtec.fi\/en\/wp-json\/wp\/v2\/pages\/5693\/revisions"}],"predecessor-version":[{"id":17681,"href":"https:\/\/aimtec.fi\/en\/wp-json\/wp\/v2\/pages\/5693\/revisions\/17681"}],"up":[{"embeddable":true,"href":"https:\/\/aimtec.fi\/en\/wp-json\/wp\/v2\/pages\/3088"}],"wp:featuredmedia":[{"embeddable":true,"href":"https:\/\/aimtec.fi\/en\/wp-json\/wp\/v2\/media\/5703"}],"wp:attachment":[{"href":"https:\/\/aimtec.fi\/en\/wp-json\/wp\/v2\/media?parent=5693"}],"wp:term":[{"taxonomy":"category","embeddable":true,"href":"https:\/\/aimtec.fi\/en\/wp-json\/wp\/v2\/categories?post=5693"},{"taxonomy":"post_tag","embeddable":true,"href":"https:\/\/aimtec.fi\/en\/wp-json\/wp\/v2\/tags?post=5693"}],"curies":[{"name":"wp","href":"https:\/\/api.w.org\/{rel}","templated":true}]}}