{"id":6022,"date":"2020-02-07T09:30:36","date_gmt":"2020-02-07T07:30:36","guid":{"rendered":"https:\/\/aimtec.fi\/?page_id=6022"},"modified":"2025-10-16T15:43:10","modified_gmt":"2025-10-16T12:43:10","slug":"kane258-savukaasuanalysaattori","status":"publish","type":"page","link":"https:\/\/aimtec.fi\/en\/savukaasuanalysaattorit\/kane258-savukaasuanalysaattori\/","title":{"rendered":"KANE258 savukaasuanalysaattori"},"content":{"rendered":"<p>Kane258 on edullinen savukaasuanalysaattori mm. pienten \u00f6ljypolttimien ja Webastojen s\u00e4\u00e4t\u00f6\u00f6n. Laitetta ei ole tarkoitettu pitk\u00e4aikaiseen yht\u00e4mittaiseen k\u00e4ytt\u00f6\u00f6n.<\/p>\n<p><strong>Kane258 savukaasuanalysaattorissa<\/strong> on happikenno ja suojattu h\u00e4k\u00e4kenno. Bluetooth nyt vakiovarusteena, jolloin mm. mittaustuloksia voi seurata reaaliajassa mobiilisovelluksella Kane Live (Android ja iOS) ja l\u00e4hett\u00e4\u00e4 mittausraportit s\u00e4hk\u00f6postilla.<\/p>\n<p><strong>Mittausalueet:<br \/>\n<\/strong>O2 kenno: 0.00 % &#8230; 21.00 %<br \/>\nCO kenno: 0.00 ppm &#8230; 2000.00 ppm<\/p>","protected":false},"excerpt":{"rendered":"<p>Kane258 on edullinen savukaasuanalysaattori mm. pienten \u00f6ljypolttimien ja Webastojen s\u00e4\u00e4t\u00f6\u00f6n. Laitetta ei ole tarkoitettu pitk\u00e4aikaiseen yht\u00e4mittaiseen k\u00e4ytt\u00f6\u00f6n. Kane258 savukaasuanalysaattorissa on happikenno ja suojattu h\u00e4k\u00e4kenno. Bluetooth nyt vakiovarusteena, jolloin mm. mittaustuloksia voi seurata reaaliajassa mobiilisovelluksella Kane Live (Android ja iOS) ja l\u00e4hett\u00e4\u00e4 mittausraportit s\u00e4hk\u00f6postilla. Mittausalueet: O2 kenno: 0.00 % &#8230; 21.00 % CO kenno: 0.00 ppm&#8230;<\/p>","protected":false},"author":4,"featured_media":10238,"parent":3082,"menu_order":1,"comment_status":"closed","ping_status":"closed","template":"tuote.php","meta":{"_acf_changed":false,"_seopress_robots_primary_cat":"","_seopress_titles_title":"","_seopress_titles_desc":"","_seopress_robots_index":"","_et_pb_use_builder":"","_et_pb_old_content":"","_et_gb_content_width":"","inline_featured_image":false,"footnotes":"","_links_to":"","_links_to_target":""},"categories":[12],"tags":[21,19,20],"class_list":["post-6022","page","type-page","status-publish","has-post-thumbnail","hentry","category-tuote","tag-oljypolttimet","tag-savukaasuanalysaattori","tag-webaston-saato"],"acf":[],"_links":{"self":[{"href":"https:\/\/aimtec.fi\/en\/wp-json\/wp\/v2\/pages\/6022","targetHints":{"allow":["GET"]}}],"collection":[{"href":"https:\/\/aimtec.fi\/en\/wp-json\/wp\/v2\/pages"}],"about":[{"href":"https:\/\/aimtec.fi\/en\/wp-json\/wp\/v2\/types\/page"}],"author":[{"embeddable":true,"href":"https:\/\/aimtec.fi\/en\/wp-json\/wp\/v2\/users\/4"}],"replies":[{"embeddable":true,"href":"https:\/\/aimtec.fi\/en\/wp-json\/wp\/v2\/comments?post=6022"}],"version-history":[{"count":24,"href":"https:\/\/aimtec.fi\/en\/wp-json\/wp\/v2\/pages\/6022\/revisions"}],"predecessor-version":[{"id":18099,"href":"https:\/\/aimtec.fi\/en\/wp-json\/wp\/v2\/pages\/6022\/revisions\/18099"}],"up":[{"embeddable":true,"href":"https:\/\/aimtec.fi\/en\/wp-json\/wp\/v2\/pages\/3082"}],"wp:featuredmedia":[{"embeddable":true,"href":"https:\/\/aimtec.fi\/en\/wp-json\/wp\/v2\/media\/10238"}],"wp:attachment":[{"href":"https:\/\/aimtec.fi\/en\/wp-json\/wp\/v2\/media?parent=6022"}],"wp:term":[{"taxonomy":"category","embeddable":true,"href":"https:\/\/aimtec.fi\/en\/wp-json\/wp\/v2\/categories?post=6022"},{"taxonomy":"post_tag","embeddable":true,"href":"https:\/\/aimtec.fi\/en\/wp-json\/wp\/v2\/tags?post=6022"}],"curies":[{"name":"wp","href":"https:\/\/api.w.org\/{rel}","templated":true}]}}