{"id":6235,"date":"2020-03-31T14:49:15","date_gmt":"2020-03-31T11:49:15","guid":{"rendered":"https:\/\/aimtec.fi\/?page_id=6235"},"modified":"2025-11-11T19:09:34","modified_gmt":"2025-11-11T17:09:34","slug":"kane958-savukaasuanalysaattori","status":"publish","type":"page","link":"https:\/\/aimtec.fi\/en\/savukaasuanalysaattorit\/kane958-savukaasuanalysaattori\/","title":{"rendered":"KANE958 savukaasuanalysaattori Teollisuuspolttimille"},"content":{"rendered":"<p><strong>Kane 958 savukaasuanalysaattorissa on vakiona O2- ja CO-kennot, optiona 3 lis\u00e4kennoa (vaihtoehdot: NO, NO2 ja SO2).<\/strong><\/p>\n<p><strong>Mittausalueet:<br \/>\n<\/strong>O2 kenno: 0.00 % \u2026 21.00 %<br \/>\nCO kenno (H2 kompensoitu): 0.00 ppm \u2026 10000.00 pp<\/p>\n<p>NO kenno (typpioksidi): 0.00 \u2026 5000 ppm<br \/>\nNO2 kenno (typpidioksidi): 0.00 \u2026 1000 ppm<br \/>\nSO2 kenno (rikkidioksidi): 0.00 \u2026 5000 ppm<\/p>\n<p>CO kenno (H2 kompensoitu) 0&#8230;10%<\/p>\n<p>&nbsp;<\/p>","protected":false},"excerpt":{"rendered":"<p>Kane 958 savukaasuanalysaattorissa on vakiona O2- ja CO-kennot, optiona 3 lis\u00e4kennoa (vaihtoehdot: NO, NO2 ja SO2). Mittausalueet: O2 kenno: 0.00 % \u2026 21.00 % CO kenno (H2 kompensoitu): 0.00 ppm \u2026 10000.00 pp NO kenno (typpioksidi): 0.00 \u2026 5000 ppm NO2 kenno (typpidioksidi): 0.00 \u2026 1000 ppm SO2 kenno (rikkidioksidi): 0.00 \u2026 5000 ppm CO&#8230;<\/p>","protected":false},"author":4,"featured_media":11036,"parent":3082,"menu_order":0,"comment_status":"closed","ping_status":"closed","template":"tuote.php","meta":{"_acf_changed":false,"_seopress_robots_primary_cat":"","_seopress_titles_title":"Kane958 savukaasuanalysaattori teollisuuspolttimille.","_seopress_titles_desc":"Kane958 savukaasuanalysaattori jopa 5MW tehoisille polttimille. Kaasu- ja \u00f6ljypolttimien s\u00e4\u00e4t\u00e4miseen ja hy\u00f6tysuhteen optimointiin. Uusinta anturiteknologiaa. Optiona jopa 5 kennoa saatavana (O2, CO, NO, NO2, SO2).  Helppok\u00e4ytt\u00f6inen, py\u00f6ritett\u00e4v\u00e4 valitsin, langaton valmius vakiona, h\u00e4k\u00e4kennon suojaus ylikuormitukselta. Mittaa huonetilan h\u00e4k\u00e4pitoisuuden.","_seopress_robots_index":"","_et_pb_use_builder":"","_et_pb_old_content":"","_et_gb_content_width":"","inline_featured_image":false,"footnotes":"","_links_to":"","_links_to_target":""},"categories":[],"tags":[],"class_list":["post-6235","page","type-page","status-publish","has-post-thumbnail","hentry"],"acf":[],"_links":{"self":[{"href":"https:\/\/aimtec.fi\/en\/wp-json\/wp\/v2\/pages\/6235","targetHints":{"allow":["GET"]}}],"collection":[{"href":"https:\/\/aimtec.fi\/en\/wp-json\/wp\/v2\/pages"}],"about":[{"href":"https:\/\/aimtec.fi\/en\/wp-json\/wp\/v2\/types\/page"}],"author":[{"embeddable":true,"href":"https:\/\/aimtec.fi\/en\/wp-json\/wp\/v2\/users\/4"}],"replies":[{"embeddable":true,"href":"https:\/\/aimtec.fi\/en\/wp-json\/wp\/v2\/comments?post=6235"}],"version-history":[{"count":16,"href":"https:\/\/aimtec.fi\/en\/wp-json\/wp\/v2\/pages\/6235\/revisions"}],"predecessor-version":[{"id":18110,"href":"https:\/\/aimtec.fi\/en\/wp-json\/wp\/v2\/pages\/6235\/revisions\/18110"}],"up":[{"embeddable":true,"href":"https:\/\/aimtec.fi\/en\/wp-json\/wp\/v2\/pages\/3082"}],"wp:featuredmedia":[{"embeddable":true,"href":"https:\/\/aimtec.fi\/en\/wp-json\/wp\/v2\/media\/11036"}],"wp:attachment":[{"href":"https:\/\/aimtec.fi\/en\/wp-json\/wp\/v2\/media?parent=6235"}],"wp:term":[{"taxonomy":"category","embeddable":true,"href":"https:\/\/aimtec.fi\/en\/wp-json\/wp\/v2\/categories?post=6235"},{"taxonomy":"post_tag","embeddable":true,"href":"https:\/\/aimtec.fi\/en\/wp-json\/wp\/v2\/tags?post=6235"}],"curies":[{"name":"wp","href":"https:\/\/api.w.org\/{rel}","templated":true}]}}