{"id":6281,"date":"2020-04-01T13:46:27","date_gmt":"2020-04-01T10:46:27","guid":{"rendered":"https:\/\/aimtec.fi\/?page_id=6281"},"modified":"2020-12-15T09:42:59","modified_gmt":"2020-12-15T07:42:59","slug":"02-power-tiny-savukone-400-w-akkukayttoinen","status":"publish","type":"page","link":"https:\/\/aimtec.fi\/en\/savukoneet-ja-merkkisavut\/02-power-tiny-savukone-400-w-akkukayttoinen\/","title":{"rendered":"02 Power-Tiny savukone 400 W, akkuk\u00e4ytt\u00f6inen"},"content":{"rendered":"<p>Power-Tiny on pienikokoinen, kevyt ja tehokas akkuk\u00e4ytt\u00f6inen savukone mm. virtaus- ja tiiviystarkistuksiin. Akku antaa virtaa vain tarvittaessa eli silloin, kun savunmuodostus k\u00e4ynnistet\u00e4\u00e4n, jolloin savua pystyt\u00e4\u00e4n tuottamaan pitemp\u00e4\u00e4n (n. 250 tunnin valmiusaika). Koneen esil\u00e4mmitys kest\u00e4\u00e4 vain yhden sekunnin. Savutustehoa voi s\u00e4\u00e4t\u00e4\u00e4 koneen kannessa olevalla s\u00e4\u00e4t\u00f6nupilla.<\/p>\n<p>Katso esittelyvideo <a href=\"https:\/\/youtu.be\/CMjvWKN1atE\" target=\"_blank\" rel=\"noopener noreferrer\">t\u00e4\u00e4lt\u00e4<\/a><\/p>","protected":false},"excerpt":{"rendered":"<p>Power-Tiny on pienikokoinen, kevyt ja tehokas akkuk\u00e4ytt\u00f6inen savukone mm. virtaus- ja tiiviystarkistuksiin. Akku antaa virtaa vain tarvittaessa eli silloin, kun savunmuodostus k\u00e4ynnistet\u00e4\u00e4n, jolloin savua pystyt\u00e4\u00e4n tuottamaan pitemp\u00e4\u00e4n (n. 250 tunnin valmiusaika). Koneen esil\u00e4mmitys kest\u00e4\u00e4 vain yhden sekunnin. Savutustehoa voi s\u00e4\u00e4t\u00e4\u00e4 koneen kannessa olevalla s\u00e4\u00e4t\u00f6nupilla. Katso esittelyvideo t\u00e4\u00e4lt\u00e4<\/p>","protected":false},"author":4,"featured_media":6286,"parent":3085,"menu_order":0,"comment_status":"closed","ping_status":"closed","template":"tuote.php","meta":{"_acf_changed":false,"_seopress_robots_primary_cat":"","_seopress_titles_title":"","_seopress_titles_desc":"","_seopress_robots_index":"","_et_pb_use_builder":"","_et_pb_old_content":"","_et_gb_content_width":"","inline_featured_image":false,"footnotes":"","_links_to":"","_links_to_target":""},"categories":[],"tags":[],"class_list":["post-6281","page","type-page","status-publish","has-post-thumbnail","hentry"],"acf":[],"_links":{"self":[{"href":"https:\/\/aimtec.fi\/en\/wp-json\/wp\/v2\/pages\/6281","targetHints":{"allow":["GET"]}}],"collection":[{"href":"https:\/\/aimtec.fi\/en\/wp-json\/wp\/v2\/pages"}],"about":[{"href":"https:\/\/aimtec.fi\/en\/wp-json\/wp\/v2\/types\/page"}],"author":[{"embeddable":true,"href":"https:\/\/aimtec.fi\/en\/wp-json\/wp\/v2\/users\/4"}],"replies":[{"embeddable":true,"href":"https:\/\/aimtec.fi\/en\/wp-json\/wp\/v2\/comments?post=6281"}],"version-history":[{"count":8,"href":"https:\/\/aimtec.fi\/en\/wp-json\/wp\/v2\/pages\/6281\/revisions"}],"predecessor-version":[{"id":8281,"href":"https:\/\/aimtec.fi\/en\/wp-json\/wp\/v2\/pages\/6281\/revisions\/8281"}],"up":[{"embeddable":true,"href":"https:\/\/aimtec.fi\/en\/wp-json\/wp\/v2\/pages\/3085"}],"wp:featuredmedia":[{"embeddable":true,"href":"https:\/\/aimtec.fi\/en\/wp-json\/wp\/v2\/media\/6286"}],"wp:attachment":[{"href":"https:\/\/aimtec.fi\/en\/wp-json\/wp\/v2\/media?parent=6281"}],"wp:term":[{"taxonomy":"category","embeddable":true,"href":"https:\/\/aimtec.fi\/en\/wp-json\/wp\/v2\/categories?post=6281"},{"taxonomy":"post_tag","embeddable":true,"href":"https:\/\/aimtec.fi\/en\/wp-json\/wp\/v2\/tags?post=6281"}],"curies":[{"name":"wp","href":"https:\/\/api.w.org\/{rel}","templated":true}]}}