{"id":6520,"date":"2020-04-21T14:00:28","date_gmt":"2020-04-21T11:00:28","guid":{"rendered":"https:\/\/aimtec.fi\/?page_id=6520"},"modified":"2020-12-15T10:23:27","modified_gmt":"2020-12-15T08:23:27","slug":"03-wohler-vis350-tarkastuskamera-30-m-tyontokaapelilla","status":"publish","type":"page","link":"https:\/\/aimtec.fi\/en\/viemarikamerat\/03-wohler-vis350-tarkastuskamera-30-m-tyontokaapelilla\/","title":{"rendered":"03 W\u00d6HLER &#8211; VIS350 tarkastuskamera 30 m ty\u00f6nt\u00f6kaapelilla"},"content":{"rendered":"<div class=\"field field-name-body field-type-text-with-summary field-label-hidden\">\n<div class=\"field-items\">\n<div class=\"field-item even\">\n<p>K\u00e4ytt\u00f6kohteet: viem\u00e4riputket, talojen putkistot, ilmastointikanavat mm.<\/p>\n<p><strong>\u00d8 4<\/strong><strong>0 mm vesitiivis IP67 v\u00e4rikamerap\u00e4\u00e4<\/strong><br \/>\n360\u00b0 kierto, 180 \u00b0 kallistus. N\u00e4yt\u00f6ss\u00e4 n\u00e4ytet\u00e4\u00e4n kamerap\u00e4\u00e4n et\u00e4isyys kameralaukusta metrein\u00e4 (erotuskyky 0.04 m) ja kamerap\u00e4\u00e4n asento putkessa. Kamerap\u00e4\u00e4ss\u00e4 on sis\u00e4\u00e4nrakennettu l\u00e4hetin, jonka avulla se voidaan paikallistaa esimerkiksi lattian alta W\u00f6hler L 200 paikantimella (lis\u00e4varuste).<\/p>\n<p><strong>\u00d8 26 mm vesitiivis IP68 v\u00e4rikamerap\u00e4\u00e4 <\/strong>(lis\u00e4varuste)<br \/>\nSuora minikamerap\u00e4\u00e4, soveltuu erityisesti pienille, v\u00e4hint\u00e4\u00e4n \u00d8 40 mm viem\u00e4riputkille. Kamerap\u00e4\u00e4ss\u00e4 on sis\u00e4\u00e4nrakennettu l\u00e4hetin, voidaan paikallistaa paikantimella.<\/p>\n<p><strong>30 metrin ty\u00f6nt\u00f6kaapeli<br \/>\n<\/strong>\u00d8 6.5 mm, lasikuituvahvistettu<\/p>\n<p><strong>Videointi- ja valokuvaustoiminnot: <\/strong><br \/>\nTallennus SD-kortille. Videot ja kuvat voidaan siirt\u00e4\u00e4 kamerasta tietokoneelle USB-kaapelin avulla.<\/p>\n<p><strong>Akun kesto: <\/strong><br \/>\n120 minuuttia. Kameralaukussa on paikka my\u00f6s toiselle akulle (lis\u00e4varuste)<\/p>\n<p><strong>Lis\u00e4varusteet mm:<br \/>\n<\/strong>-L 200 paikannin helpottaa ja nopeuttaa vauriokohtien paikallistamista, Katso paikantimen tiedot <a href=\"https:\/\/aimtec.fi\/en\/tarkastuskamerat\/wohler-l-200-kamerapaan-paikannin\/\" target=\"_blank\" rel=\"noopener noreferrer\">t\u00e4\u00e4lt\u00e4<\/a><br \/>\n-lis\u00e4valo, sis. 18 kpl valkoista LEDi\u00e4. Liitet\u00e4\u00e4n kamerap\u00e4\u00e4n ja kaapelin v\u00e4liin. \u00d8 26 ja 40 mm kamerap\u00e4ille<br \/>\n-suojah\u00e4kit, ohjaimet, keskittimet ym.<\/p>\n<p><strong><em>Katso esittelyvideo VIS350 kamerasta <a href=\"https:\/\/youtu.be\/wwEKshoY1Fc\" target=\"_blank\" rel=\"noopener noreferrer\">t\u00e4\u00e4lt\u00e4 <\/a><\/em><\/strong><em>(VIS350 mallissamme 30 m ty\u00f6nt\u00f6kaapeli, ei 20 m kuten teksti videossa kertoo)<\/em><\/p>\n<p><strong>Peruspaketin toimitussis\u00e4lt\u00f6:<br \/>\n<\/strong>-VIS350 TFT n\u00e4ytt\u00f6<strong><br \/>\n<\/strong>-\u00d8 40 mm v\u00e4rikamerap\u00e4\u00e4 (180\u00b0\/360\u00b0)<br \/>\n-4 Gb SD-kortti tallennukseen<br \/>\n-mini-USB-kaapeli<br \/>\n-30 m \/ \u00d8 6.5 mm ty\u00f6nt\u00f6kaapeli<br \/>\n-1 kpl NiMH akku ja laturi<br \/>\n-5 kpl kamerap\u00e4\u00e4n muovikupuja<br \/>\n-1 kpl liukumaton matto<br \/>\n-kameralaukku<\/p>\n<\/div>\n<\/div>\n<\/div>","protected":false},"excerpt":{"rendered":"<p>K\u00e4ytt\u00f6kohteet: viem\u00e4riputket, talojen putkistot, ilmastointikanavat mm. \u00d8 40 mm vesitiivis IP67 v\u00e4rikamerap\u00e4\u00e4 360\u00b0 kierto, 180 \u00b0 kallistus. N\u00e4yt\u00f6ss\u00e4 n\u00e4ytet\u00e4\u00e4n kamerap\u00e4\u00e4n et\u00e4isyys kameralaukusta metrein\u00e4 (erotuskyky 0.04 m) ja kamerap\u00e4\u00e4n asento putkessa. Kamerap\u00e4\u00e4ss\u00e4 on sis\u00e4\u00e4nrakennettu l\u00e4hetin, jonka avulla se voidaan paikallistaa esimerkiksi lattian alta W\u00f6hler L 200 paikantimella (lis\u00e4varuste). \u00d8 26 mm vesitiivis IP68 v\u00e4rikamerap\u00e4\u00e4 (lis\u00e4varuste) Suora&#8230;<\/p>","protected":false},"author":4,"featured_media":4452,"parent":6352,"menu_order":0,"comment_status":"closed","ping_status":"closed","template":"tuote.php","meta":{"_acf_changed":false,"_seopress_robots_primary_cat":"","_seopress_titles_title":"","_seopress_titles_desc":"","_seopress_robots_index":"","_et_pb_use_builder":"","_et_pb_old_content":"","_et_gb_content_width":"","inline_featured_image":false,"footnotes":"","_links_to":"","_links_to_target":""},"categories":[],"tags":[],"class_list":["post-6520","page","type-page","status-publish","has-post-thumbnail","hentry"],"acf":[],"_links":{"self":[{"href":"https:\/\/aimtec.fi\/en\/wp-json\/wp\/v2\/pages\/6520","targetHints":{"allow":["GET"]}}],"collection":[{"href":"https:\/\/aimtec.fi\/en\/wp-json\/wp\/v2\/pages"}],"about":[{"href":"https:\/\/aimtec.fi\/en\/wp-json\/wp\/v2\/types\/page"}],"author":[{"embeddable":true,"href":"https:\/\/aimtec.fi\/en\/wp-json\/wp\/v2\/users\/4"}],"replies":[{"embeddable":true,"href":"https:\/\/aimtec.fi\/en\/wp-json\/wp\/v2\/comments?post=6520"}],"version-history":[{"count":2,"href":"https:\/\/aimtec.fi\/en\/wp-json\/wp\/v2\/pages\/6520\/revisions"}],"predecessor-version":[{"id":8320,"href":"https:\/\/aimtec.fi\/en\/wp-json\/wp\/v2\/pages\/6520\/revisions\/8320"}],"up":[{"embeddable":true,"href":"https:\/\/aimtec.fi\/en\/wp-json\/wp\/v2\/pages\/6352"}],"wp:featuredmedia":[{"embeddable":true,"href":"https:\/\/aimtec.fi\/en\/wp-json\/wp\/v2\/media\/4452"}],"wp:attachment":[{"href":"https:\/\/aimtec.fi\/en\/wp-json\/wp\/v2\/media?parent=6520"}],"wp:term":[{"taxonomy":"category","embeddable":true,"href":"https:\/\/aimtec.fi\/en\/wp-json\/wp\/v2\/categories?post=6520"},{"taxonomy":"post_tag","embeddable":true,"href":"https:\/\/aimtec.fi\/en\/wp-json\/wp\/v2\/tags?post=6520"}],"curies":[{"name":"wp","href":"https:\/\/api.w.org\/{rel}","templated":true}]}}