{"id":6526,"date":"2020-04-21T14:04:45","date_gmt":"2020-04-21T11:04:45","guid":{"rendered":"https:\/\/aimtec.fi\/?page_id=6526"},"modified":"2020-12-04T15:00:28","modified_gmt":"2020-12-04T13:00:28","slug":"06-wohler-vis400-tarkastuskamera-20-tai-30-m-laskukaapelikelalla","status":"publish","type":"page","link":"https:\/\/aimtec.fi\/en\/hormikamerat\/06-wohler-vis400-tarkastuskamera-20-tai-30-m-laskukaapelikelalla\/","title":{"rendered":"06 W\u00d6HLER &#8211; VIS400 tarkastuskamera 20 tai 30 m laskukaapelikelalla"},"content":{"rendered":"<div class=\"field field-name-body field-type-text-with-summary field-label-hidden\">\n<div class=\"field-items\">\n<div class=\"field-item even\">\n<p><strong>K\u00e4ytt\u00f6kohteet<\/strong>: savupiippujen ja -hormien tarkastus sek\u00e4 muut ylh\u00e4\u00e4lt\u00e4 alasp\u00e4in teht\u00e4v\u00e4t tarkastukset<\/p>\n<p><strong>Kevyt ja kompakti v\u00e4rimonitori: <\/strong><br \/>\n7&#8243; selke\u00e4 ja kirkas TFT-n\u00e4ytt\u00f6 CCS- kuvanlaadulla (Crystal Clear Screen). Monitorin paino vain 1200 g, suojakotelolla 1700 g. Toimitukseen kuuluu kantohihna monitorille, jolloin k\u00e4det j\u00e4\u00e4v\u00e4t vapaiksi ty\u00f6skentely\u00e4 varten.<\/p>\n<p><strong>\u00d8 40 mm v\u00e4rikamerap\u00e4\u00e4 (180\u00b0 \/ 360\u00b0):<br \/>\n<\/strong>Kamerap\u00e4\u00e4ss\u00e4 180<strong>\u00b0<\/strong> kallistus ja 360<strong>\u00b0<\/strong> kierto. Suojausluokitus IP67. Valonl\u00e4hteen\u00e4 on 12 valkoista LED-valoa, joiden kirkkaus s\u00e4\u00e4dett\u00e4viss\u00e4. Kamerap\u00e4\u00e4ss\u00e4 on sis\u00e4\u00e4nrakennettu l\u00e4hetin, jonka avulla se voidaan paikallistaa W\u00f6hler L 200 paikantimella (lis\u00e4varuste).<\/p>\n<p><strong>20 tai 30 metrin laskukaapelikela<br \/>\n<\/strong>Laskukaapelikelan kanssa on k\u00e4yt\u00f6ss\u00e4 VIS400 monitorin digitaalinen metrilaskuri. Laskuri n\u00e4ytt\u00e4\u00e4 kamerap\u00e4\u00e4n et\u00e4isyyden kelasta &#8211; laskurin erotuskyky 0.04 metri\u00e4. Kelassa kaapeli on paremmin k\u00e4ytt\u00e4j\u00e4n hallittavissa.\u00a0<strong><br \/>\n<\/strong><\/p>\n<p><strong>Video-, valokuva- ja \u00e4\u00e4nitystoiminnot<\/strong><\/p>\n<p><strong>Mini-USB liit\u00e4nt\u00e4 tiedonsiirtoon<\/strong><\/p>\n<p><strong>Lis\u00e4varusteet:<br \/>\n<\/strong>-W\u00f6hler L 200 paikannin helpottaa ja nopeuttaa vauriokohtien paikallistamista, Katso paikantimen tiedot <a href=\"https:\/\/aimtec.fi\/en\/tarkastuskamerat\/wohler-l-200-kamerapaan-paikannin\/\" target=\"_blank\" rel=\"noopener noreferrer\">t\u00e4\u00e4lt\u00e4<\/a><br \/>\n-lis\u00e4valo, sis. 18 kpl valkoista LEDi\u00e4. Liitet\u00e4\u00e4n kaapelin ja kamerap\u00e4\u00e4n v\u00e4liin antamaan lis\u00e4\u00e4 valotehoa pimeiden kohteiden tarkastuksiin.<br \/>\n-suojah\u00e4kit, ohjaimet, keskittimet, jatkokaapelit ym.<\/p>\n<p><strong>Peruspaketin toimitussis\u00e4lt\u00f6:<br \/>\n<\/strong>-VIS400 v\u00e4rimonitori suojakotelolla, heijastussuojalla ja kantohihnalla<br \/>\n-4 Gb SD-muistikortti<br \/>\n-\u00d8 40 mm v\u00e4rikamerap\u00e4\u00e4 (180\u00b0 \/ 360\u00b0)<br \/>\n-mini-USB-kaapeli<br \/>\n-verkkolaite<br \/>\n-kantolaukku VIS400 monitorille<br \/>\n-20 tai 30 metrin laskukaapelikela<\/p>\n<\/div>\n<\/div>\n<\/div>","protected":false},"excerpt":{"rendered":"<p>K\u00e4ytt\u00f6kohteet: savupiippujen ja -hormien tarkastus sek\u00e4 muut ylh\u00e4\u00e4lt\u00e4 alasp\u00e4in teht\u00e4v\u00e4t tarkastukset Kevyt ja kompakti v\u00e4rimonitori: 7&#8243; selke\u00e4 ja kirkas TFT-n\u00e4ytt\u00f6 CCS- kuvanlaadulla (Crystal Clear Screen). Monitorin paino vain 1200 g, suojakotelolla 1700 g. Toimitukseen kuuluu kantohihna monitorille, jolloin k\u00e4det j\u00e4\u00e4v\u00e4t vapaiksi ty\u00f6skentely\u00e4 varten. \u00d8 40 mm v\u00e4rikamerap\u00e4\u00e4 (180\u00b0 \/ 360\u00b0): Kamerap\u00e4\u00e4ss\u00e4 180\u00b0 kallistus ja 360\u00b0&#8230;<\/p>","protected":false},"author":4,"featured_media":6479,"parent":6342,"menu_order":0,"comment_status":"closed","ping_status":"closed","template":"tuote.php","meta":{"_acf_changed":false,"_seopress_robots_primary_cat":"","_seopress_titles_title":"","_seopress_titles_desc":"","_seopress_robots_index":"","_et_pb_use_builder":"","_et_pb_old_content":"","_et_gb_content_width":"","inline_featured_image":false,"footnotes":"","_links_to":"","_links_to_target":""},"categories":[],"tags":[],"class_list":["post-6526","page","type-page","status-publish","has-post-thumbnail","hentry"],"acf":[],"_links":{"self":[{"href":"https:\/\/aimtec.fi\/en\/wp-json\/wp\/v2\/pages\/6526","targetHints":{"allow":["GET"]}}],"collection":[{"href":"https:\/\/aimtec.fi\/en\/wp-json\/wp\/v2\/pages"}],"about":[{"href":"https:\/\/aimtec.fi\/en\/wp-json\/wp\/v2\/types\/page"}],"author":[{"embeddable":true,"href":"https:\/\/aimtec.fi\/en\/wp-json\/wp\/v2\/users\/4"}],"replies":[{"embeddable":true,"href":"https:\/\/aimtec.fi\/en\/wp-json\/wp\/v2\/comments?post=6526"}],"version-history":[{"count":2,"href":"https:\/\/aimtec.fi\/en\/wp-json\/wp\/v2\/pages\/6526\/revisions"}],"predecessor-version":[{"id":7998,"href":"https:\/\/aimtec.fi\/en\/wp-json\/wp\/v2\/pages\/6526\/revisions\/7998"}],"up":[{"embeddable":true,"href":"https:\/\/aimtec.fi\/en\/wp-json\/wp\/v2\/pages\/6342"}],"wp:featuredmedia":[{"embeddable":true,"href":"https:\/\/aimtec.fi\/en\/wp-json\/wp\/v2\/media\/6479"}],"wp:attachment":[{"href":"https:\/\/aimtec.fi\/en\/wp-json\/wp\/v2\/media?parent=6526"}],"wp:term":[{"taxonomy":"category","embeddable":true,"href":"https:\/\/aimtec.fi\/en\/wp-json\/wp\/v2\/categories?post=6526"},{"taxonomy":"post_tag","embeddable":true,"href":"https:\/\/aimtec.fi\/en\/wp-json\/wp\/v2\/tags?post=6526"}],"curies":[{"name":"wp","href":"https:\/\/api.w.org\/{rel}","templated":true}]}}