{"id":6831,"date":"2020-06-16T12:35:20","date_gmt":"2020-06-16T09:35:20","guid":{"rendered":"https:\/\/aimtec.fi\/?page_id=6831"},"modified":"2020-12-07T08:59:21","modified_gmt":"2020-12-07T06:59:21","slug":"comark-km14-lampomittari-mm-astianpesukoneelle-20-200c","status":"publish","type":"page","link":"https:\/\/aimtec.fi\/en\/lampotilamittarit\/comark-km14-lampomittari-mm-astianpesukoneelle-20-200c\/","title":{"rendered":"Comark KM14 puikkol\u00e4mp\u00f6mittari mm. astianpesukoneelle -20 \u2026 +200\u00b0C"},"content":{"rendered":"<p>KM14 l\u00e4mp\u00f6mittari on suunniteltu erityisesti ammattik\u00e4ytt\u00f6\u00f6n tarkoitettujen astianpesukoneiden pesujaksojen l\u00e4mp\u00f6tilojen mittaukseen. Maksimil\u00e4mp\u00f6tila \u00a0\u2013toiminnolla voidaan tarkistaa pesujakson korkein l\u00e4mp\u00f6tila.<\/p>\n<p>KM14 soveltuu my\u00f6s ruokatuotteen sis\u00e4l\u00e4mp\u00f6tilan mittaamiseen. Mittarin puikko-osa on ruostumatonta ter\u00e4st\u00e4, pituus 127 mm ja k\u00e4rki vain \u00d81.5 mm. Mittausalue on -20\u00b0C \u2026 +200\u00b0C.<\/p>\n<p>Ominaisuudet:<br \/>\n-vesitiivis \u2013 voi k\u00e4ytt\u00e4\u00e4 ammattik\u00e4ytt\u00f6\u00f6n tarkoitetuissa astianpesukoneissa<br \/>\n-k\u00e4ytt\u00e4j\u00e4n kalibroitavissa<br \/>\n-automaattinen virrankatkaisu<br \/>\n-mittaustuloksen asettaminen pitoon<br \/>\n-BioCote antimikrobinen suojaus mittarikotelossa<\/p>","protected":false},"excerpt":{"rendered":"<p>KM14 l\u00e4mp\u00f6mittari on suunniteltu erityisesti ammattik\u00e4ytt\u00f6\u00f6n tarkoitettujen astianpesukoneiden pesujaksojen l\u00e4mp\u00f6tilojen mittaukseen. Maksimil\u00e4mp\u00f6tila \u00a0\u2013toiminnolla voidaan tarkistaa pesujakson korkein l\u00e4mp\u00f6tila. KM14 soveltuu my\u00f6s ruokatuotteen sis\u00e4l\u00e4mp\u00f6tilan mittaamiseen. Mittarin puikko-osa on ruostumatonta ter\u00e4st\u00e4, pituus 127 mm ja k\u00e4rki vain \u00d81.5 mm. Mittausalue on -20\u00b0C \u2026 +200\u00b0C. Ominaisuudet: -vesitiivis \u2013 voi k\u00e4ytt\u00e4\u00e4 ammattik\u00e4ytt\u00f6\u00f6n tarkoitetuissa astianpesukoneissa -k\u00e4ytt\u00e4j\u00e4n kalibroitavissa -automaattinen virrankatkaisu -mittaustuloksen&#8230;<\/p>","protected":false},"author":4,"featured_media":6833,"parent":1328,"menu_order":0,"comment_status":"closed","ping_status":"closed","template":"tuote.php","meta":{"_acf_changed":false,"_seopress_robots_primary_cat":"","_seopress_titles_title":"","_seopress_titles_desc":"","_seopress_robots_index":"","_et_pb_use_builder":"","_et_pb_old_content":"","_et_gb_content_width":"","inline_featured_image":false,"footnotes":"","_links_to":"","_links_to_target":""},"categories":[],"tags":[],"class_list":["post-6831","page","type-page","status-publish","has-post-thumbnail","hentry"],"acf":[],"_links":{"self":[{"href":"https:\/\/aimtec.fi\/en\/wp-json\/wp\/v2\/pages\/6831","targetHints":{"allow":["GET"]}}],"collection":[{"href":"https:\/\/aimtec.fi\/en\/wp-json\/wp\/v2\/pages"}],"about":[{"href":"https:\/\/aimtec.fi\/en\/wp-json\/wp\/v2\/types\/page"}],"author":[{"embeddable":true,"href":"https:\/\/aimtec.fi\/en\/wp-json\/wp\/v2\/users\/4"}],"replies":[{"embeddable":true,"href":"https:\/\/aimtec.fi\/en\/wp-json\/wp\/v2\/comments?post=6831"}],"version-history":[{"count":7,"href":"https:\/\/aimtec.fi\/en\/wp-json\/wp\/v2\/pages\/6831\/revisions"}],"predecessor-version":[{"id":8042,"href":"https:\/\/aimtec.fi\/en\/wp-json\/wp\/v2\/pages\/6831\/revisions\/8042"}],"up":[{"embeddable":true,"href":"https:\/\/aimtec.fi\/en\/wp-json\/wp\/v2\/pages\/1328"}],"wp:featuredmedia":[{"embeddable":true,"href":"https:\/\/aimtec.fi\/en\/wp-json\/wp\/v2\/media\/6833"}],"wp:attachment":[{"href":"https:\/\/aimtec.fi\/en\/wp-json\/wp\/v2\/media?parent=6831"}],"wp:term":[{"taxonomy":"category","embeddable":true,"href":"https:\/\/aimtec.fi\/en\/wp-json\/wp\/v2\/categories?post=6831"},{"taxonomy":"post_tag","embeddable":true,"href":"https:\/\/aimtec.fi\/en\/wp-json\/wp\/v2\/tags?post=6831"}],"curies":[{"name":"wp","href":"https:\/\/api.w.org\/{rel}","templated":true}]}}