{"id":6845,"date":"2020-06-16T13:13:15","date_gmt":"2020-06-16T10:13:15","guid":{"rendered":"https:\/\/aimtec.fi\/?page_id=6845"},"modified":"2020-12-07T09:00:50","modified_gmt":"2020-12-07T07:00:50","slug":"comark-pdt300-vesitiivis-puikkolampomittari-50-150c","status":"publish","type":"page","link":"https:\/\/aimtec.fi\/en\/lampotilamittarit\/comark-pdt300-vesitiivis-puikkolampomittari-50-150c\/","title":{"rendered":"Comark PDT300 vesitiivis puikkol\u00e4mp\u00f6mittari -50 \u2026 +150\u00b0C"},"content":{"rendered":"<p>PDT300 digitaalinen puikkol\u00e4mp\u00f6mittari on tarkoitettu l\u00e4mp\u00f6tilan seurantaan erityisesti ruuanvalmistuksessa. Puikon k\u00e4rjen halkaisija on vain \u00d81.5 mm, joten vasteaika on nopea. Mittariin kuuluu suojakotelo puikolle ja taskupidike, jolloin mittaria voi s\u00e4ilytt\u00e4\u00e4 taskussa.<\/p>\n<p>Ominaisuudet:<br \/>\n-vasteaika alle 6 sekuntia<br \/>\n-automaattinen virrankatkaisu<br \/>\n-BioCote antimikrobinen suojaus mittarikotelossa<br \/>\n-mittaustuloksen asettaminen pitoon<br \/>\n-k\u00e4ytt\u00e4j\u00e4n kalibroitavissa<\/p>\n<p><em>Katso englanninkielinen esittelyvideo mittarista <a href=\"https:\/\/youtu.be\/DdDUA24MnAg\" target=\"_blank\" rel=\"noopener noreferrer\">t\u00e4\u00e4lt\u00e4<\/a>.<\/em><\/p>","protected":false},"excerpt":{"rendered":"<p>PDT300 digitaalinen puikkol\u00e4mp\u00f6mittari on tarkoitettu l\u00e4mp\u00f6tilan seurantaan erityisesti ruuanvalmistuksessa. Puikon k\u00e4rjen halkaisija on vain \u00d81.5 mm, joten vasteaika on nopea. Mittariin kuuluu suojakotelo puikolle ja taskupidike, jolloin mittaria voi s\u00e4ilytt\u00e4\u00e4 taskussa. Ominaisuudet: -vasteaika alle 6 sekuntia -automaattinen virrankatkaisu -BioCote antimikrobinen suojaus mittarikotelossa -mittaustuloksen asettaminen pitoon -k\u00e4ytt\u00e4j\u00e4n kalibroitavissa Katso englanninkielinen esittelyvideo mittarista t\u00e4\u00e4lt\u00e4.<\/p>","protected":false},"author":4,"featured_media":6847,"parent":1328,"menu_order":0,"comment_status":"closed","ping_status":"closed","template":"tuote.php","meta":{"_acf_changed":false,"_seopress_robots_primary_cat":"","_seopress_titles_title":"","_seopress_titles_desc":"","_seopress_robots_index":"","_et_pb_use_builder":"","_et_pb_old_content":"","_et_gb_content_width":"","inline_featured_image":false,"footnotes":"","_links_to":"","_links_to_target":""},"categories":[],"tags":[],"class_list":["post-6845","page","type-page","status-publish","has-post-thumbnail","hentry"],"acf":[],"_links":{"self":[{"href":"https:\/\/aimtec.fi\/en\/wp-json\/wp\/v2\/pages\/6845","targetHints":{"allow":["GET"]}}],"collection":[{"href":"https:\/\/aimtec.fi\/en\/wp-json\/wp\/v2\/pages"}],"about":[{"href":"https:\/\/aimtec.fi\/en\/wp-json\/wp\/v2\/types\/page"}],"author":[{"embeddable":true,"href":"https:\/\/aimtec.fi\/en\/wp-json\/wp\/v2\/users\/4"}],"replies":[{"embeddable":true,"href":"https:\/\/aimtec.fi\/en\/wp-json\/wp\/v2\/comments?post=6845"}],"version-history":[{"count":9,"href":"https:\/\/aimtec.fi\/en\/wp-json\/wp\/v2\/pages\/6845\/revisions"}],"predecessor-version":[{"id":8044,"href":"https:\/\/aimtec.fi\/en\/wp-json\/wp\/v2\/pages\/6845\/revisions\/8044"}],"up":[{"embeddable":true,"href":"https:\/\/aimtec.fi\/en\/wp-json\/wp\/v2\/pages\/1328"}],"wp:featuredmedia":[{"embeddable":true,"href":"https:\/\/aimtec.fi\/en\/wp-json\/wp\/v2\/media\/6847"}],"wp:attachment":[{"href":"https:\/\/aimtec.fi\/en\/wp-json\/wp\/v2\/media?parent=6845"}],"wp:term":[{"taxonomy":"category","embeddable":true,"href":"https:\/\/aimtec.fi\/en\/wp-json\/wp\/v2\/categories?post=6845"},{"taxonomy":"post_tag","embeddable":true,"href":"https:\/\/aimtec.fi\/en\/wp-json\/wp\/v2\/tags?post=6845"}],"curies":[{"name":"wp","href":"https:\/\/api.w.org\/{rel}","templated":true}]}}