{"id":6929,"date":"2020-06-23T10:07:03","date_gmt":"2020-06-23T07:07:03","guid":{"rendered":"https:\/\/aimtec.fi\/?page_id=6929"},"modified":"2020-12-07T08:57:57","modified_gmt":"2020-12-07T06:57:57","slug":"comark-300-puikkolampomittari-40-150c","status":"publish","type":"page","link":"https:\/\/aimtec.fi\/en\/lampotilamittarit\/comark-300-puikkolampomittari-40-150c\/","title":{"rendered":"Comark 300 puikkol\u00e4mp\u00f6mittari -40 &#8230; +150\u00b0C"},"content":{"rendered":"<p>Helppok\u00e4ytt\u00f6inen 300 puikkol\u00e4mp\u00f6mittari on tarkoitettu l\u00e4mp\u00f6tilamittauksiin ruuanvalmistuksessa. Puikon pituus on 127 mm ja sen k\u00e4rjen halkaisija on vain 1.5 mm, joten se sopii hienorakenteisenkin tuotteen mittaamiseen. Toimitukseen kuuluu puikon suojakotelo taskupidikkeell\u00e4.<\/p>\n<p>Ominaisuudet:<br \/>\n-mittayksik\u00f6n valinta (\u00b0C \/ \u00b0F)<br \/>\n-mittauslukeman asettaminen pitoon<br \/>\n-mittarikotelossa BioCote antimikrobinen suojaus<br \/>\n-k\u00e4ytt\u00e4j\u00e4n kalibroitavissa<\/p>","protected":false},"excerpt":{"rendered":"<p>Helppok\u00e4ytt\u00f6inen 300 puikkol\u00e4mp\u00f6mittari on tarkoitettu l\u00e4mp\u00f6tilamittauksiin ruuanvalmistuksessa. Puikon pituus on 127 mm ja sen k\u00e4rjen halkaisija on vain 1.5 mm, joten se sopii hienorakenteisenkin tuotteen mittaamiseen. Toimitukseen kuuluu puikon suojakotelo taskupidikkeell\u00e4. Ominaisuudet: -mittayksik\u00f6n valinta (\u00b0C \/ \u00b0F) -mittauslukeman asettaminen pitoon -mittarikotelossa BioCote antimikrobinen suojaus -k\u00e4ytt\u00e4j\u00e4n kalibroitavissa<\/p>","protected":false},"author":4,"featured_media":6931,"parent":1328,"menu_order":0,"comment_status":"closed","ping_status":"closed","template":"tuote.php","meta":{"_acf_changed":false,"_seopress_robots_primary_cat":"","_seopress_titles_title":"","_seopress_titles_desc":"","_seopress_robots_index":"","_et_pb_use_builder":"","_et_pb_old_content":"","_et_gb_content_width":"","inline_featured_image":false,"footnotes":"","_links_to":"","_links_to_target":""},"categories":[],"tags":[],"class_list":["post-6929","page","type-page","status-publish","has-post-thumbnail","hentry"],"acf":[],"_links":{"self":[{"href":"https:\/\/aimtec.fi\/en\/wp-json\/wp\/v2\/pages\/6929","targetHints":{"allow":["GET"]}}],"collection":[{"href":"https:\/\/aimtec.fi\/en\/wp-json\/wp\/v2\/pages"}],"about":[{"href":"https:\/\/aimtec.fi\/en\/wp-json\/wp\/v2\/types\/page"}],"author":[{"embeddable":true,"href":"https:\/\/aimtec.fi\/en\/wp-json\/wp\/v2\/users\/4"}],"replies":[{"embeddable":true,"href":"https:\/\/aimtec.fi\/en\/wp-json\/wp\/v2\/comments?post=6929"}],"version-history":[{"count":11,"href":"https:\/\/aimtec.fi\/en\/wp-json\/wp\/v2\/pages\/6929\/revisions"}],"predecessor-version":[{"id":8040,"href":"https:\/\/aimtec.fi\/en\/wp-json\/wp\/v2\/pages\/6929\/revisions\/8040"}],"up":[{"embeddable":true,"href":"https:\/\/aimtec.fi\/en\/wp-json\/wp\/v2\/pages\/1328"}],"wp:featuredmedia":[{"embeddable":true,"href":"https:\/\/aimtec.fi\/en\/wp-json\/wp\/v2\/media\/6931"}],"wp:attachment":[{"href":"https:\/\/aimtec.fi\/en\/wp-json\/wp\/v2\/media?parent=6929"}],"wp:term":[{"taxonomy":"category","embeddable":true,"href":"https:\/\/aimtec.fi\/en\/wp-json\/wp\/v2\/categories?post=6929"},{"taxonomy":"post_tag","embeddable":true,"href":"https:\/\/aimtec.fi\/en\/wp-json\/wp\/v2\/tags?post=6929"}],"curies":[{"name":"wp","href":"https:\/\/api.w.org\/{rel}","templated":true}]}}