{"id":7453,"date":"2020-10-01T17:39:48","date_gmt":"2020-10-01T14:39:48","guid":{"rendered":"https:\/\/aimtec.fi\/?page_id=7453"},"modified":"2025-10-16T15:45:39","modified_gmt":"2025-10-16T12:45:39","slug":"kane-kane458s-savukaasuanalysaattori","status":"publish","type":"page","link":"https:\/\/aimtec.fi\/en\/savukaasuanalysaattorit\/kane-kane458s-savukaasuanalysaattori\/","title":{"rendered":"KANE458s savukaasuanalysaattori"},"content":{"rendered":"<p>Helppok\u00e4ytt\u00f6inen uutuus (2020) Kanelta uusimmalla anturiteknologialla! Sopii mm. kotitalouksissa k\u00e4ytett\u00e4vien kaasu-, \u00f6ljy- ja biopolttoaineiden polttimien s\u00e4\u00e4t\u00e4miseen ja palamistehokkuuden optimointiin. Helppok\u00e4ytt\u00f6inen, py\u00f6ritett\u00e4v\u00e4 valitsin, langaton valmius vakiona, h\u00e4k\u00e4kennon suojaus ylikuormitustilanteissa. Mittaa huoneilman h\u00e4k\u00e4pitoisuuden (turvallisuus).<br \/>\nVakiotoimitus: analysaattori, paineliittimet, USB-laturi, savukaasuanturi ja kalibrointitodistus.<\/p>","protected":false},"excerpt":{"rendered":"<p>Helppok\u00e4ytt\u00f6inen uutuus (2020) Kanelta uusimmalla anturiteknologialla! Sopii mm. kotitalouksissa k\u00e4ytett\u00e4vien kaasu-, \u00f6ljy- ja biopolttoaineiden polttimien s\u00e4\u00e4t\u00e4miseen ja palamistehokkuuden optimointiin. Helppok\u00e4ytt\u00f6inen, py\u00f6ritett\u00e4v\u00e4 valitsin, langaton valmius vakiona, h\u00e4k\u00e4kennon suojaus ylikuormitustilanteissa. Mittaa huoneilman h\u00e4k\u00e4pitoisuuden (turvallisuus). Vakiotoimitus: analysaattori, paineliittimet, USB-laturi, savukaasuanturi ja kalibrointitodistus.<\/p>","protected":false},"author":7,"featured_media":7895,"parent":3082,"menu_order":0,"comment_status":"closed","ping_status":"closed","template":"tuote.php","meta":{"_acf_changed":false,"_seopress_robots_primary_cat":"","_seopress_titles_title":"","_seopress_titles_desc":"Kane 458s savukaasuanalysaattori, uutuus  uusimmalla anturiteknologialla! Sopii mm. kotitalouksissa k\u00e4ytett\u00e4vien kaasu-, \u00f6ljy- ja biopolttoaineiden polttimien s\u00e4\u00e4t\u00e4miseen ja palamistehokkuuden optimointiin.","_seopress_robots_index":"","_et_pb_use_builder":"","_et_pb_old_content":"","_et_gb_content_width":"","inline_featured_image":false,"footnotes":"","_links_to":"","_links_to_target":""},"categories":[12],"tags":[],"class_list":["post-7453","page","type-page","status-publish","has-post-thumbnail","hentry","category-tuote"],"acf":[],"_links":{"self":[{"href":"https:\/\/aimtec.fi\/en\/wp-json\/wp\/v2\/pages\/7453","targetHints":{"allow":["GET"]}}],"collection":[{"href":"https:\/\/aimtec.fi\/en\/wp-json\/wp\/v2\/pages"}],"about":[{"href":"https:\/\/aimtec.fi\/en\/wp-json\/wp\/v2\/types\/page"}],"author":[{"embeddable":true,"href":"https:\/\/aimtec.fi\/en\/wp-json\/wp\/v2\/users\/7"}],"replies":[{"embeddable":true,"href":"https:\/\/aimtec.fi\/en\/wp-json\/wp\/v2\/comments?post=7453"}],"version-history":[{"count":5,"href":"https:\/\/aimtec.fi\/en\/wp-json\/wp\/v2\/pages\/7453\/revisions"}],"predecessor-version":[{"id":18100,"href":"https:\/\/aimtec.fi\/en\/wp-json\/wp\/v2\/pages\/7453\/revisions\/18100"}],"up":[{"embeddable":true,"href":"https:\/\/aimtec.fi\/en\/wp-json\/wp\/v2\/pages\/3082"}],"wp:featuredmedia":[{"embeddable":true,"href":"https:\/\/aimtec.fi\/en\/wp-json\/wp\/v2\/media\/7895"}],"wp:attachment":[{"href":"https:\/\/aimtec.fi\/en\/wp-json\/wp\/v2\/media?parent=7453"}],"wp:term":[{"taxonomy":"category","embeddable":true,"href":"https:\/\/aimtec.fi\/en\/wp-json\/wp\/v2\/categories?post=7453"},{"taxonomy":"post_tag","embeddable":true,"href":"https:\/\/aimtec.fi\/en\/wp-json\/wp\/v2\/tags?post=7453"}],"curies":[{"name":"wp","href":"https:\/\/api.w.org\/{rel}","templated":true}]}}